{"id":8147,"date":"2022-07-15T11:57:13","date_gmt":"2022-07-15T09:57:13","guid":{"rendered":"https:\/\/gelsomilano.com\/?post_type=product&#038;p=8147"},"modified":"2022-07-20T19:35:16","modified_gmt":"2022-07-20T17:35:16","slug":"grey-fall-100-seta-eye-mask-copy","status":"publish","type":"product","link":"https:\/\/gelsomilano.com\/it\/shop\/grey-fall-100-seta-eye-mask-copy\/","title":{"rendered":"Deep Grey 100% Seta Eye Mask"},"content":{"rendered":"<p>La nostra maschera, ideale sia per i viaggi che per la casa, ti aiuter\u00e0 a ottenere un sonno pi\u00f9 profondo e rigenerante, divenendo allo stesso tempo la tua arma anti-et\u00e0 e un vero segreto di bellezza. Le nostre maschere sono imbottite con fibre di seta 100% per renderle traspiranti, ipoallergeniche, morbide e leggere.<\/p>\n","protected":false},"excerpt":{"rendered":"<p>Per darti un sonno rigenerante e indimenticabile questa maschera per dormire\u00a0<span style=\"font-weight: 400;\">\u00e8 stata realizzata in lussuosa seta 100%, ipoallergenica, 19MM<\/span>. Le nostre maschere sono imbottite con fibre di seta 100% per renderle traspiranti, ipoallergeniche, morbide e leggere. L\u2019esclusivo e accattivante design regala alla tua maschera un tocco lussuoso e indossando la tua mascherina ti sentirai una vera icona di stile.<\/p>\n<p>La nostra maschera, ideale sia per i viaggi che per la casa, ti aiuter\u00e0 a ottenere un sonno pi\u00f9 profondo e rigenerante, divenendo allo stesso tempo un vero segreto di bellezza.<\/p>\n<p>La nostra maschera per dormire \u00e8 disponibile in una lussuosa borsa di velluto per diventare un accessorio perfetto per i tuoi viaggi o un grande regalo per i tuoi cari.<\/p>\n<p>&nbsp;<\/p>\n<p>&nbsp;<\/p>\n","protected":false},"featured_media":8148,"template":"","meta":[],"product_cat":[250,252,253,375],"product_tag":[433],"acf":[],"yoast_head":"<!-- This site is optimized with the Yoast SEO plugin v19.2 - https:\/\/yoast.com\/wordpress\/plugins\/seo\/ -->\n<title>Deep Grey 100% Seta Eye Mask | Gelso Milano<\/title>\n<meta name=\"description\" content=\"La nostra maschera per dormire ti aiuter\u00e0 a ottenere un sonno pi\u00f9 profondo e rigenerante, divenendo la tua arma anti-et\u00e0 e un vero segreto di bellezza\" \/>\n<meta name=\"robots\" content=\"index, follow, max-snippet:-1, max-image-preview:large, max-video-preview:-1\" \/>\n<link rel=\"canonical\" href=\"https:\/\/gelsomilano.com\/it\/shop\/grey-fall-100-seta-eye-mask-copy\/\" \/>\n<meta property=\"og:locale\" content=\"it_IT\" \/>\n<meta property=\"og:type\" content=\"article\" \/>\n<meta property=\"og:title\" content=\"Deep Grey 100% Seta Eye Mask | Gelso Milano\" \/>\n<meta property=\"og:description\" content=\"La nostra maschera per dormire ti aiuter\u00e0 a ottenere un sonno pi\u00f9 profondo e rigenerante, divenendo la tua arma anti-et\u00e0 e un vero segreto di bellezza\" \/>\n<meta property=\"og:url\" content=\"https:\/\/gelsomilano.com\/it\/shop\/grey-fall-100-seta-eye-mask-copy\/\" \/>\n<meta property=\"og:site_name\" content=\"Gelso Milano\" \/>\n<meta property=\"article:modified_time\" content=\"2022-07-20T17:35:16+00:00\" \/>\n<meta property=\"og:image\" content=\"https:\/\/gelsomilano.com\/wp-content\/uploads\/2022\/07\/DB-9288.jpg?_t=1658338517\" \/>\n\t<meta property=\"og:image:width\" content=\"1668\" \/>\n\t<meta property=\"og:image:height\" content=\"2500\" \/>\n\t<meta property=\"og:image:type\" content=\"image\/jpeg\" \/>\n<meta name=\"author\" content=\"Gelso Milano\" \/>\n<meta name=\"twitter:card\" content=\"summary_large_image\" \/>\n<meta name=\"twitter:label1\" content=\"Tempo di lettura stimato\" \/>\n\t<meta name=\"twitter:data1\" content=\"1 minuto\" \/>\n<script type=\"application\/ld+json\" class=\"yoast-schema-graph\">{\"@context\":\"https:\/\/schema.org\",\"@graph\":[{\"@type\":\"Organization\",\"@id\":\"https:\/\/gelsomilano.com\/#organization\",\"name\":\"Gelso Milano\",\"url\":\"https:\/\/gelsomilano.com\/\",\"sameAs\":[],\"logo\":{\"@type\":\"ImageObject\",\"inLanguage\":\"it-IT\",\"@id\":\"https:\/\/gelsomilano.com\/#\/schema\/logo\/image\/\",\"url\":\"https:\/\/gelsomilano.com\/wp-content\/uploads\/2019\/02\/logo-gelso.png\",\"contentUrl\":\"https:\/\/gelsomilano.com\/wp-content\/uploads\/2019\/02\/logo-gelso.png\",\"width\":304,\"height\":155,\"caption\":\"Gelso Milano\"},\"image\":{\"@id\":\"https:\/\/gelsomilano.com\/#\/schema\/logo\/image\/\"}},{\"@type\":\"WebSite\",\"@id\":\"https:\/\/gelsomilano.com\/#website\",\"url\":\"https:\/\/gelsomilano.com\/\",\"name\":\"Gelso Milano\",\"description\":\"Discover the art of Italian artisanry, luxury of the best silk materials and unique eye catching designs with the Gelso Milano collection of the finest Italian silk pyjamas, accessories and bedding.\",\"publisher\":{\"@id\":\"https:\/\/gelsomilano.com\/#organization\"},\"potentialAction\":[{\"@type\":\"SearchAction\",\"target\":{\"@type\":\"EntryPoint\",\"urlTemplate\":\"https:\/\/gelsomilano.com\/?s={search_term_string}\"},\"query-input\":\"required name=search_term_string\"}],\"inLanguage\":\"it-IT\"},{\"@type\":\"ImageObject\",\"inLanguage\":\"it-IT\",\"@id\":\"https:\/\/gelsomilano.com\/it\/shop\/grey-fall-100-seta-eye-mask-copy\/#primaryimage\",\"url\":\"https:\/\/gelsomilano.com\/wp-content\/uploads\/2022\/07\/DB-9288.jpg\",\"contentUrl\":\"https:\/\/gelsomilano.com\/wp-content\/uploads\/2022\/07\/DB-9288.jpg\",\"width\":1668,\"height\":2500,\"caption\":\"silk eye mask\"},{\"@type\":\"WebPage\",\"@id\":\"https:\/\/gelsomilano.com\/it\/shop\/grey-fall-100-seta-eye-mask-copy\/#webpage\",\"url\":\"https:\/\/gelsomilano.com\/it\/shop\/grey-fall-100-seta-eye-mask-copy\/\",\"name\":\"Deep Grey 100% Seta Eye Mask | Gelso Milano\",\"isPartOf\":{\"@id\":\"https:\/\/gelsomilano.com\/#website\"},\"primaryImageOfPage\":{\"@id\":\"https:\/\/gelsomilano.com\/it\/shop\/grey-fall-100-seta-eye-mask-copy\/#primaryimage\"},\"datePublished\":\"2022-07-15T09:57:13+00:00\",\"dateModified\":\"2022-07-20T17:35:16+00:00\",\"description\":\"La nostra maschera per dormire ti aiuter\u00e0 a ottenere un sonno pi\u00f9 profondo e rigenerante, divenendo la tua arma anti-et\u00e0 e un vero segreto di bellezza\",\"breadcrumb\":{\"@id\":\"https:\/\/gelsomilano.com\/it\/shop\/grey-fall-100-seta-eye-mask-copy\/#breadcrumb\"},\"inLanguage\":\"it-IT\",\"potentialAction\":[{\"@type\":\"ReadAction\",\"target\":[\"https:\/\/gelsomilano.com\/it\/shop\/grey-fall-100-seta-eye-mask-copy\/\"]}]},{\"@type\":\"BreadcrumbList\",\"@id\":\"https:\/\/gelsomilano.com\/it\/shop\/grey-fall-100-seta-eye-mask-copy\/#breadcrumb\",\"itemListElement\":[{\"@type\":\"ListItem\",\"position\":1,\"name\":\"Home\",\"item\":\"https:\/\/gelsomilano.com\/it\/\"},{\"@type\":\"ListItem\",\"position\":2,\"name\":\"Negozio\",\"item\":\"https:\/\/gelsomilano.com\/it\/negozio\/\"},{\"@type\":\"ListItem\",\"position\":3,\"name\":\"Deep Grey 100% Seta Eye Mask\"}]}]}<\/script>\n<!-- \/ Yoast SEO plugin. -->","yoast_head_json":{"title":"Deep Grey 100% Seta Eye Mask | Gelso Milano","description":"La nostra maschera per dormire ti aiuter\u00e0 a ottenere un sonno pi\u00f9 profondo e rigenerante, divenendo la tua arma anti-et\u00e0 e un vero segreto di bellezza","robots":{"index":"index","follow":"follow","max-snippet":"max-snippet:-1","max-image-preview":"max-image-preview:large","max-video-preview":"max-video-preview:-1"},"canonical":"https:\/\/gelsomilano.com\/it\/shop\/grey-fall-100-seta-eye-mask-copy\/","og_locale":"it_IT","og_type":"article","og_title":"Deep Grey 100% Seta Eye Mask | Gelso Milano","og_description":"La nostra maschera per dormire ti aiuter\u00e0 a ottenere un sonno pi\u00f9 profondo e rigenerante, divenendo la tua arma anti-et\u00e0 e un vero segreto di bellezza","og_url":"https:\/\/gelsomilano.com\/it\/shop\/grey-fall-100-seta-eye-mask-copy\/","og_site_name":"Gelso Milano","article_modified_time":"2022-07-20T17:35:16+00:00","og_image":[{"width":1668,"height":2500,"url":"https:\/\/gelsomilano.com\/wp-content\/uploads\/2022\/07\/DB-9288.jpg?_t=1658338517","type":"image\/jpeg"}],"author":"Gelso Milano","twitter_card":"summary_large_image","twitter_misc":{"Tempo di lettura stimato":"1 minuto"},"schema":{"@context":"https:\/\/schema.org","@graph":[{"@type":"Organization","@id":"https:\/\/gelsomilano.com\/#organization","name":"Gelso Milano","url":"https:\/\/gelsomilano.com\/","sameAs":[],"logo":{"@type":"ImageObject","inLanguage":"it-IT","@id":"https:\/\/gelsomilano.com\/#\/schema\/logo\/image\/","url":"https:\/\/gelsomilano.com\/wp-content\/uploads\/2019\/02\/logo-gelso.png","contentUrl":"https:\/\/gelsomilano.com\/wp-content\/uploads\/2019\/02\/logo-gelso.png","width":304,"height":155,"caption":"Gelso Milano"},"image":{"@id":"https:\/\/gelsomilano.com\/#\/schema\/logo\/image\/"}},{"@type":"WebSite","@id":"https:\/\/gelsomilano.com\/#website","url":"https:\/\/gelsomilano.com\/","name":"Gelso Milano","description":"Discover the art of Italian artisanry, luxury of the best silk materials and unique eye catching designs with the Gelso Milano collection of the finest Italian silk pyjamas, accessories and bedding.","publisher":{"@id":"https:\/\/gelsomilano.com\/#organization"},"potentialAction":[{"@type":"SearchAction","target":{"@type":"EntryPoint","urlTemplate":"https:\/\/gelsomilano.com\/?s={search_term_string}"},"query-input":"required name=search_term_string"}],"inLanguage":"it-IT"},{"@type":"ImageObject","inLanguage":"it-IT","@id":"https:\/\/gelsomilano.com\/it\/shop\/grey-fall-100-seta-eye-mask-copy\/#primaryimage","url":"https:\/\/gelsomilano.com\/wp-content\/uploads\/2022\/07\/DB-9288.jpg","contentUrl":"https:\/\/gelsomilano.com\/wp-content\/uploads\/2022\/07\/DB-9288.jpg","width":1668,"height":2500,"caption":"silk eye mask"},{"@type":"WebPage","@id":"https:\/\/gelsomilano.com\/it\/shop\/grey-fall-100-seta-eye-mask-copy\/#webpage","url":"https:\/\/gelsomilano.com\/it\/shop\/grey-fall-100-seta-eye-mask-copy\/","name":"Deep Grey 100% Seta Eye Mask | Gelso Milano","isPartOf":{"@id":"https:\/\/gelsomilano.com\/#website"},"primaryImageOfPage":{"@id":"https:\/\/gelsomilano.com\/it\/shop\/grey-fall-100-seta-eye-mask-copy\/#primaryimage"},"datePublished":"2022-07-15T09:57:13+00:00","dateModified":"2022-07-20T17:35:16+00:00","description":"La nostra maschera per dormire ti aiuter\u00e0 a ottenere un sonno pi\u00f9 profondo e rigenerante, divenendo la tua arma anti-et\u00e0 e un vero segreto di bellezza","breadcrumb":{"@id":"https:\/\/gelsomilano.com\/it\/shop\/grey-fall-100-seta-eye-mask-copy\/#breadcrumb"},"inLanguage":"it-IT","potentialAction":[{"@type":"ReadAction","target":["https:\/\/gelsomilano.com\/it\/shop\/grey-fall-100-seta-eye-mask-copy\/"]}]},{"@type":"BreadcrumbList","@id":"https:\/\/gelsomilano.com\/it\/shop\/grey-fall-100-seta-eye-mask-copy\/#breadcrumb","itemListElement":[{"@type":"ListItem","position":1,"name":"Home","item":"https:\/\/gelsomilano.com\/it\/"},{"@type":"ListItem","position":2,"name":"Negozio","item":"https:\/\/gelsomilano.com\/it\/negozio\/"},{"@type":"ListItem","position":3,"name":"Deep Grey 100% Seta Eye Mask"}]}]}},"_links":{"self":[{"href":"https:\/\/gelsomilano.com\/it\/wp-json\/wp\/v2\/product\/8147"}],"collection":[{"href":"https:\/\/gelsomilano.com\/it\/wp-json\/wp\/v2\/product"}],"about":[{"href":"https:\/\/gelsomilano.com\/it\/wp-json\/wp\/v2\/types\/product"}],"wp:featuredmedia":[{"embeddable":true,"href":"https:\/\/gelsomilano.com\/it\/wp-json\/wp\/v2\/media\/8148"}],"wp:attachment":[{"href":"https:\/\/gelsomilano.com\/it\/wp-json\/wp\/v2\/media?parent=8147"}],"wp:term":[{"taxonomy":"product_cat","embeddable":true,"href":"https:\/\/gelsomilano.com\/it\/wp-json\/wp\/v2\/product_cat?post=8147"},{"taxonomy":"product_tag","embeddable":true,"href":"https:\/\/gelsomilano.com\/it\/wp-json\/wp\/v2\/product_tag?post=8147"}],"curies":[{"name":"wp","href":"https:\/\/api.w.org\/{rel}","templated":true}]}}