{"id":8049,"date":"2022-07-11T23:37:49","date_gmt":"2022-07-11T21:37:49","guid":{"rendered":"https:\/\/gelsomilano.com\/?post_type=product&#038;p=8049"},"modified":"2022-07-28T16:43:40","modified_gmt":"2022-07-28T14:43:40","slug":"grey-fall-100-seta-pillow-case","status":"publish","type":"product","link":"https:\/\/gelsomilano.com\/it\/shop\/grey-fall-100-seta-pillow-case\/","title":{"rendered":"Deep Grey 100% Seta Pillow Case"},"content":{"rendered":"<p>Evocativo e raffinato pattern dona un tocco di classe, regalando alla tua camera da letto un&#8217;atmosfera sensuale e lussuosa.<\/p>\n<p>La nostra federa \u00e8 disponibile in misura standard 50 cm x 80 cm, tuttavia puoi inviarci qualsiasi richiesta per le dimensioni e la configurazione della federa dei tuoi sogni!<\/p>\n<p>La nostra federa, ideale sia per i viaggi che per la casa, ti aiuter\u00e0 a ottenere un sonno pi\u00f9 profondo e rigenerante diventando anche la tua arma anti-et\u00e0 e un segreto di bellezza per la salute della tua pelle e dei capelli.<\/p>\n<p>&nbsp;<\/p>\n","protected":false},"excerpt":{"rendered":"<p>Per darti un sonno rigenerante e indimenticabile questa federa <span style=\"font-weight: 400;\">\u00e8 stata realizzata in lussuosa seta 100%, ipoallergenica, 19MM.<\/span> La federa si sentir\u00e0 meravigliosamente fresca e liscia contro la vostra pelle e capelli.<\/p>\n<p>La chiusura a busta assicura che il cuscino rimanga saldamente all&#8217;interno della federa per il tuo massimo comfort.<\/p>\n<p>Se hai una richiesta speciale per la tua federa di seta, non esitare a contattarci. Creiamo gioielli su misura per soddisfare ogni tuo desiderio.<\/p>\n","protected":false},"featured_media":8089,"template":"","meta":[],"product_cat":[256,252,258,375],"product_tag":[],"acf":[],"yoast_head":"<!-- This site is optimized with the Yoast SEO plugin v19.2 - https:\/\/yoast.com\/wordpress\/plugins\/seo\/ -->\n<title>Deep Grey 100% Seta Pillow Case | Gelso Milano<\/title>\n<meta name=\"robots\" content=\"index, follow, max-snippet:-1, max-image-preview:large, max-video-preview:-1\" \/>\n<link rel=\"canonical\" href=\"https:\/\/gelsomilano.com\/it\/shop\/grey-fall-100-seta-pillow-case\/\" \/>\n<meta property=\"og:locale\" content=\"it_IT\" \/>\n<meta property=\"og:type\" content=\"article\" \/>\n<meta property=\"og:title\" content=\"Deep Grey 100% Seta Pillow Case | Gelso Milano\" \/>\n<meta property=\"og:description\" content=\"Per darti un sonno rigenerante e indimenticabile questa federa \u00e8 stata realizzata in lussuosa seta 100%, ipoallergenica, 19MM. La federa si sentir\u00e0 meravigliosamente fresca e liscia contro la vostra pelle e capelli.  La chiusura a busta assicura che il cuscino rimanga saldamente all&#039;interno della federa per il tuo massimo comfort.  Se hai una richiesta speciale per la tua federa di seta, non esitare a contattarci. Creiamo gioielli su misura per soddisfare ogni tuo desiderio.\" \/>\n<meta property=\"og:url\" content=\"https:\/\/gelsomilano.com\/it\/shop\/grey-fall-100-seta-pillow-case\/\" \/>\n<meta property=\"og:site_name\" content=\"Gelso Milano\" \/>\n<meta property=\"article:modified_time\" content=\"2022-07-28T14:43:40+00:00\" \/>\n<meta property=\"og:image\" content=\"https:\/\/gelsomilano.com\/wp-content\/uploads\/2022\/07\/DB-9377square.jpg?_t=1659019420\" \/>\n\t<meta property=\"og:image:width\" content=\"1668\" \/>\n\t<meta property=\"og:image:height\" content=\"2500\" \/>\n\t<meta property=\"og:image:type\" content=\"image\/jpeg\" \/>\n<meta name=\"author\" content=\"Gelso Milano\" \/>\n<meta name=\"twitter:card\" content=\"summary_large_image\" \/>\n<meta name=\"twitter:label1\" content=\"Tempo di lettura stimato\" \/>\n\t<meta name=\"twitter:data1\" content=\"1 minuto\" \/>\n<script type=\"application\/ld+json\" class=\"yoast-schema-graph\">{\"@context\":\"https:\/\/schema.org\",\"@graph\":[{\"@type\":\"Organization\",\"@id\":\"https:\/\/gelsomilano.com\/#organization\",\"name\":\"Gelso Milano\",\"url\":\"https:\/\/gelsomilano.com\/\",\"sameAs\":[],\"logo\":{\"@type\":\"ImageObject\",\"inLanguage\":\"it-IT\",\"@id\":\"https:\/\/gelsomilano.com\/#\/schema\/logo\/image\/\",\"url\":\"https:\/\/gelsomilano.com\/wp-content\/uploads\/2019\/02\/logo-gelso.png\",\"contentUrl\":\"https:\/\/gelsomilano.com\/wp-content\/uploads\/2019\/02\/logo-gelso.png\",\"width\":304,\"height\":155,\"caption\":\"Gelso Milano\"},\"image\":{\"@id\":\"https:\/\/gelsomilano.com\/#\/schema\/logo\/image\/\"}},{\"@type\":\"WebSite\",\"@id\":\"https:\/\/gelsomilano.com\/#website\",\"url\":\"https:\/\/gelsomilano.com\/\",\"name\":\"Gelso Milano\",\"description\":\"Discover the art of Italian artisanry, luxury of the best silk materials and unique eye catching designs with the Gelso Milano collection of the finest Italian silk pyjamas, accessories and bedding.\",\"publisher\":{\"@id\":\"https:\/\/gelsomilano.com\/#organization\"},\"potentialAction\":[{\"@type\":\"SearchAction\",\"target\":{\"@type\":\"EntryPoint\",\"urlTemplate\":\"https:\/\/gelsomilano.com\/?s={search_term_string}\"},\"query-input\":\"required name=search_term_string\"}],\"inLanguage\":\"it-IT\"},{\"@type\":\"ImageObject\",\"inLanguage\":\"it-IT\",\"@id\":\"https:\/\/gelsomilano.com\/it\/shop\/grey-fall-100-seta-pillow-case\/#primaryimage\",\"url\":\"https:\/\/gelsomilano.com\/wp-content\/uploads\/2022\/07\/DB-9377square.jpg\",\"contentUrl\":\"https:\/\/gelsomilano.com\/wp-content\/uploads\/2022\/07\/DB-9377square.jpg\",\"width\":1668,\"height\":2500},{\"@type\":\"WebPage\",\"@id\":\"https:\/\/gelsomilano.com\/it\/shop\/grey-fall-100-seta-pillow-case\/#webpage\",\"url\":\"https:\/\/gelsomilano.com\/it\/shop\/grey-fall-100-seta-pillow-case\/\",\"name\":\"Deep Grey 100% Seta Pillow Case | Gelso Milano\",\"isPartOf\":{\"@id\":\"https:\/\/gelsomilano.com\/#website\"},\"primaryImageOfPage\":{\"@id\":\"https:\/\/gelsomilano.com\/it\/shop\/grey-fall-100-seta-pillow-case\/#primaryimage\"},\"datePublished\":\"2022-07-11T21:37:49+00:00\",\"dateModified\":\"2022-07-28T14:43:40+00:00\",\"breadcrumb\":{\"@id\":\"https:\/\/gelsomilano.com\/it\/shop\/grey-fall-100-seta-pillow-case\/#breadcrumb\"},\"inLanguage\":\"it-IT\",\"potentialAction\":[{\"@type\":\"ReadAction\",\"target\":[\"https:\/\/gelsomilano.com\/it\/shop\/grey-fall-100-seta-pillow-case\/\"]}]},{\"@type\":\"BreadcrumbList\",\"@id\":\"https:\/\/gelsomilano.com\/it\/shop\/grey-fall-100-seta-pillow-case\/#breadcrumb\",\"itemListElement\":[{\"@type\":\"ListItem\",\"position\":1,\"name\":\"Home\",\"item\":\"https:\/\/gelsomilano.com\/it\/\"},{\"@type\":\"ListItem\",\"position\":2,\"name\":\"Negozio\",\"item\":\"https:\/\/gelsomilano.com\/it\/negozio\/\"},{\"@type\":\"ListItem\",\"position\":3,\"name\":\"Deep Grey 100% Seta Pillow Case\"}]}]}<\/script>\n<!-- \/ Yoast SEO plugin. -->","yoast_head_json":{"title":"Deep Grey 100% Seta Pillow Case | Gelso Milano","robots":{"index":"index","follow":"follow","max-snippet":"max-snippet:-1","max-image-preview":"max-image-preview:large","max-video-preview":"max-video-preview:-1"},"canonical":"https:\/\/gelsomilano.com\/it\/shop\/grey-fall-100-seta-pillow-case\/","og_locale":"it_IT","og_type":"article","og_title":"Deep Grey 100% Seta Pillow Case | Gelso Milano","og_description":"Per darti un sonno rigenerante e indimenticabile questa federa \u00e8 stata realizzata in lussuosa seta 100%, ipoallergenica, 19MM. La federa si sentir\u00e0 meravigliosamente fresca e liscia contro la vostra pelle e capelli.  La chiusura a busta assicura che il cuscino rimanga saldamente all'interno della federa per il tuo massimo comfort.  Se hai una richiesta speciale per la tua federa di seta, non esitare a contattarci. Creiamo gioielli su misura per soddisfare ogni tuo desiderio.","og_url":"https:\/\/gelsomilano.com\/it\/shop\/grey-fall-100-seta-pillow-case\/","og_site_name":"Gelso Milano","article_modified_time":"2022-07-28T14:43:40+00:00","og_image":[{"width":1668,"height":2500,"url":"https:\/\/gelsomilano.com\/wp-content\/uploads\/2022\/07\/DB-9377square.jpg?_t=1659019420","type":"image\/jpeg"}],"author":"Gelso Milano","twitter_card":"summary_large_image","twitter_misc":{"Tempo di lettura stimato":"1 minuto"},"schema":{"@context":"https:\/\/schema.org","@graph":[{"@type":"Organization","@id":"https:\/\/gelsomilano.com\/#organization","name":"Gelso Milano","url":"https:\/\/gelsomilano.com\/","sameAs":[],"logo":{"@type":"ImageObject","inLanguage":"it-IT","@id":"https:\/\/gelsomilano.com\/#\/schema\/logo\/image\/","url":"https:\/\/gelsomilano.com\/wp-content\/uploads\/2019\/02\/logo-gelso.png","contentUrl":"https:\/\/gelsomilano.com\/wp-content\/uploads\/2019\/02\/logo-gelso.png","width":304,"height":155,"caption":"Gelso Milano"},"image":{"@id":"https:\/\/gelsomilano.com\/#\/schema\/logo\/image\/"}},{"@type":"WebSite","@id":"https:\/\/gelsomilano.com\/#website","url":"https:\/\/gelsomilano.com\/","name":"Gelso Milano","description":"Discover the art of Italian artisanry, luxury of the best silk materials and unique eye catching designs with the Gelso Milano collection of the finest Italian silk pyjamas, accessories and bedding.","publisher":{"@id":"https:\/\/gelsomilano.com\/#organization"},"potentialAction":[{"@type":"SearchAction","target":{"@type":"EntryPoint","urlTemplate":"https:\/\/gelsomilano.com\/?s={search_term_string}"},"query-input":"required name=search_term_string"}],"inLanguage":"it-IT"},{"@type":"ImageObject","inLanguage":"it-IT","@id":"https:\/\/gelsomilano.com\/it\/shop\/grey-fall-100-seta-pillow-case\/#primaryimage","url":"https:\/\/gelsomilano.com\/wp-content\/uploads\/2022\/07\/DB-9377square.jpg","contentUrl":"https:\/\/gelsomilano.com\/wp-content\/uploads\/2022\/07\/DB-9377square.jpg","width":1668,"height":2500},{"@type":"WebPage","@id":"https:\/\/gelsomilano.com\/it\/shop\/grey-fall-100-seta-pillow-case\/#webpage","url":"https:\/\/gelsomilano.com\/it\/shop\/grey-fall-100-seta-pillow-case\/","name":"Deep Grey 100% Seta Pillow Case | Gelso Milano","isPartOf":{"@id":"https:\/\/gelsomilano.com\/#website"},"primaryImageOfPage":{"@id":"https:\/\/gelsomilano.com\/it\/shop\/grey-fall-100-seta-pillow-case\/#primaryimage"},"datePublished":"2022-07-11T21:37:49+00:00","dateModified":"2022-07-28T14:43:40+00:00","breadcrumb":{"@id":"https:\/\/gelsomilano.com\/it\/shop\/grey-fall-100-seta-pillow-case\/#breadcrumb"},"inLanguage":"it-IT","potentialAction":[{"@type":"ReadAction","target":["https:\/\/gelsomilano.com\/it\/shop\/grey-fall-100-seta-pillow-case\/"]}]},{"@type":"BreadcrumbList","@id":"https:\/\/gelsomilano.com\/it\/shop\/grey-fall-100-seta-pillow-case\/#breadcrumb","itemListElement":[{"@type":"ListItem","position":1,"name":"Home","item":"https:\/\/gelsomilano.com\/it\/"},{"@type":"ListItem","position":2,"name":"Negozio","item":"https:\/\/gelsomilano.com\/it\/negozio\/"},{"@type":"ListItem","position":3,"name":"Deep Grey 100% Seta Pillow Case"}]}]}},"_links":{"self":[{"href":"https:\/\/gelsomilano.com\/it\/wp-json\/wp\/v2\/product\/8049"}],"collection":[{"href":"https:\/\/gelsomilano.com\/it\/wp-json\/wp\/v2\/product"}],"about":[{"href":"https:\/\/gelsomilano.com\/it\/wp-json\/wp\/v2\/types\/product"}],"wp:featuredmedia":[{"embeddable":true,"href":"https:\/\/gelsomilano.com\/it\/wp-json\/wp\/v2\/media\/8089"}],"wp:attachment":[{"href":"https:\/\/gelsomilano.com\/it\/wp-json\/wp\/v2\/media?parent=8049"}],"wp:term":[{"taxonomy":"product_cat","embeddable":true,"href":"https:\/\/gelsomilano.com\/it\/wp-json\/wp\/v2\/product_cat?post=8049"},{"taxonomy":"product_tag","embeddable":true,"href":"https:\/\/gelsomilano.com\/it\/wp-json\/wp\/v2\/product_tag?post=8049"}],"curies":[{"name":"wp","href":"https:\/\/api.w.org\/{rel}","templated":true}]}}