{"id":7835,"date":"2022-06-23T20:18:45","date_gmt":"2022-06-23T18:18:47","guid":{"rendered":"https:\/\/gelsomilano.com\/?post_type=product&#038;p=7835"},"modified":"2022-07-08T13:36:36","modified_gmt":"2022-07-08T11:36:36","slug":"vestito-sportivo-in-seta-stampa-california","status":"publish","type":"product","link":"https:\/\/gelsomilano.com\/it\/shop\/vestito-sportivo-in-seta-stampa-california\/","title":{"rendered":"Vestito Sportivo 100% Seta Stampa California"},"content":{"rendered":"<ul>\n<li><strong>Made in Italy<\/strong><\/li>\n<li><strong>100% seta<\/strong><\/li>\n<li><strong>Fit vestito sportivo con vestibilit\u00e0 ampia<\/strong><\/li>\n<li><strong>Scollo a V, spalla scesa, manica corta<\/strong><\/li>\n<li><strong>Orlo dritto, piping bianco a contrasto<\/strong><\/li>\n<li><strong>Tessuto leggero, non elastico<\/strong><\/li>\n<li><strong>Il vestito viene in taglia unica: lunghezza centro dietro 91 cm; Busto\/Torace 110 cm; Lunghezza manica 27cm<\/strong><\/li>\n<\/ul>\n<p>La modella \u00e8 alta 1,77 m e indossa la taglia S\/M<\/p>\n","protected":false},"excerpt":{"rendered":"<p>Questa vestito in seta si caratterizza per il suo design rilassato creato dalla convivenza di uno stile classico e sportivo. Il vestito &#8211; camice fa parte di un&#8217;esclusiva capsule collection rivolta alla generazione 3S: sofisticata, sportiva e sexy. Questi 3 pilastri sono al centro del brand Gelso Milano: sosteniamo lo sport perch\u00e9 la vita \u00e8 il movimento, essere sexy \u00e8 lo stato d&#8217;animo e la raffinatezza \u00e8 ci\u00f2 che ti rappresenta.<\/p>\n<p>Questo vestito segue il taglio sportivo in jersey ed \u00e8 realizzato artigianalmente in morbida e leggera seta 100% per conferire una silhouette raffinata e sofisticata. Inoltre, la seta come tessuto naturale termoregolante far\u00e0 respirare la tua pelle facendoti sentire pi\u00f9 fresco, il che la rende la scelta migliore per qualsiasi attivit\u00e0 sportiva.<\/p>\n<p>Il vestito \u00e8 caratterizzato da manica corta, scollo a V, chiusura frontale con bottoni e vestibilit\u00e0 ampia. Il design a righe tono su tono \u00e8 decorato con un palmo accattivante ma elegante per conferire ai boxer uno stile casual californiano.<\/p>\n<p>Il vestito \u00e8 sorprendentemente versatile; \u00e8 perfetto per praticare il tuo sport preferito o per rilassarti in un caff\u00e8 in citt\u00e0 con i tuoi amici durante un brunch domenicale.<\/p>\n","protected":false},"featured_media":7840,"template":"","meta":[],"product_cat":[285,375],"product_tag":[],"acf":[],"yoast_head":"<!-- This site is optimized with the Yoast SEO plugin v19.2 - https:\/\/yoast.com\/wordpress\/plugins\/seo\/ -->\n<title>Vestito Sportivo 100% Seta Stampa California | Gelso Milano<\/title>\n<meta name=\"description\" content=\"Il vestito sportivo in seta \u00e8 caratterizzato da manica corta, scollo a V, chiusura frontale con bottoni, vestibilit\u00e0 ampia e un motivo a palma californiano.\" \/>\n<meta name=\"robots\" content=\"index, follow, max-snippet:-1, max-image-preview:large, max-video-preview:-1\" \/>\n<link rel=\"canonical\" href=\"https:\/\/gelsomilano.com\/it\/shop\/vestito-sportivo-in-seta-stampa-california\/\" \/>\n<meta property=\"og:locale\" content=\"it_IT\" \/>\n<meta property=\"og:type\" content=\"article\" \/>\n<meta property=\"og:title\" content=\"Vestito Sportivo 100% Seta Stampa California | Gelso Milano\" \/>\n<meta property=\"og:description\" content=\"Il vestito sportivo in seta \u00e8 caratterizzato da manica corta, scollo a V, chiusura frontale con bottoni, vestibilit\u00e0 ampia e un motivo a palma californiano.\" \/>\n<meta property=\"og:url\" content=\"https:\/\/gelsomilano.com\/it\/shop\/vestito-sportivo-in-seta-stampa-california\/\" \/>\n<meta property=\"og:site_name\" content=\"Gelso Milano\" \/>\n<meta property=\"article:modified_time\" content=\"2022-07-08T11:36:36+00:00\" \/>\n<meta property=\"og:image\" content=\"https:\/\/gelsomilano.com\/wp-content\/uploads\/2022\/06\/DB-8339.jpg?_t=1657280197\" \/>\n\t<meta property=\"og:image:width\" content=\"1668\" \/>\n\t<meta property=\"og:image:height\" content=\"2502\" \/>\n\t<meta property=\"og:image:type\" content=\"image\/jpeg\" \/>\n<meta name=\"author\" content=\"Gelso Milano\" \/>\n<meta name=\"twitter:card\" content=\"summary_large_image\" \/>\n<meta name=\"twitter:label1\" content=\"Tempo di lettura stimato\" \/>\n\t<meta name=\"twitter:data1\" content=\"1 minuto\" \/>\n<script type=\"application\/ld+json\" class=\"yoast-schema-graph\">{\"@context\":\"https:\/\/schema.org\",\"@graph\":[{\"@type\":\"Organization\",\"@id\":\"https:\/\/gelsomilano.com\/#organization\",\"name\":\"Gelso Milano\",\"url\":\"https:\/\/gelsomilano.com\/\",\"sameAs\":[],\"logo\":{\"@type\":\"ImageObject\",\"inLanguage\":\"it-IT\",\"@id\":\"https:\/\/gelsomilano.com\/#\/schema\/logo\/image\/\",\"url\":\"https:\/\/gelsomilano.com\/wp-content\/uploads\/2019\/02\/logo-gelso.png\",\"contentUrl\":\"https:\/\/gelsomilano.com\/wp-content\/uploads\/2019\/02\/logo-gelso.png\",\"width\":304,\"height\":155,\"caption\":\"Gelso Milano\"},\"image\":{\"@id\":\"https:\/\/gelsomilano.com\/#\/schema\/logo\/image\/\"}},{\"@type\":\"WebSite\",\"@id\":\"https:\/\/gelsomilano.com\/#website\",\"url\":\"https:\/\/gelsomilano.com\/\",\"name\":\"Gelso Milano\",\"description\":\"Discover the art of Italian artisanry, luxury of the best silk materials and unique eye catching designs with the Gelso Milano collection of the finest Italian silk pyjamas, accessories and bedding.\",\"publisher\":{\"@id\":\"https:\/\/gelsomilano.com\/#organization\"},\"potentialAction\":[{\"@type\":\"SearchAction\",\"target\":{\"@type\":\"EntryPoint\",\"urlTemplate\":\"https:\/\/gelsomilano.com\/?s={search_term_string}\"},\"query-input\":\"required name=search_term_string\"}],\"inLanguage\":\"it-IT\"},{\"@type\":\"ImageObject\",\"inLanguage\":\"it-IT\",\"@id\":\"https:\/\/gelsomilano.com\/it\/shop\/vestito-sportivo-in-seta-stampa-california\/#primaryimage\",\"url\":\"https:\/\/gelsomilano.com\/wp-content\/uploads\/2022\/06\/DB-8339.jpg\",\"contentUrl\":\"https:\/\/gelsomilano.com\/wp-content\/uploads\/2022\/06\/DB-8339.jpg\",\"width\":1668,\"height\":2502,\"caption\":\"silk sport dress\"},{\"@type\":\"WebPage\",\"@id\":\"https:\/\/gelsomilano.com\/it\/shop\/vestito-sportivo-in-seta-stampa-california\/#webpage\",\"url\":\"https:\/\/gelsomilano.com\/it\/shop\/vestito-sportivo-in-seta-stampa-california\/\",\"name\":\"Vestito Sportivo 100% Seta Stampa California | Gelso Milano\",\"isPartOf\":{\"@id\":\"https:\/\/gelsomilano.com\/#website\"},\"primaryImageOfPage\":{\"@id\":\"https:\/\/gelsomilano.com\/it\/shop\/vestito-sportivo-in-seta-stampa-california\/#primaryimage\"},\"datePublished\":\"2022-06-23T18:18:47+00:00\",\"dateModified\":\"2022-07-08T11:36:36+00:00\",\"description\":\"Il vestito sportivo in seta \u00e8 caratterizzato da manica corta, scollo a V, chiusura frontale con bottoni, vestibilit\u00e0 ampia e un motivo a palma californiano.\",\"breadcrumb\":{\"@id\":\"https:\/\/gelsomilano.com\/it\/shop\/vestito-sportivo-in-seta-stampa-california\/#breadcrumb\"},\"inLanguage\":\"it-IT\",\"potentialAction\":[{\"@type\":\"ReadAction\",\"target\":[\"https:\/\/gelsomilano.com\/it\/shop\/vestito-sportivo-in-seta-stampa-california\/\"]}]},{\"@type\":\"BreadcrumbList\",\"@id\":\"https:\/\/gelsomilano.com\/it\/shop\/vestito-sportivo-in-seta-stampa-california\/#breadcrumb\",\"itemListElement\":[{\"@type\":\"ListItem\",\"position\":1,\"name\":\"Home\",\"item\":\"https:\/\/gelsomilano.com\/it\/\"},{\"@type\":\"ListItem\",\"position\":2,\"name\":\"Negozio\",\"item\":\"https:\/\/gelsomilano.com\/it\/negozio\/\"},{\"@type\":\"ListItem\",\"position\":3,\"name\":\"Vestito Sportivo 100% Seta Stampa California\"}]}]}<\/script>\n<!-- \/ Yoast SEO plugin. -->","yoast_head_json":{"title":"Vestito Sportivo 100% Seta Stampa California | Gelso Milano","description":"Il vestito sportivo in seta \u00e8 caratterizzato da manica corta, scollo a V, chiusura frontale con bottoni, vestibilit\u00e0 ampia e un motivo a palma californiano.","robots":{"index":"index","follow":"follow","max-snippet":"max-snippet:-1","max-image-preview":"max-image-preview:large","max-video-preview":"max-video-preview:-1"},"canonical":"https:\/\/gelsomilano.com\/it\/shop\/vestito-sportivo-in-seta-stampa-california\/","og_locale":"it_IT","og_type":"article","og_title":"Vestito Sportivo 100% Seta Stampa California | Gelso Milano","og_description":"Il vestito sportivo in seta \u00e8 caratterizzato da manica corta, scollo a V, chiusura frontale con bottoni, vestibilit\u00e0 ampia e un motivo a palma californiano.","og_url":"https:\/\/gelsomilano.com\/it\/shop\/vestito-sportivo-in-seta-stampa-california\/","og_site_name":"Gelso Milano","article_modified_time":"2022-07-08T11:36:36+00:00","og_image":[{"width":1668,"height":2502,"url":"https:\/\/gelsomilano.com\/wp-content\/uploads\/2022\/06\/DB-8339.jpg?_t=1657280197","type":"image\/jpeg"}],"author":"Gelso Milano","twitter_card":"summary_large_image","twitter_misc":{"Tempo di lettura stimato":"1 minuto"},"schema":{"@context":"https:\/\/schema.org","@graph":[{"@type":"Organization","@id":"https:\/\/gelsomilano.com\/#organization","name":"Gelso Milano","url":"https:\/\/gelsomilano.com\/","sameAs":[],"logo":{"@type":"ImageObject","inLanguage":"it-IT","@id":"https:\/\/gelsomilano.com\/#\/schema\/logo\/image\/","url":"https:\/\/gelsomilano.com\/wp-content\/uploads\/2019\/02\/logo-gelso.png","contentUrl":"https:\/\/gelsomilano.com\/wp-content\/uploads\/2019\/02\/logo-gelso.png","width":304,"height":155,"caption":"Gelso Milano"},"image":{"@id":"https:\/\/gelsomilano.com\/#\/schema\/logo\/image\/"}},{"@type":"WebSite","@id":"https:\/\/gelsomilano.com\/#website","url":"https:\/\/gelsomilano.com\/","name":"Gelso Milano","description":"Discover the art of Italian artisanry, luxury of the best silk materials and unique eye catching designs with the Gelso Milano collection of the finest Italian silk pyjamas, accessories and bedding.","publisher":{"@id":"https:\/\/gelsomilano.com\/#organization"},"potentialAction":[{"@type":"SearchAction","target":{"@type":"EntryPoint","urlTemplate":"https:\/\/gelsomilano.com\/?s={search_term_string}"},"query-input":"required name=search_term_string"}],"inLanguage":"it-IT"},{"@type":"ImageObject","inLanguage":"it-IT","@id":"https:\/\/gelsomilano.com\/it\/shop\/vestito-sportivo-in-seta-stampa-california\/#primaryimage","url":"https:\/\/gelsomilano.com\/wp-content\/uploads\/2022\/06\/DB-8339.jpg","contentUrl":"https:\/\/gelsomilano.com\/wp-content\/uploads\/2022\/06\/DB-8339.jpg","width":1668,"height":2502,"caption":"silk sport dress"},{"@type":"WebPage","@id":"https:\/\/gelsomilano.com\/it\/shop\/vestito-sportivo-in-seta-stampa-california\/#webpage","url":"https:\/\/gelsomilano.com\/it\/shop\/vestito-sportivo-in-seta-stampa-california\/","name":"Vestito Sportivo 100% Seta Stampa California | Gelso Milano","isPartOf":{"@id":"https:\/\/gelsomilano.com\/#website"},"primaryImageOfPage":{"@id":"https:\/\/gelsomilano.com\/it\/shop\/vestito-sportivo-in-seta-stampa-california\/#primaryimage"},"datePublished":"2022-06-23T18:18:47+00:00","dateModified":"2022-07-08T11:36:36+00:00","description":"Il vestito sportivo in seta \u00e8 caratterizzato da manica corta, scollo a V, chiusura frontale con bottoni, vestibilit\u00e0 ampia e un motivo a palma californiano.","breadcrumb":{"@id":"https:\/\/gelsomilano.com\/it\/shop\/vestito-sportivo-in-seta-stampa-california\/#breadcrumb"},"inLanguage":"it-IT","potentialAction":[{"@type":"ReadAction","target":["https:\/\/gelsomilano.com\/it\/shop\/vestito-sportivo-in-seta-stampa-california\/"]}]},{"@type":"BreadcrumbList","@id":"https:\/\/gelsomilano.com\/it\/shop\/vestito-sportivo-in-seta-stampa-california\/#breadcrumb","itemListElement":[{"@type":"ListItem","position":1,"name":"Home","item":"https:\/\/gelsomilano.com\/it\/"},{"@type":"ListItem","position":2,"name":"Negozio","item":"https:\/\/gelsomilano.com\/it\/negozio\/"},{"@type":"ListItem","position":3,"name":"Vestito Sportivo 100% Seta Stampa California"}]}]}},"_links":{"self":[{"href":"https:\/\/gelsomilano.com\/it\/wp-json\/wp\/v2\/product\/7835"}],"collection":[{"href":"https:\/\/gelsomilano.com\/it\/wp-json\/wp\/v2\/product"}],"about":[{"href":"https:\/\/gelsomilano.com\/it\/wp-json\/wp\/v2\/types\/product"}],"wp:featuredmedia":[{"embeddable":true,"href":"https:\/\/gelsomilano.com\/it\/wp-json\/wp\/v2\/media\/7840"}],"wp:attachment":[{"href":"https:\/\/gelsomilano.com\/it\/wp-json\/wp\/v2\/media?parent=7835"}],"wp:term":[{"taxonomy":"product_cat","embeddable":true,"href":"https:\/\/gelsomilano.com\/it\/wp-json\/wp\/v2\/product_cat?post=7835"},{"taxonomy":"product_tag","embeddable":true,"href":"https:\/\/gelsomilano.com\/it\/wp-json\/wp\/v2\/product_tag?post=7835"}],"curies":[{"name":"wp","href":"https:\/\/api.w.org\/{rel}","templated":true}]}}