{"id":7822,"date":"2022-06-23T19:44:41","date_gmt":"2022-06-23T17:44:44","guid":{"rendered":"https:\/\/gelsomilano.com\/?post_type=product&#038;p=7822"},"modified":"2022-07-08T13:32:33","modified_gmt":"2022-07-08T11:32:33","slug":"camicia-sportiva-in-seta-stampa-california","status":"publish","type":"product","link":"https:\/\/gelsomilano.com\/it\/shop\/camicia-sportiva-in-seta-stampa-california\/","title":{"rendered":"Camicia Sportiva 100% Seta Stampa California"},"content":{"rendered":"<ul>\n<li><strong>Made in Italy<\/strong><\/li>\n<li><strong>100% seta<\/strong><\/li>\n<li><strong>Fit camicia sportiva con vestibilit\u00e0 ampia<\/strong><\/li>\n<li><strong>Scollo a V, spalla scesa, manica corta<\/strong><\/li>\n<li><strong>Orlo dritto, piping bianco a contrasto<\/strong><\/li>\n<li><strong>Prendi la taglia successiva se desideri ottenere una vestibilit\u00e0 pi\u00f9 ampia<\/strong><\/li>\n<li><strong>Tessuto leggero, non elastico<\/strong><\/li>\n<li><strong>Taglia S\/M: lunghezza centro dietro 76 cm; Busto\/Torace 114 cm; Lunghezza manica 27cm<\/strong><\/li>\n<\/ul>\n<p>Il modello \u00e8 alto 1,85 m e indossa la taglia S\/M<\/p>\n<p>Misure modello:<\/p>\n<table>\n<tbody>\n<tr>\n<td>Altezza<\/td>\n<td>1,85 m<\/td>\n<\/tr>\n<tr>\n<td>Busto\/Petto<\/td>\n<td>98 cm<\/td>\n<\/tr>\n<tr>\n<td>Fianchi<\/td>\n<td>96 cm<\/td>\n<\/tr>\n<tr>\n<td>Vita<\/td>\n<td>83 cm<\/td>\n<\/tr>\n<\/tbody>\n<\/table>\n","protected":false},"excerpt":{"rendered":"<p>Questa camicia in seta si caratterizza per il suo design rilassato creato dalla convivenza di uno stile classico e sportivo. La maglia fa parte di un&#8217;esclusiva capsule collection rivolta alla generazione 3S: sofisticata, sportiva e sexy. Questi 3 pilastri sono al centro del brand Gelso Milano: sosteniamo lo sport perch\u00e9 la vita \u00e8 il movimento, essere sexy \u00e8 lo stato d&#8217;animo e la raffinatezza \u00e8 ci\u00f2 che ti rappresenta. Questa maglia segue il taglio sportivo in jersey ed \u00e8 realizzata artigianalmente in morbida e leggera seta 100% per conferire una silhouette raffinata e sofisticata. Inoltre, la seta come tessuto naturale termoregolante far\u00e0 respirare la tua pelle facendoti sentire pi\u00f9 fresco, il che la rende la scelta migliore per qualsiasi attivit\u00e0 sportiva.<\/p>\n<p>La camicia \u00e8 caratterizzata da manica corta, scollo a V, chiusura frontale con bottoni e vestibilit\u00e0 ampia. Un classico tono blu navy \u00e8 in contrasto con un motivo a palma californiano per un look audace.<\/p>\n<p>Questa camicia in seta Gelso Milano \u00e8 stata realizzata a mano da un team di esperti artigiani nel nostro atelier nel sud Italia, famoso per la sua forte tradizione di sapiente lavorazione artigianale.<\/p>\n<p>La camicia \u00e8 sorprendentemente versatile; \u00e8 perfetta per praticare il tuo sport preferito o per rilassarti in un caff\u00e8 in citt\u00e0 con i tuoi amici durante un brunch domenicale.<\/p>\n","protected":false},"featured_media":7829,"template":"","meta":[],"product_cat":[373,375],"product_tag":[],"acf":[],"yoast_head":"<!-- This site is optimized with the Yoast SEO plugin v19.2 - https:\/\/yoast.com\/wordpress\/plugins\/seo\/ -->\n<title>Camicia Sportiva 100% Seta Stampa California | Gelso Milano<\/title>\n<meta name=\"description\" content=\"La camicia sportiva in seta \u00e8 caratterizzata da manica corta, scollo a V, chiusura frontale con bottoni, vestibilit\u00e0 ampia e un motivo a palma californiano.\" \/>\n<meta name=\"robots\" content=\"index, follow, max-snippet:-1, max-image-preview:large, max-video-preview:-1\" \/>\n<link rel=\"canonical\" href=\"https:\/\/gelsomilano.com\/it\/shop\/camicia-sportiva-in-seta-stampa-california\/\" \/>\n<meta property=\"og:locale\" content=\"it_IT\" \/>\n<meta property=\"og:type\" content=\"article\" \/>\n<meta property=\"og:title\" content=\"Camicia Sportiva 100% Seta Stampa California | Gelso Milano\" \/>\n<meta property=\"og:description\" content=\"La camicia sportiva in seta \u00e8 caratterizzata da manica corta, scollo a V, chiusura frontale con bottoni, vestibilit\u00e0 ampia e un motivo a palma californiano.\" \/>\n<meta property=\"og:url\" content=\"https:\/\/gelsomilano.com\/it\/shop\/camicia-sportiva-in-seta-stampa-california\/\" \/>\n<meta property=\"og:site_name\" content=\"Gelso Milano\" \/>\n<meta property=\"article:modified_time\" content=\"2022-07-08T11:32:33+00:00\" \/>\n<meta property=\"og:image\" content=\"https:\/\/gelsomilano.com\/wp-content\/uploads\/2022\/06\/DB-8166-683x1024.jpg\" \/>\n\t<meta property=\"og:image:width\" content=\"683\" \/>\n\t<meta property=\"og:image:height\" content=\"1024\" \/>\n\t<meta property=\"og:image:type\" content=\"image\/jpeg\" \/>\n<meta name=\"author\" content=\"Gelso Milano\" \/>\n<meta name=\"twitter:card\" content=\"summary_large_image\" \/>\n<meta name=\"twitter:label1\" content=\"Tempo di lettura stimato\" \/>\n\t<meta name=\"twitter:data1\" content=\"1 minuto\" \/>\n<script type=\"application\/ld+json\" class=\"yoast-schema-graph\">{\"@context\":\"https:\/\/schema.org\",\"@graph\":[{\"@type\":\"Organization\",\"@id\":\"https:\/\/gelsomilano.com\/#organization\",\"name\":\"Gelso Milano\",\"url\":\"https:\/\/gelsomilano.com\/\",\"sameAs\":[],\"logo\":{\"@type\":\"ImageObject\",\"inLanguage\":\"it-IT\",\"@id\":\"https:\/\/gelsomilano.com\/#\/schema\/logo\/image\/\",\"url\":\"https:\/\/gelsomilano.com\/wp-content\/uploads\/2019\/02\/logo-gelso.png\",\"contentUrl\":\"https:\/\/gelsomilano.com\/wp-content\/uploads\/2019\/02\/logo-gelso.png\",\"width\":304,\"height\":155,\"caption\":\"Gelso Milano\"},\"image\":{\"@id\":\"https:\/\/gelsomilano.com\/#\/schema\/logo\/image\/\"}},{\"@type\":\"WebSite\",\"@id\":\"https:\/\/gelsomilano.com\/#website\",\"url\":\"https:\/\/gelsomilano.com\/\",\"name\":\"Gelso Milano\",\"description\":\"Discover the art of Italian artisanry, luxury of the best silk materials and unique eye catching designs with the Gelso Milano collection of the finest Italian silk pyjamas, accessories and bedding.\",\"publisher\":{\"@id\":\"https:\/\/gelsomilano.com\/#organization\"},\"potentialAction\":[{\"@type\":\"SearchAction\",\"target\":{\"@type\":\"EntryPoint\",\"urlTemplate\":\"https:\/\/gelsomilano.com\/?s={search_term_string}\"},\"query-input\":\"required name=search_term_string\"}],\"inLanguage\":\"it-IT\"},{\"@type\":\"ImageObject\",\"inLanguage\":\"it-IT\",\"@id\":\"https:\/\/gelsomilano.com\/it\/shop\/camicia-sportiva-in-seta-stampa-california\/#primaryimage\",\"url\":\"https:\/\/gelsomilano.com\/wp-content\/uploads\/2022\/06\/DB-8166.jpg\",\"contentUrl\":\"https:\/\/gelsomilano.com\/wp-content\/uploads\/2022\/06\/DB-8166.jpg\",\"width\":1668,\"height\":2502,\"caption\":\"sport silk shirt, camicia sportiva in seta\"},{\"@type\":\"WebPage\",\"@id\":\"https:\/\/gelsomilano.com\/it\/shop\/camicia-sportiva-in-seta-stampa-california\/#webpage\",\"url\":\"https:\/\/gelsomilano.com\/it\/shop\/camicia-sportiva-in-seta-stampa-california\/\",\"name\":\"Camicia Sportiva 100% Seta Stampa California | Gelso Milano\",\"isPartOf\":{\"@id\":\"https:\/\/gelsomilano.com\/#website\"},\"primaryImageOfPage\":{\"@id\":\"https:\/\/gelsomilano.com\/it\/shop\/camicia-sportiva-in-seta-stampa-california\/#primaryimage\"},\"datePublished\":\"2022-06-23T17:44:44+00:00\",\"dateModified\":\"2022-07-08T11:32:33+00:00\",\"description\":\"La camicia sportiva in seta \u00e8 caratterizzata da manica corta, scollo a V, chiusura frontale con bottoni, vestibilit\u00e0 ampia e un motivo a palma californiano.\",\"breadcrumb\":{\"@id\":\"https:\/\/gelsomilano.com\/it\/shop\/camicia-sportiva-in-seta-stampa-california\/#breadcrumb\"},\"inLanguage\":\"it-IT\",\"potentialAction\":[{\"@type\":\"ReadAction\",\"target\":[\"https:\/\/gelsomilano.com\/it\/shop\/camicia-sportiva-in-seta-stampa-california\/\"]}]},{\"@type\":\"BreadcrumbList\",\"@id\":\"https:\/\/gelsomilano.com\/it\/shop\/camicia-sportiva-in-seta-stampa-california\/#breadcrumb\",\"itemListElement\":[{\"@type\":\"ListItem\",\"position\":1,\"name\":\"Home\",\"item\":\"https:\/\/gelsomilano.com\/it\/\"},{\"@type\":\"ListItem\",\"position\":2,\"name\":\"Negozio\",\"item\":\"https:\/\/gelsomilano.com\/it\/negozio\/\"},{\"@type\":\"ListItem\",\"position\":3,\"name\":\"Camicia Sportiva 100% Seta Stampa California\"}]}]}<\/script>\n<!-- \/ Yoast SEO plugin. -->","yoast_head_json":{"title":"Camicia Sportiva 100% Seta Stampa California | Gelso Milano","description":"La camicia sportiva in seta \u00e8 caratterizzata da manica corta, scollo a V, chiusura frontale con bottoni, vestibilit\u00e0 ampia e un motivo a palma californiano.","robots":{"index":"index","follow":"follow","max-snippet":"max-snippet:-1","max-image-preview":"max-image-preview:large","max-video-preview":"max-video-preview:-1"},"canonical":"https:\/\/gelsomilano.com\/it\/shop\/camicia-sportiva-in-seta-stampa-california\/","og_locale":"it_IT","og_type":"article","og_title":"Camicia Sportiva 100% Seta Stampa California | Gelso Milano","og_description":"La camicia sportiva in seta \u00e8 caratterizzata da manica corta, scollo a V, chiusura frontale con bottoni, vestibilit\u00e0 ampia e un motivo a palma californiano.","og_url":"https:\/\/gelsomilano.com\/it\/shop\/camicia-sportiva-in-seta-stampa-california\/","og_site_name":"Gelso Milano","article_modified_time":"2022-07-08T11:32:33+00:00","og_image":[{"width":683,"height":1024,"url":"https:\/\/gelsomilano.com\/wp-content\/uploads\/2022\/06\/DB-8166-683x1024.jpg","type":"image\/jpeg"}],"author":"Gelso Milano","twitter_card":"summary_large_image","twitter_misc":{"Tempo di lettura stimato":"1 minuto"},"schema":{"@context":"https:\/\/schema.org","@graph":[{"@type":"Organization","@id":"https:\/\/gelsomilano.com\/#organization","name":"Gelso Milano","url":"https:\/\/gelsomilano.com\/","sameAs":[],"logo":{"@type":"ImageObject","inLanguage":"it-IT","@id":"https:\/\/gelsomilano.com\/#\/schema\/logo\/image\/","url":"https:\/\/gelsomilano.com\/wp-content\/uploads\/2019\/02\/logo-gelso.png","contentUrl":"https:\/\/gelsomilano.com\/wp-content\/uploads\/2019\/02\/logo-gelso.png","width":304,"height":155,"caption":"Gelso Milano"},"image":{"@id":"https:\/\/gelsomilano.com\/#\/schema\/logo\/image\/"}},{"@type":"WebSite","@id":"https:\/\/gelsomilano.com\/#website","url":"https:\/\/gelsomilano.com\/","name":"Gelso Milano","description":"Discover the art of Italian artisanry, luxury of the best silk materials and unique eye catching designs with the Gelso Milano collection of the finest Italian silk pyjamas, accessories and bedding.","publisher":{"@id":"https:\/\/gelsomilano.com\/#organization"},"potentialAction":[{"@type":"SearchAction","target":{"@type":"EntryPoint","urlTemplate":"https:\/\/gelsomilano.com\/?s={search_term_string}"},"query-input":"required name=search_term_string"}],"inLanguage":"it-IT"},{"@type":"ImageObject","inLanguage":"it-IT","@id":"https:\/\/gelsomilano.com\/it\/shop\/camicia-sportiva-in-seta-stampa-california\/#primaryimage","url":"https:\/\/gelsomilano.com\/wp-content\/uploads\/2022\/06\/DB-8166.jpg","contentUrl":"https:\/\/gelsomilano.com\/wp-content\/uploads\/2022\/06\/DB-8166.jpg","width":1668,"height":2502,"caption":"sport silk shirt, camicia sportiva in seta"},{"@type":"WebPage","@id":"https:\/\/gelsomilano.com\/it\/shop\/camicia-sportiva-in-seta-stampa-california\/#webpage","url":"https:\/\/gelsomilano.com\/it\/shop\/camicia-sportiva-in-seta-stampa-california\/","name":"Camicia Sportiva 100% Seta Stampa California | Gelso Milano","isPartOf":{"@id":"https:\/\/gelsomilano.com\/#website"},"primaryImageOfPage":{"@id":"https:\/\/gelsomilano.com\/it\/shop\/camicia-sportiva-in-seta-stampa-california\/#primaryimage"},"datePublished":"2022-06-23T17:44:44+00:00","dateModified":"2022-07-08T11:32:33+00:00","description":"La camicia sportiva in seta \u00e8 caratterizzata da manica corta, scollo a V, chiusura frontale con bottoni, vestibilit\u00e0 ampia e un motivo a palma californiano.","breadcrumb":{"@id":"https:\/\/gelsomilano.com\/it\/shop\/camicia-sportiva-in-seta-stampa-california\/#breadcrumb"},"inLanguage":"it-IT","potentialAction":[{"@type":"ReadAction","target":["https:\/\/gelsomilano.com\/it\/shop\/camicia-sportiva-in-seta-stampa-california\/"]}]},{"@type":"BreadcrumbList","@id":"https:\/\/gelsomilano.com\/it\/shop\/camicia-sportiva-in-seta-stampa-california\/#breadcrumb","itemListElement":[{"@type":"ListItem","position":1,"name":"Home","item":"https:\/\/gelsomilano.com\/it\/"},{"@type":"ListItem","position":2,"name":"Negozio","item":"https:\/\/gelsomilano.com\/it\/negozio\/"},{"@type":"ListItem","position":3,"name":"Camicia Sportiva 100% Seta Stampa California"}]}]}},"_links":{"self":[{"href":"https:\/\/gelsomilano.com\/it\/wp-json\/wp\/v2\/product\/7822"}],"collection":[{"href":"https:\/\/gelsomilano.com\/it\/wp-json\/wp\/v2\/product"}],"about":[{"href":"https:\/\/gelsomilano.com\/it\/wp-json\/wp\/v2\/types\/product"}],"wp:featuredmedia":[{"embeddable":true,"href":"https:\/\/gelsomilano.com\/it\/wp-json\/wp\/v2\/media\/7829"}],"wp:attachment":[{"href":"https:\/\/gelsomilano.com\/it\/wp-json\/wp\/v2\/media?parent=7822"}],"wp:term":[{"taxonomy":"product_cat","embeddable":true,"href":"https:\/\/gelsomilano.com\/it\/wp-json\/wp\/v2\/product_cat?post=7822"},{"taxonomy":"product_tag","embeddable":true,"href":"https:\/\/gelsomilano.com\/it\/wp-json\/wp\/v2\/product_tag?post=7822"}],"curies":[{"name":"wp","href":"https:\/\/api.w.org\/{rel}","templated":true}]}}