{"id":7803,"date":"2022-06-23T19:35:11","date_gmt":"2022-06-23T17:35:08","guid":{"rendered":"https:\/\/gelsomilano.com\/?post_type=product&#038;p=7803"},"modified":"2022-07-08T13:30:32","modified_gmt":"2022-07-08T11:30:32","slug":"camicia-di-seta-verde-ipnotica","status":"publish","type":"product","link":"https:\/\/gelsomilano.com\/it\/shop\/camicia-di-seta-verde-ipnotica\/","title":{"rendered":"Camicia Verde Ipnotica 100% Seta"},"content":{"rendered":"<ul>\n<li><strong>Made in Italy<\/strong><\/li>\n<li><strong>100% seta<\/strong><\/li>\n<li><strong>colletto classico, chiusura frontale con bottoni, maniche lunghe<\/strong><\/li>\n<li><strong>orlo curvo<\/strong><\/li>\n<li><strong>Tessuto leggero, non elastico<\/strong><\/li>\n<li><strong>Questo articolo potrebbe vestire in piccolo, ti consigliamo di scegliere una taglia pi\u00f9 grande<\/strong><\/li>\n<li><strong>Taglia S: lunghezza centro dietro 75 cm; Busto\/Torace 100 cm; Vita 98 cm; Lunghezza manica 61 cm<\/strong><\/li>\n<\/ul>\n<p>Il modello \u00e8 alto 1,85 m e indossa la taglia M<\/p>\n<p>Misure modello:<\/p>\n<table>\n<tbody>\n<tr>\n<td>Altezza<\/td>\n<td>1,85 m<\/td>\n<\/tr>\n<tr>\n<td>Busto\/Petto<\/td>\n<td>98 cm<\/td>\n<\/tr>\n<tr>\n<td>Fianchi<\/td>\n<td>96 cm<\/td>\n<\/tr>\n<tr>\n<td>Vita<\/td>\n<td>83 cm<\/td>\n<\/tr>\n<\/tbody>\n<\/table>\n","protected":false},"excerpt":{"rendered":"<p>Una camicia in seta firmata Gelso Milano \u00e8 caratterizzata da una stampa grafica ipnotica colorata che conferisce un aspetto raffinato a una silhouette classica senza tempo. Questa camicia \u00e8 realizzata in morbida e leggera seta 100% ed \u00e8 caratterizzata da colletto classico, maniche lunghe, chiusura frontale con bottoni e vestibilit\u00e0 regolare.<\/p>\n<p>Questa camicia in seta Gelso Milano \u00e8 stata realizzata a mano da un team di esperti artigiani nel nostro atelier nel sud Italia, famoso per la sua forte tradizione di sapiente lavorazione artigianale.<\/p>\n<p>La camicia \u00e8 sorprendentemente versatile; \u00e8 perfetto per oziare in un caff\u00e8 cittadino durante il giorno o per una favolosa serata fuori.<\/p>\n","protected":false},"featured_media":7811,"template":"","meta":[],"product_cat":[373,375],"product_tag":[],"acf":[],"yoast_head":"<!-- This site is optimized with the Yoast SEO plugin v19.2 - https:\/\/yoast.com\/wordpress\/plugins\/seo\/ -->\n<title>Camicia Verde Ipnotica 100% Seta | Gelso Milano<\/title>\n<meta name=\"description\" content=\"La camicia di seta Gelso Milano \u00e8 caratterizzata da una stampa grafica ipnotica colorata che conferisce un aspetto raffinato a una silhouette classica senza tempo.\" \/>\n<meta name=\"robots\" content=\"index, follow, max-snippet:-1, max-image-preview:large, max-video-preview:-1\" \/>\n<link rel=\"canonical\" href=\"https:\/\/gelsomilano.com\/it\/shop\/camicia-di-seta-verde-ipnotica\/\" \/>\n<meta property=\"og:locale\" content=\"it_IT\" \/>\n<meta property=\"og:type\" content=\"article\" \/>\n<meta property=\"og:title\" content=\"Camicia Verde Ipnotica 100% Seta | Gelso Milano\" \/>\n<meta property=\"og:description\" content=\"La camicia di seta Gelso Milano \u00e8 caratterizzata da una stampa grafica ipnotica colorata che conferisce un aspetto raffinato a una silhouette classica senza tempo.\" \/>\n<meta property=\"og:url\" content=\"https:\/\/gelsomilano.com\/it\/shop\/camicia-di-seta-verde-ipnotica\/\" \/>\n<meta property=\"og:site_name\" content=\"Gelso Milano\" \/>\n<meta property=\"article:modified_time\" content=\"2022-07-08T11:30:32+00:00\" \/>\n<meta property=\"og:image\" content=\"https:\/\/gelsomilano.com\/wp-content\/uploads\/2022\/06\/DB-8238-683x1024.jpg\" \/>\n\t<meta property=\"og:image:width\" content=\"683\" \/>\n\t<meta property=\"og:image:height\" content=\"1024\" \/>\n\t<meta property=\"og:image:type\" content=\"image\/jpeg\" \/>\n<meta name=\"author\" content=\"Gelso Milano\" \/>\n<meta name=\"twitter:card\" content=\"summary_large_image\" \/>\n<meta name=\"twitter:label1\" content=\"Tempo di lettura stimato\" \/>\n\t<meta name=\"twitter:data1\" content=\"1 minuto\" \/>\n<script type=\"application\/ld+json\" class=\"yoast-schema-graph\">{\"@context\":\"https:\/\/schema.org\",\"@graph\":[{\"@type\":\"Organization\",\"@id\":\"https:\/\/gelsomilano.com\/#organization\",\"name\":\"Gelso Milano\",\"url\":\"https:\/\/gelsomilano.com\/\",\"sameAs\":[],\"logo\":{\"@type\":\"ImageObject\",\"inLanguage\":\"it-IT\",\"@id\":\"https:\/\/gelsomilano.com\/#\/schema\/logo\/image\/\",\"url\":\"https:\/\/gelsomilano.com\/wp-content\/uploads\/2019\/02\/logo-gelso.png\",\"contentUrl\":\"https:\/\/gelsomilano.com\/wp-content\/uploads\/2019\/02\/logo-gelso.png\",\"width\":304,\"height\":155,\"caption\":\"Gelso Milano\"},\"image\":{\"@id\":\"https:\/\/gelsomilano.com\/#\/schema\/logo\/image\/\"}},{\"@type\":\"WebSite\",\"@id\":\"https:\/\/gelsomilano.com\/#website\",\"url\":\"https:\/\/gelsomilano.com\/\",\"name\":\"Gelso Milano\",\"description\":\"Discover the art of Italian artisanry, luxury of the best silk materials and unique eye catching designs with the Gelso Milano collection of the finest Italian silk pyjamas, accessories and bedding.\",\"publisher\":{\"@id\":\"https:\/\/gelsomilano.com\/#organization\"},\"potentialAction\":[{\"@type\":\"SearchAction\",\"target\":{\"@type\":\"EntryPoint\",\"urlTemplate\":\"https:\/\/gelsomilano.com\/?s={search_term_string}\"},\"query-input\":\"required name=search_term_string\"}],\"inLanguage\":\"it-IT\"},{\"@type\":\"ImageObject\",\"inLanguage\":\"it-IT\",\"@id\":\"https:\/\/gelsomilano.com\/it\/shop\/camicia-di-seta-verde-ipnotica\/#primaryimage\",\"url\":\"https:\/\/gelsomilano.com\/wp-content\/uploads\/2022\/06\/DB-8238.jpg\",\"contentUrl\":\"https:\/\/gelsomilano.com\/wp-content\/uploads\/2022\/06\/DB-8238.jpg\",\"width\":1668,\"height\":2502,\"caption\":\"silk shirt; camicia di seta; camicia in seta\"},{\"@type\":\"WebPage\",\"@id\":\"https:\/\/gelsomilano.com\/it\/shop\/camicia-di-seta-verde-ipnotica\/#webpage\",\"url\":\"https:\/\/gelsomilano.com\/it\/shop\/camicia-di-seta-verde-ipnotica\/\",\"name\":\"Camicia Verde Ipnotica 100% Seta | Gelso Milano\",\"isPartOf\":{\"@id\":\"https:\/\/gelsomilano.com\/#website\"},\"primaryImageOfPage\":{\"@id\":\"https:\/\/gelsomilano.com\/it\/shop\/camicia-di-seta-verde-ipnotica\/#primaryimage\"},\"datePublished\":\"2022-06-23T17:35:08+00:00\",\"dateModified\":\"2022-07-08T11:30:32+00:00\",\"description\":\"La camicia di seta Gelso Milano \u00e8 caratterizzata da una stampa grafica ipnotica colorata che conferisce un aspetto raffinato a una silhouette classica senza tempo.\",\"breadcrumb\":{\"@id\":\"https:\/\/gelsomilano.com\/it\/shop\/camicia-di-seta-verde-ipnotica\/#breadcrumb\"},\"inLanguage\":\"it-IT\",\"potentialAction\":[{\"@type\":\"ReadAction\",\"target\":[\"https:\/\/gelsomilano.com\/it\/shop\/camicia-di-seta-verde-ipnotica\/\"]}]},{\"@type\":\"BreadcrumbList\",\"@id\":\"https:\/\/gelsomilano.com\/it\/shop\/camicia-di-seta-verde-ipnotica\/#breadcrumb\",\"itemListElement\":[{\"@type\":\"ListItem\",\"position\":1,\"name\":\"Home\",\"item\":\"https:\/\/gelsomilano.com\/it\/\"},{\"@type\":\"ListItem\",\"position\":2,\"name\":\"Negozio\",\"item\":\"https:\/\/gelsomilano.com\/it\/negozio\/\"},{\"@type\":\"ListItem\",\"position\":3,\"name\":\"Camicia Verde Ipnotica 100% Seta\"}]}]}<\/script>\n<!-- \/ Yoast SEO plugin. -->","yoast_head_json":{"title":"Camicia Verde Ipnotica 100% Seta | Gelso Milano","description":"La camicia di seta Gelso Milano \u00e8 caratterizzata da una stampa grafica ipnotica colorata che conferisce un aspetto raffinato a una silhouette classica senza tempo.","robots":{"index":"index","follow":"follow","max-snippet":"max-snippet:-1","max-image-preview":"max-image-preview:large","max-video-preview":"max-video-preview:-1"},"canonical":"https:\/\/gelsomilano.com\/it\/shop\/camicia-di-seta-verde-ipnotica\/","og_locale":"it_IT","og_type":"article","og_title":"Camicia Verde Ipnotica 100% Seta | Gelso Milano","og_description":"La camicia di seta Gelso Milano \u00e8 caratterizzata da una stampa grafica ipnotica colorata che conferisce un aspetto raffinato a una silhouette classica senza tempo.","og_url":"https:\/\/gelsomilano.com\/it\/shop\/camicia-di-seta-verde-ipnotica\/","og_site_name":"Gelso Milano","article_modified_time":"2022-07-08T11:30:32+00:00","og_image":[{"width":683,"height":1024,"url":"https:\/\/gelsomilano.com\/wp-content\/uploads\/2022\/06\/DB-8238-683x1024.jpg","type":"image\/jpeg"}],"author":"Gelso Milano","twitter_card":"summary_large_image","twitter_misc":{"Tempo di lettura stimato":"1 minuto"},"schema":{"@context":"https:\/\/schema.org","@graph":[{"@type":"Organization","@id":"https:\/\/gelsomilano.com\/#organization","name":"Gelso Milano","url":"https:\/\/gelsomilano.com\/","sameAs":[],"logo":{"@type":"ImageObject","inLanguage":"it-IT","@id":"https:\/\/gelsomilano.com\/#\/schema\/logo\/image\/","url":"https:\/\/gelsomilano.com\/wp-content\/uploads\/2019\/02\/logo-gelso.png","contentUrl":"https:\/\/gelsomilano.com\/wp-content\/uploads\/2019\/02\/logo-gelso.png","width":304,"height":155,"caption":"Gelso Milano"},"image":{"@id":"https:\/\/gelsomilano.com\/#\/schema\/logo\/image\/"}},{"@type":"WebSite","@id":"https:\/\/gelsomilano.com\/#website","url":"https:\/\/gelsomilano.com\/","name":"Gelso Milano","description":"Discover the art of Italian artisanry, luxury of the best silk materials and unique eye catching designs with the Gelso Milano collection of the finest Italian silk pyjamas, accessories and bedding.","publisher":{"@id":"https:\/\/gelsomilano.com\/#organization"},"potentialAction":[{"@type":"SearchAction","target":{"@type":"EntryPoint","urlTemplate":"https:\/\/gelsomilano.com\/?s={search_term_string}"},"query-input":"required name=search_term_string"}],"inLanguage":"it-IT"},{"@type":"ImageObject","inLanguage":"it-IT","@id":"https:\/\/gelsomilano.com\/it\/shop\/camicia-di-seta-verde-ipnotica\/#primaryimage","url":"https:\/\/gelsomilano.com\/wp-content\/uploads\/2022\/06\/DB-8238.jpg","contentUrl":"https:\/\/gelsomilano.com\/wp-content\/uploads\/2022\/06\/DB-8238.jpg","width":1668,"height":2502,"caption":"silk shirt; camicia di seta; camicia in seta"},{"@type":"WebPage","@id":"https:\/\/gelsomilano.com\/it\/shop\/camicia-di-seta-verde-ipnotica\/#webpage","url":"https:\/\/gelsomilano.com\/it\/shop\/camicia-di-seta-verde-ipnotica\/","name":"Camicia Verde Ipnotica 100% Seta | Gelso Milano","isPartOf":{"@id":"https:\/\/gelsomilano.com\/#website"},"primaryImageOfPage":{"@id":"https:\/\/gelsomilano.com\/it\/shop\/camicia-di-seta-verde-ipnotica\/#primaryimage"},"datePublished":"2022-06-23T17:35:08+00:00","dateModified":"2022-07-08T11:30:32+00:00","description":"La camicia di seta Gelso Milano \u00e8 caratterizzata da una stampa grafica ipnotica colorata che conferisce un aspetto raffinato a una silhouette classica senza tempo.","breadcrumb":{"@id":"https:\/\/gelsomilano.com\/it\/shop\/camicia-di-seta-verde-ipnotica\/#breadcrumb"},"inLanguage":"it-IT","potentialAction":[{"@type":"ReadAction","target":["https:\/\/gelsomilano.com\/it\/shop\/camicia-di-seta-verde-ipnotica\/"]}]},{"@type":"BreadcrumbList","@id":"https:\/\/gelsomilano.com\/it\/shop\/camicia-di-seta-verde-ipnotica\/#breadcrumb","itemListElement":[{"@type":"ListItem","position":1,"name":"Home","item":"https:\/\/gelsomilano.com\/it\/"},{"@type":"ListItem","position":2,"name":"Negozio","item":"https:\/\/gelsomilano.com\/it\/negozio\/"},{"@type":"ListItem","position":3,"name":"Camicia Verde Ipnotica 100% Seta"}]}]}},"_links":{"self":[{"href":"https:\/\/gelsomilano.com\/it\/wp-json\/wp\/v2\/product\/7803"}],"collection":[{"href":"https:\/\/gelsomilano.com\/it\/wp-json\/wp\/v2\/product"}],"about":[{"href":"https:\/\/gelsomilano.com\/it\/wp-json\/wp\/v2\/types\/product"}],"wp:featuredmedia":[{"embeddable":true,"href":"https:\/\/gelsomilano.com\/it\/wp-json\/wp\/v2\/media\/7811"}],"wp:attachment":[{"href":"https:\/\/gelsomilano.com\/it\/wp-json\/wp\/v2\/media?parent=7803"}],"wp:term":[{"taxonomy":"product_cat","embeddable":true,"href":"https:\/\/gelsomilano.com\/it\/wp-json\/wp\/v2\/product_cat?post=7803"},{"taxonomy":"product_tag","embeddable":true,"href":"https:\/\/gelsomilano.com\/it\/wp-json\/wp\/v2\/product_tag?post=7803"}],"curies":[{"name":"wp","href":"https:\/\/api.w.org\/{rel}","templated":true}]}}