{"id":7773,"date":"2022-06-23T18:12:23","date_gmt":"2022-06-23T16:12:26","guid":{"rendered":"https:\/\/gelsomilano.com\/?post_type=product&#038;p=7773"},"modified":"2023-12-21T15:04:00","modified_gmt":"2023-12-21T14:04:00","slug":"boxer-in-seta-stampa-california","status":"publish","type":"product","link":"https:\/\/gelsomilano.com\/it\/shop\/boxer-in-seta-stampa-california\/","title":{"rendered":"Boxer 100% Seta Stampa California"},"content":{"rendered":"<ul>\n<li><strong>Made in Italy<\/strong><\/li>\n<li><strong>100% seta<\/strong><\/li>\n<li><strong>Questi boxer hanno una vestibilit\u00e0 comoda e sono elasticizzati in vita<\/strong><\/li>\n<li><strong>gamba dritta e altezza alla coscia<\/strong><\/li>\n<li><strong>stile pull-on<\/strong><\/li>\n<li><strong>Questo articolo potrebbe vestire piccolo, ti consigliamo di scegliere una taglia pi\u00f9 grande<\/strong><\/li>\n<li><strong>Si prega di provare i nostri boxer sopra i propri indumenti<\/strong><\/li>\n<\/ul>\n<p>Il modello \u00e8 alto 1,85 m e indossa la taglia M<\/p>\n<p>Misure modello:<\/p>\n<table>\n<tbody>\n<tr>\n<td>Altezza<\/td>\n<td>1,85 m<\/td>\n<\/tr>\n<tr>\n<td>Busto\/Petto<\/td>\n<td>98 cm<\/td>\n<\/tr>\n<tr>\n<td>Fianchi<\/td>\n<td>96 cm<\/td>\n<\/tr>\n<tr>\n<td>Vita<\/td>\n<td>83 cm<\/td>\n<\/tr>\n<\/tbody>\n<\/table>\n","protected":false},"excerpt":{"rendered":"<p>L&#8217;intimo \u00e8 parte integrante della vita di tutti i giorni, una scelta sbagliata pu\u00f2 influire sulla salute della pelle, sulle prestazioni fisiche, sulla comodit\u00e0 e di conseguenza pu\u00f2 letteralmente distruggere la tua giornata. I nostri boxer sono stati realizzati in Italia in 100% seta di gelso, il tessuto pi\u00f9 traspirante, anallergico e delicato. Il design a righe tono su tono \u00e8 decorato con un palmo accattivante ma elegante per conferire ai boxer uno stile casual californiano. I boxer hanno una cintura elasticizzata e una vestibilit\u00e0 comoda per farti sentire a tuo agio, indipendentemente dall&#8217;occasione. I boxer in seta Gelso Milano diventeranno un&#8217;aggiunta di lusso al tuo guardaroba, un capo che non vorrai pi\u00f9 toglierti. Con i nostri boxer ti dimenticherai di indossare l&#8217;intimo per via della sua estrema comodit\u00e0 e leggerezza ma non vorrai perdere l&#8217;occasione di esporli in pubblico!<\/p>\n<p>L&#8217;intimo \u00e8 la nostra seconda pelle, goditi il tuo tocco pi\u00f9 morbido!<\/p>\n","protected":false},"featured_media":7780,"template":"","meta":[],"product_cat":[375,374],"product_tag":[],"acf":[],"yoast_head":"<!-- This site is optimized with the Yoast SEO plugin v19.2 - https:\/\/yoast.com\/wordpress\/plugins\/seo\/ -->\n<title>Boxer 100% Seta Stampa California | Gelso Milano<\/title>\n<meta name=\"description\" content=\"Con i nostri boxer in 100% seta ti dimenticherai di indossare l&#039;intimo per via della sua estrema comodit\u00e0 e leggerezza ma non vorrai perdere l&#039;occasione di esporli in pubblico!\" \/>\n<meta name=\"robots\" content=\"index, follow, max-snippet:-1, max-image-preview:large, max-video-preview:-1\" \/>\n<link rel=\"canonical\" href=\"https:\/\/gelsomilano.com\/it\/shop\/boxer-in-seta-stampa-california\/\" \/>\n<meta property=\"og:locale\" content=\"it_IT\" \/>\n<meta property=\"og:type\" content=\"article\" \/>\n<meta property=\"og:title\" content=\"Boxer 100% Seta Stampa California | Gelso Milano\" \/>\n<meta property=\"og:description\" content=\"Con i nostri boxer in 100% seta ti dimenticherai di indossare l&#039;intimo per via della sua estrema comodit\u00e0 e leggerezza ma non vorrai perdere l&#039;occasione di esporli in pubblico!\" \/>\n<meta property=\"og:url\" content=\"https:\/\/gelsomilano.com\/it\/shop\/boxer-in-seta-stampa-california\/\" \/>\n<meta property=\"og:site_name\" content=\"Gelso Milano\" \/>\n<meta property=\"article:modified_time\" content=\"2023-12-21T14:04:00+00:00\" \/>\n<meta property=\"og:image\" content=\"https:\/\/gelsomilano.com\/wp-content\/uploads\/2022\/06\/DB-8301.jpg?_t=1657279519\" \/>\n\t<meta property=\"og:image:width\" content=\"1668\" \/>\n\t<meta property=\"og:image:height\" content=\"2502\" \/>\n\t<meta property=\"og:image:type\" content=\"image\/jpeg\" \/>\n<meta name=\"author\" content=\"Gelso Milano\" \/>\n<meta name=\"twitter:card\" content=\"summary_large_image\" \/>\n<meta name=\"twitter:label1\" content=\"Tempo di lettura stimato\" \/>\n\t<meta name=\"twitter:data1\" content=\"1 minuto\" \/>\n<script type=\"application\/ld+json\" class=\"yoast-schema-graph\">{\"@context\":\"https:\/\/schema.org\",\"@graph\":[{\"@type\":\"Organization\",\"@id\":\"https:\/\/gelsomilano.com\/#organization\",\"name\":\"Gelso Milano\",\"url\":\"https:\/\/gelsomilano.com\/\",\"sameAs\":[],\"logo\":{\"@type\":\"ImageObject\",\"inLanguage\":\"it-IT\",\"@id\":\"https:\/\/gelsomilano.com\/#\/schema\/logo\/image\/\",\"url\":\"https:\/\/gelsomilano.com\/wp-content\/uploads\/2019\/02\/logo-gelso.png\",\"contentUrl\":\"https:\/\/gelsomilano.com\/wp-content\/uploads\/2019\/02\/logo-gelso.png\",\"width\":304,\"height\":155,\"caption\":\"Gelso Milano\"},\"image\":{\"@id\":\"https:\/\/gelsomilano.com\/#\/schema\/logo\/image\/\"}},{\"@type\":\"WebSite\",\"@id\":\"https:\/\/gelsomilano.com\/#website\",\"url\":\"https:\/\/gelsomilano.com\/\",\"name\":\"Gelso Milano\",\"description\":\"Discover the art of Italian artisanry, luxury of the best silk materials and unique eye catching designs with the Gelso Milano collection of the finest Italian silk pyjamas, accessories and bedding.\",\"publisher\":{\"@id\":\"https:\/\/gelsomilano.com\/#organization\"},\"potentialAction\":[{\"@type\":\"SearchAction\",\"target\":{\"@type\":\"EntryPoint\",\"urlTemplate\":\"https:\/\/gelsomilano.com\/?s={search_term_string}\"},\"query-input\":\"required name=search_term_string\"}],\"inLanguage\":\"it-IT\"},{\"@type\":\"ImageObject\",\"inLanguage\":\"it-IT\",\"@id\":\"https:\/\/gelsomilano.com\/it\/shop\/boxer-in-seta-stampa-california\/#primaryimage\",\"url\":\"https:\/\/gelsomilano.com\/wp-content\/uploads\/2022\/06\/DB-8301.jpg\",\"contentUrl\":\"https:\/\/gelsomilano.com\/wp-content\/uploads\/2022\/06\/DB-8301.jpg\",\"width\":1668,\"height\":2502,\"caption\":\"silk boxer shorts\"},{\"@type\":\"WebPage\",\"@id\":\"https:\/\/gelsomilano.com\/it\/shop\/boxer-in-seta-stampa-california\/#webpage\",\"url\":\"https:\/\/gelsomilano.com\/it\/shop\/boxer-in-seta-stampa-california\/\",\"name\":\"Boxer 100% Seta Stampa California | Gelso Milano\",\"isPartOf\":{\"@id\":\"https:\/\/gelsomilano.com\/#website\"},\"primaryImageOfPage\":{\"@id\":\"https:\/\/gelsomilano.com\/it\/shop\/boxer-in-seta-stampa-california\/#primaryimage\"},\"datePublished\":\"2022-06-23T16:12:26+00:00\",\"dateModified\":\"2023-12-21T14:04:00+00:00\",\"description\":\"Con i nostri boxer in 100% seta ti dimenticherai di indossare l'intimo per via della sua estrema comodit\u00e0 e leggerezza ma non vorrai perdere l'occasione di esporli in pubblico!\",\"breadcrumb\":{\"@id\":\"https:\/\/gelsomilano.com\/it\/shop\/boxer-in-seta-stampa-california\/#breadcrumb\"},\"inLanguage\":\"it-IT\",\"potentialAction\":[{\"@type\":\"ReadAction\",\"target\":[\"https:\/\/gelsomilano.com\/it\/shop\/boxer-in-seta-stampa-california\/\"]}]},{\"@type\":\"BreadcrumbList\",\"@id\":\"https:\/\/gelsomilano.com\/it\/shop\/boxer-in-seta-stampa-california\/#breadcrumb\",\"itemListElement\":[{\"@type\":\"ListItem\",\"position\":1,\"name\":\"Home\",\"item\":\"https:\/\/gelsomilano.com\/it\/\"},{\"@type\":\"ListItem\",\"position\":2,\"name\":\"Negozio\",\"item\":\"https:\/\/gelsomilano.com\/it\/negozio\/\"},{\"@type\":\"ListItem\",\"position\":3,\"name\":\"Boxer 100% Seta Stampa California\"}]}]}<\/script>\n<!-- \/ Yoast SEO plugin. -->","yoast_head_json":{"title":"Boxer 100% Seta Stampa California | Gelso Milano","description":"Con i nostri boxer in 100% seta ti dimenticherai di indossare l'intimo per via della sua estrema comodit\u00e0 e leggerezza ma non vorrai perdere l'occasione di esporli in pubblico!","robots":{"index":"index","follow":"follow","max-snippet":"max-snippet:-1","max-image-preview":"max-image-preview:large","max-video-preview":"max-video-preview:-1"},"canonical":"https:\/\/gelsomilano.com\/it\/shop\/boxer-in-seta-stampa-california\/","og_locale":"it_IT","og_type":"article","og_title":"Boxer 100% Seta Stampa California | Gelso Milano","og_description":"Con i nostri boxer in 100% seta ti dimenticherai di indossare l'intimo per via della sua estrema comodit\u00e0 e leggerezza ma non vorrai perdere l'occasione di esporli in pubblico!","og_url":"https:\/\/gelsomilano.com\/it\/shop\/boxer-in-seta-stampa-california\/","og_site_name":"Gelso Milano","article_modified_time":"2023-12-21T14:04:00+00:00","og_image":[{"width":1668,"height":2502,"url":"https:\/\/gelsomilano.com\/wp-content\/uploads\/2022\/06\/DB-8301.jpg?_t=1657279519","type":"image\/jpeg"}],"author":"Gelso Milano","twitter_card":"summary_large_image","twitter_misc":{"Tempo di lettura stimato":"1 minuto"},"schema":{"@context":"https:\/\/schema.org","@graph":[{"@type":"Organization","@id":"https:\/\/gelsomilano.com\/#organization","name":"Gelso Milano","url":"https:\/\/gelsomilano.com\/","sameAs":[],"logo":{"@type":"ImageObject","inLanguage":"it-IT","@id":"https:\/\/gelsomilano.com\/#\/schema\/logo\/image\/","url":"https:\/\/gelsomilano.com\/wp-content\/uploads\/2019\/02\/logo-gelso.png","contentUrl":"https:\/\/gelsomilano.com\/wp-content\/uploads\/2019\/02\/logo-gelso.png","width":304,"height":155,"caption":"Gelso Milano"},"image":{"@id":"https:\/\/gelsomilano.com\/#\/schema\/logo\/image\/"}},{"@type":"WebSite","@id":"https:\/\/gelsomilano.com\/#website","url":"https:\/\/gelsomilano.com\/","name":"Gelso Milano","description":"Discover the art of Italian artisanry, luxury of the best silk materials and unique eye catching designs with the Gelso Milano collection of the finest Italian silk pyjamas, accessories and bedding.","publisher":{"@id":"https:\/\/gelsomilano.com\/#organization"},"potentialAction":[{"@type":"SearchAction","target":{"@type":"EntryPoint","urlTemplate":"https:\/\/gelsomilano.com\/?s={search_term_string}"},"query-input":"required name=search_term_string"}],"inLanguage":"it-IT"},{"@type":"ImageObject","inLanguage":"it-IT","@id":"https:\/\/gelsomilano.com\/it\/shop\/boxer-in-seta-stampa-california\/#primaryimage","url":"https:\/\/gelsomilano.com\/wp-content\/uploads\/2022\/06\/DB-8301.jpg","contentUrl":"https:\/\/gelsomilano.com\/wp-content\/uploads\/2022\/06\/DB-8301.jpg","width":1668,"height":2502,"caption":"silk boxer shorts"},{"@type":"WebPage","@id":"https:\/\/gelsomilano.com\/it\/shop\/boxer-in-seta-stampa-california\/#webpage","url":"https:\/\/gelsomilano.com\/it\/shop\/boxer-in-seta-stampa-california\/","name":"Boxer 100% Seta Stampa California | Gelso Milano","isPartOf":{"@id":"https:\/\/gelsomilano.com\/#website"},"primaryImageOfPage":{"@id":"https:\/\/gelsomilano.com\/it\/shop\/boxer-in-seta-stampa-california\/#primaryimage"},"datePublished":"2022-06-23T16:12:26+00:00","dateModified":"2023-12-21T14:04:00+00:00","description":"Con i nostri boxer in 100% seta ti dimenticherai di indossare l'intimo per via della sua estrema comodit\u00e0 e leggerezza ma non vorrai perdere l'occasione di esporli in pubblico!","breadcrumb":{"@id":"https:\/\/gelsomilano.com\/it\/shop\/boxer-in-seta-stampa-california\/#breadcrumb"},"inLanguage":"it-IT","potentialAction":[{"@type":"ReadAction","target":["https:\/\/gelsomilano.com\/it\/shop\/boxer-in-seta-stampa-california\/"]}]},{"@type":"BreadcrumbList","@id":"https:\/\/gelsomilano.com\/it\/shop\/boxer-in-seta-stampa-california\/#breadcrumb","itemListElement":[{"@type":"ListItem","position":1,"name":"Home","item":"https:\/\/gelsomilano.com\/it\/"},{"@type":"ListItem","position":2,"name":"Negozio","item":"https:\/\/gelsomilano.com\/it\/negozio\/"},{"@type":"ListItem","position":3,"name":"Boxer 100% Seta Stampa California"}]}]}},"_links":{"self":[{"href":"https:\/\/gelsomilano.com\/it\/wp-json\/wp\/v2\/product\/7773"}],"collection":[{"href":"https:\/\/gelsomilano.com\/it\/wp-json\/wp\/v2\/product"}],"about":[{"href":"https:\/\/gelsomilano.com\/it\/wp-json\/wp\/v2\/types\/product"}],"wp:featuredmedia":[{"embeddable":true,"href":"https:\/\/gelsomilano.com\/it\/wp-json\/wp\/v2\/media\/7780"}],"wp:attachment":[{"href":"https:\/\/gelsomilano.com\/it\/wp-json\/wp\/v2\/media?parent=7773"}],"wp:term":[{"taxonomy":"product_cat","embeddable":true,"href":"https:\/\/gelsomilano.com\/it\/wp-json\/wp\/v2\/product_cat?post=7773"},{"taxonomy":"product_tag","embeddable":true,"href":"https:\/\/gelsomilano.com\/it\/wp-json\/wp\/v2\/product_tag?post=7773"}],"curies":[{"name":"wp","href":"https:\/\/api.w.org\/{rel}","templated":true}]}}