{"id":6567,"date":"2020-01-31T15:23:04","date_gmt":"2020-01-31T14:23:04","guid":{"rendered":"https:\/\/www.gelsomilano.com\/shop\/baby-white-zebra-pajama-shirt\/"},"modified":"2022-07-09T15:28:31","modified_gmt":"2022-07-09T13:28:31","slug":"baby-pigiama-in-seta-stampata-camicia-zebrata","status":"publish","type":"product","link":"https:\/\/gelsomilano.com\/it\/shop\/baby-pigiama-in-seta-stampata-camicia-zebrata\/","title":{"rendered":"Baby African Soul Pajamas 100% Seta Camicia"},"content":{"rendered":"<p>Questo set di pigiama \u00e8 stato creato appositamente per le piccole principesse per diventare un&#8217;aggiunta perfetta per i ricordi amorevoli di madre-figlia. Indossare un pigiama gemellato Gelso Milano introdurr\u00e0 la tua piccola nel meraviglioso mondo della moda di sua madre.<\/p>\n<ul>\n<li><strong>100% 19 momme seta<\/strong><\/li>\n<li><strong>100% artigianato italiano<\/strong><\/li>\n<li><strong>Taglio elegante, delicato colletto a risvolta, chiusura frontale con bottoni, maniche lunghe<\/strong><\/li>\n<li><strong>Bottoni ricoperti in tessuto di seta<\/strong><\/li>\n<li><strong>La taglia 8Y della camicia ha una lunghezza di 46 cm (centro dietro)<\/strong><\/li>\n<\/ul>\n<p>La modella ha 8 anni<br \/>\nLavare a secco o lavare delicatamente a freddo con detergente per seta.<\/p>\n","protected":false},"excerpt":{"rendered":"<p>La camicia del pigiama in seta stampata Gelso Milano \u00e8 scupolosamente realizzata dagli artigiani italiani con il pi\u00f9 morbido e opulento tessuto di seta.<\/p>\n<p>La camicia del pigiama set di fantasia &#8220;African Soul&#8221; \u00e8 caratterizzata dalle maniche lunghe con un delicato colletto risvoltato e pu\u00f2 essere abbinata ad un paio di pantaloni slim fit con una cintura elasticizzata accompagnata con un cordoncino per il massimo comfort.<\/p>\n<p>Il nostro pigiama in seta stampata diventer\u00e0 l&#8217;outfit preferito per i tuoi piccoli grazie alla sua vestibilit\u00e0 confortevole e a una fantasia estremamente gioiosa. Non c&#8217;\u00e8 niente di pi\u00f9 dolce di una madre e una figlia che condividono gli stessi stili mentre si preparano per la note. Con i nostri pigiami gemellati abbiamo creato i momenti felici di complicit\u00e0 tra mamma e figlia.<\/p>\n<p>Sono disponibili le fasce per capelli abbinate per la migliore esperienza di moda della tua principessa.<\/p>\n<p>Il nostro pigiama viene fornito in una lussuosa borsa in velluto e in una confezione regalo brandizzata per diventare un accessorio perfetto per i tuoi viaggi o un grande regalo per i tuoi cari.<\/p>\n","protected":false},"featured_media":6568,"template":"","meta":[],"product_cat":[259,288],"product_tag":[],"acf":[],"yoast_head":"<!-- This site is optimized with the Yoast SEO plugin v19.2 - https:\/\/yoast.com\/wordpress\/plugins\/seo\/ -->\n<title>Baby African Soul Pajamas 100% Seta Camicia | Gelso Milano<\/title>\n<meta name=\"description\" content=\"Il pigiama in seta stampata Gelso Milano \u00e8 scupolosamente realizzato dagli artigiani italiani con il pi\u00f9 morbido e opulento tessuto di seta.\" \/>\n<meta name=\"robots\" content=\"index, follow, max-snippet:-1, max-image-preview:large, max-video-preview:-1\" \/>\n<link rel=\"canonical\" href=\"https:\/\/gelsomilano.com\/it\/shop\/baby-pigiama-in-seta-stampata-camicia-zebrata\/\" \/>\n<meta property=\"og:locale\" content=\"it_IT\" \/>\n<meta property=\"og:type\" content=\"article\" \/>\n<meta property=\"og:title\" content=\"Baby African Soul Pajamas 100% Seta Camicia | Gelso Milano\" \/>\n<meta property=\"og:description\" content=\"Il pigiama in seta stampata Gelso Milano \u00e8 scupolosamente realizzato dagli artigiani italiani con il pi\u00f9 morbido e opulento tessuto di seta.\" \/>\n<meta property=\"og:url\" content=\"https:\/\/gelsomilano.com\/it\/shop\/baby-pigiama-in-seta-stampata-camicia-zebrata\/\" \/>\n<meta property=\"og:site_name\" content=\"Gelso Milano\" \/>\n<meta property=\"article:modified_time\" content=\"2022-07-09T13:28:31+00:00\" \/>\n<meta property=\"og:image\" content=\"https:\/\/gelsomilano.com\/wp-content\/uploads\/2020\/01\/zebra-white-baby-1.jpg?_t=1657373312\" \/>\n\t<meta property=\"og:image:width\" content=\"1668\" \/>\n\t<meta property=\"og:image:height\" content=\"2500\" \/>\n\t<meta property=\"og:image:type\" content=\"image\/jpeg\" \/>\n<meta name=\"author\" content=\"admin\" \/>\n<meta name=\"twitter:card\" content=\"summary_large_image\" \/>\n<meta name=\"twitter:label1\" content=\"Tempo di lettura stimato\" \/>\n\t<meta name=\"twitter:data1\" content=\"1 minuto\" \/>\n<script type=\"application\/ld+json\" class=\"yoast-schema-graph\">{\"@context\":\"https:\/\/schema.org\",\"@graph\":[{\"@type\":\"Organization\",\"@id\":\"https:\/\/gelsomilano.com\/#organization\",\"name\":\"Gelso Milano\",\"url\":\"https:\/\/gelsomilano.com\/\",\"sameAs\":[],\"logo\":{\"@type\":\"ImageObject\",\"inLanguage\":\"it-IT\",\"@id\":\"https:\/\/gelsomilano.com\/#\/schema\/logo\/image\/\",\"url\":\"https:\/\/gelsomilano.com\/wp-content\/uploads\/2019\/02\/logo-gelso.png\",\"contentUrl\":\"https:\/\/gelsomilano.com\/wp-content\/uploads\/2019\/02\/logo-gelso.png\",\"width\":304,\"height\":155,\"caption\":\"Gelso Milano\"},\"image\":{\"@id\":\"https:\/\/gelsomilano.com\/#\/schema\/logo\/image\/\"}},{\"@type\":\"WebSite\",\"@id\":\"https:\/\/gelsomilano.com\/#website\",\"url\":\"https:\/\/gelsomilano.com\/\",\"name\":\"Gelso Milano\",\"description\":\"Discover the art of Italian artisanry, luxury of the best silk materials and unique eye catching designs with the Gelso Milano collection of the finest Italian silk pyjamas, accessories and bedding.\",\"publisher\":{\"@id\":\"https:\/\/gelsomilano.com\/#organization\"},\"potentialAction\":[{\"@type\":\"SearchAction\",\"target\":{\"@type\":\"EntryPoint\",\"urlTemplate\":\"https:\/\/gelsomilano.com\/?s={search_term_string}\"},\"query-input\":\"required name=search_term_string\"}],\"inLanguage\":\"it-IT\"},{\"@type\":\"ImageObject\",\"inLanguage\":\"it-IT\",\"@id\":\"https:\/\/gelsomilano.com\/it\/shop\/baby-pigiama-in-seta-stampata-camicia-zebrata\/#primaryimage\",\"url\":\"https:\/\/gelsomilano.com\/wp-content\/uploads\/2020\/01\/zebra-white-baby-1.jpg\",\"contentUrl\":\"https:\/\/gelsomilano.com\/wp-content\/uploads\/2020\/01\/zebra-white-baby-1.jpg\",\"width\":1668,\"height\":2500,\"caption\":\"printed silk pajamas\"},{\"@type\":\"WebPage\",\"@id\":\"https:\/\/gelsomilano.com\/it\/shop\/baby-pigiama-in-seta-stampata-camicia-zebrata\/#webpage\",\"url\":\"https:\/\/gelsomilano.com\/it\/shop\/baby-pigiama-in-seta-stampata-camicia-zebrata\/\",\"name\":\"Baby African Soul Pajamas 100% Seta Camicia | Gelso Milano\",\"isPartOf\":{\"@id\":\"https:\/\/gelsomilano.com\/#website\"},\"primaryImageOfPage\":{\"@id\":\"https:\/\/gelsomilano.com\/it\/shop\/baby-pigiama-in-seta-stampata-camicia-zebrata\/#primaryimage\"},\"datePublished\":\"2020-01-31T14:23:04+00:00\",\"dateModified\":\"2022-07-09T13:28:31+00:00\",\"description\":\"Il pigiama in seta stampata Gelso Milano \u00e8 scupolosamente realizzato dagli artigiani italiani con il pi\u00f9 morbido e opulento tessuto di seta.\",\"breadcrumb\":{\"@id\":\"https:\/\/gelsomilano.com\/it\/shop\/baby-pigiama-in-seta-stampata-camicia-zebrata\/#breadcrumb\"},\"inLanguage\":\"it-IT\",\"potentialAction\":[{\"@type\":\"ReadAction\",\"target\":[\"https:\/\/gelsomilano.com\/it\/shop\/baby-pigiama-in-seta-stampata-camicia-zebrata\/\"]}]},{\"@type\":\"BreadcrumbList\",\"@id\":\"https:\/\/gelsomilano.com\/it\/shop\/baby-pigiama-in-seta-stampata-camicia-zebrata\/#breadcrumb\",\"itemListElement\":[{\"@type\":\"ListItem\",\"position\":1,\"name\":\"Home\",\"item\":\"https:\/\/gelsomilano.com\/it\/\"},{\"@type\":\"ListItem\",\"position\":2,\"name\":\"Negozio\",\"item\":\"https:\/\/gelsomilano.com\/it\/negozio\/\"},{\"@type\":\"ListItem\",\"position\":3,\"name\":\"Baby African Soul Pajamas 100% Seta Camicia\"}]}]}<\/script>\n<!-- \/ Yoast SEO plugin. -->","yoast_head_json":{"title":"Baby African Soul Pajamas 100% Seta Camicia | Gelso Milano","description":"Il pigiama in seta stampata Gelso Milano \u00e8 scupolosamente realizzato dagli artigiani italiani con il pi\u00f9 morbido e opulento tessuto di seta.","robots":{"index":"index","follow":"follow","max-snippet":"max-snippet:-1","max-image-preview":"max-image-preview:large","max-video-preview":"max-video-preview:-1"},"canonical":"https:\/\/gelsomilano.com\/it\/shop\/baby-pigiama-in-seta-stampata-camicia-zebrata\/","og_locale":"it_IT","og_type":"article","og_title":"Baby African Soul Pajamas 100% Seta Camicia | Gelso Milano","og_description":"Il pigiama in seta stampata Gelso Milano \u00e8 scupolosamente realizzato dagli artigiani italiani con il pi\u00f9 morbido e opulento tessuto di seta.","og_url":"https:\/\/gelsomilano.com\/it\/shop\/baby-pigiama-in-seta-stampata-camicia-zebrata\/","og_site_name":"Gelso Milano","article_modified_time":"2022-07-09T13:28:31+00:00","og_image":[{"width":1668,"height":2500,"url":"https:\/\/gelsomilano.com\/wp-content\/uploads\/2020\/01\/zebra-white-baby-1.jpg?_t=1657373312","type":"image\/jpeg"}],"author":"admin","twitter_card":"summary_large_image","twitter_misc":{"Tempo di lettura stimato":"1 minuto"},"schema":{"@context":"https:\/\/schema.org","@graph":[{"@type":"Organization","@id":"https:\/\/gelsomilano.com\/#organization","name":"Gelso Milano","url":"https:\/\/gelsomilano.com\/","sameAs":[],"logo":{"@type":"ImageObject","inLanguage":"it-IT","@id":"https:\/\/gelsomilano.com\/#\/schema\/logo\/image\/","url":"https:\/\/gelsomilano.com\/wp-content\/uploads\/2019\/02\/logo-gelso.png","contentUrl":"https:\/\/gelsomilano.com\/wp-content\/uploads\/2019\/02\/logo-gelso.png","width":304,"height":155,"caption":"Gelso Milano"},"image":{"@id":"https:\/\/gelsomilano.com\/#\/schema\/logo\/image\/"}},{"@type":"WebSite","@id":"https:\/\/gelsomilano.com\/#website","url":"https:\/\/gelsomilano.com\/","name":"Gelso Milano","description":"Discover the art of Italian artisanry, luxury of the best silk materials and unique eye catching designs with the Gelso Milano collection of the finest Italian silk pyjamas, accessories and bedding.","publisher":{"@id":"https:\/\/gelsomilano.com\/#organization"},"potentialAction":[{"@type":"SearchAction","target":{"@type":"EntryPoint","urlTemplate":"https:\/\/gelsomilano.com\/?s={search_term_string}"},"query-input":"required name=search_term_string"}],"inLanguage":"it-IT"},{"@type":"ImageObject","inLanguage":"it-IT","@id":"https:\/\/gelsomilano.com\/it\/shop\/baby-pigiama-in-seta-stampata-camicia-zebrata\/#primaryimage","url":"https:\/\/gelsomilano.com\/wp-content\/uploads\/2020\/01\/zebra-white-baby-1.jpg","contentUrl":"https:\/\/gelsomilano.com\/wp-content\/uploads\/2020\/01\/zebra-white-baby-1.jpg","width":1668,"height":2500,"caption":"printed silk pajamas"},{"@type":"WebPage","@id":"https:\/\/gelsomilano.com\/it\/shop\/baby-pigiama-in-seta-stampata-camicia-zebrata\/#webpage","url":"https:\/\/gelsomilano.com\/it\/shop\/baby-pigiama-in-seta-stampata-camicia-zebrata\/","name":"Baby African Soul Pajamas 100% Seta Camicia | Gelso Milano","isPartOf":{"@id":"https:\/\/gelsomilano.com\/#website"},"primaryImageOfPage":{"@id":"https:\/\/gelsomilano.com\/it\/shop\/baby-pigiama-in-seta-stampata-camicia-zebrata\/#primaryimage"},"datePublished":"2020-01-31T14:23:04+00:00","dateModified":"2022-07-09T13:28:31+00:00","description":"Il pigiama in seta stampata Gelso Milano \u00e8 scupolosamente realizzato dagli artigiani italiani con il pi\u00f9 morbido e opulento tessuto di seta.","breadcrumb":{"@id":"https:\/\/gelsomilano.com\/it\/shop\/baby-pigiama-in-seta-stampata-camicia-zebrata\/#breadcrumb"},"inLanguage":"it-IT","potentialAction":[{"@type":"ReadAction","target":["https:\/\/gelsomilano.com\/it\/shop\/baby-pigiama-in-seta-stampata-camicia-zebrata\/"]}]},{"@type":"BreadcrumbList","@id":"https:\/\/gelsomilano.com\/it\/shop\/baby-pigiama-in-seta-stampata-camicia-zebrata\/#breadcrumb","itemListElement":[{"@type":"ListItem","position":1,"name":"Home","item":"https:\/\/gelsomilano.com\/it\/"},{"@type":"ListItem","position":2,"name":"Negozio","item":"https:\/\/gelsomilano.com\/it\/negozio\/"},{"@type":"ListItem","position":3,"name":"Baby African Soul Pajamas 100% Seta Camicia"}]}]}},"_links":{"self":[{"href":"https:\/\/gelsomilano.com\/it\/wp-json\/wp\/v2\/product\/6567"}],"collection":[{"href":"https:\/\/gelsomilano.com\/it\/wp-json\/wp\/v2\/product"}],"about":[{"href":"https:\/\/gelsomilano.com\/it\/wp-json\/wp\/v2\/types\/product"}],"wp:featuredmedia":[{"embeddable":true,"href":"https:\/\/gelsomilano.com\/it\/wp-json\/wp\/v2\/media\/6568"}],"wp:attachment":[{"href":"https:\/\/gelsomilano.com\/it\/wp-json\/wp\/v2\/media?parent=6567"}],"wp:term":[{"taxonomy":"product_cat","embeddable":true,"href":"https:\/\/gelsomilano.com\/it\/wp-json\/wp\/v2\/product_cat?post=6567"},{"taxonomy":"product_tag","embeddable":true,"href":"https:\/\/gelsomilano.com\/it\/wp-json\/wp\/v2\/product_tag?post=6567"}],"curies":[{"name":"wp","href":"https:\/\/api.w.org\/{rel}","templated":true}]}}