{"id":6531,"date":"2020-01-31T12:19:46","date_gmt":"2020-01-31T11:19:46","guid":{"rendered":"https:\/\/www.gelsomilano.com\/shop\/baby-protein-silk-pajama-pants\/"},"modified":"2022-07-09T16:04:52","modified_gmt":"2022-07-09T14:04:52","slug":"baby-protein-silk-pajama-pants","status":"publish","type":"product","link":"https:\/\/gelsomilano.com\/it\/shop\/baby-protein-silk-pajama-pants\/","title":{"rendered":"Baby Heaven Pajamas 100% Seta Pantaloni"},"content":{"rendered":"<p>Questi pantaloni del pigiama da bambina sono stati realizzati con un tessuto di seta completamente naturale, biologico ed ecosostenibile trattato con una combinazione di proteine di fibroina e chitosano.<\/p>\n<ul>\n<li><strong>100% 19 momme seta<\/strong><\/li>\n<li><strong>100% artigianato italiano<\/strong><\/li>\n<li><strong>Vestibilit\u00e0 regolare<\/strong><\/li>\n<li><strong>Rifinitura di piping con la fantasia animalier, vita elastica e coulisse per il massimo comfort<\/strong><\/li>\n<li><strong>Tasche laterali<\/strong><\/li>\n<li><strong>La taglia S dei pantaloni ha il cavalo di 57 cm<\/strong><\/li>\n<\/ul>\n<p>La modella ha 8 anni<br \/>\nLavare a secco o lavare delicatamente a freddo con detergente per seta<\/p>\n","protected":false},"excerpt":{"rendered":"<p>Questi pantaloni del pigiama sono stati realizzati con un tessuto di seta completamente naturale, biologico ed ecosostenibile trattato con una combinazione di proteine di fibroina e chitosano. La combinazione di queste proteine utilizzata per il trattamento di questo materiale determina sulla pelle un effetto esponenziale curativo, antibatterico ed idratante cos\u00ec importante per la pelle giovane e delicata. Questi pantaloni sono realizzati senza coloranti n\u00e9 tecniche di stampa ed \u00e8 la soluzione migliore per le pelli pi\u00f9 sensibili, allergiche e iperreattive diventando la soluzione pi\u00f9 sicura per i pi\u00f9 piccoli.<\/p>\n<p>I pantaloni hanno una vestibilit\u00e0 regolare e potrebbero essere abbinati ad una camicia a maniche lunghe con un delicato colletto risvoltato. La rifinitura di piping con la fantasia animalier a contrasto conferisce a questo pigiama un elegante accento alla moda cos\u00ec importante per le piccole principesse che desiderano ardentemente entrare nel mondo della moda delle loro madri. Non c&#8217;\u00e8 niente di pi\u00f9 dolce di una madre e una figlia che condividono gli stessi stili mentre si preparano per la note. Con i nostri pigiami gemellati abbiamo creato i momenti felici di complicit\u00e0 tra mamma e figlia.<\/p>\n","protected":false},"featured_media":6532,"template":"","meta":[],"product_cat":[260,288],"product_tag":[],"acf":[],"yoast_head":"<!-- This site is optimized with the Yoast SEO plugin v19.2 - https:\/\/yoast.com\/wordpress\/plugins\/seo\/ -->\n<title>Baby Heaven Pajamas 100% Seta Pantaloni | Gelso Milano<\/title>\n<meta name=\"description\" content=\"Questi pantaloni del pigiama da bambina sono stati realizzati con un tessuto di seta completamente naturale, biologico ed ecosostenibile trattato con una combinazione di proteine di fibroina e chitosano.\" \/>\n<meta name=\"robots\" content=\"index, follow, max-snippet:-1, max-image-preview:large, max-video-preview:-1\" \/>\n<link rel=\"canonical\" href=\"https:\/\/gelsomilano.com\/it\/shop\/baby-protein-silk-pajama-pants\/\" \/>\n<meta property=\"og:locale\" content=\"it_IT\" \/>\n<meta property=\"og:type\" content=\"article\" \/>\n<meta property=\"og:title\" content=\"Baby Heaven Pajamas 100% Seta Pantaloni | Gelso Milano\" \/>\n<meta property=\"og:description\" content=\"Questi pantaloni del pigiama da bambina sono stati realizzati con un tessuto di seta completamente naturale, biologico ed ecosostenibile trattato con una combinazione di proteine di fibroina e chitosano.\" \/>\n<meta property=\"og:url\" content=\"https:\/\/gelsomilano.com\/it\/shop\/baby-protein-silk-pajama-pants\/\" \/>\n<meta property=\"og:site_name\" content=\"Gelso Milano\" \/>\n<meta property=\"article:modified_time\" content=\"2022-07-09T14:04:52+00:00\" \/>\n<meta property=\"og:image\" content=\"https:\/\/gelsomilano.com\/wp-content\/uploads\/2020\/01\/white-pantalone-kids_01.jpg?_t=1657375492\" \/>\n\t<meta property=\"og:image:width\" content=\"1668\" \/>\n\t<meta property=\"og:image:height\" content=\"2500\" \/>\n\t<meta property=\"og:image:type\" content=\"image\/jpeg\" \/>\n<meta name=\"author\" content=\"admin\" \/>\n<meta name=\"twitter:card\" content=\"summary_large_image\" \/>\n<meta name=\"twitter:label1\" content=\"Tempo di lettura stimato\" \/>\n\t<meta name=\"twitter:data1\" content=\"1 minuto\" \/>\n<script type=\"application\/ld+json\" class=\"yoast-schema-graph\">{\"@context\":\"https:\/\/schema.org\",\"@graph\":[{\"@type\":\"Organization\",\"@id\":\"https:\/\/gelsomilano.com\/#organization\",\"name\":\"Gelso Milano\",\"url\":\"https:\/\/gelsomilano.com\/\",\"sameAs\":[],\"logo\":{\"@type\":\"ImageObject\",\"inLanguage\":\"it-IT\",\"@id\":\"https:\/\/gelsomilano.com\/#\/schema\/logo\/image\/\",\"url\":\"https:\/\/gelsomilano.com\/wp-content\/uploads\/2019\/02\/logo-gelso.png\",\"contentUrl\":\"https:\/\/gelsomilano.com\/wp-content\/uploads\/2019\/02\/logo-gelso.png\",\"width\":304,\"height\":155,\"caption\":\"Gelso Milano\"},\"image\":{\"@id\":\"https:\/\/gelsomilano.com\/#\/schema\/logo\/image\/\"}},{\"@type\":\"WebSite\",\"@id\":\"https:\/\/gelsomilano.com\/#website\",\"url\":\"https:\/\/gelsomilano.com\/\",\"name\":\"Gelso Milano\",\"description\":\"Discover the art of Italian artisanry, luxury of the best silk materials and unique eye catching designs with the Gelso Milano collection of the finest Italian silk pyjamas, accessories and bedding.\",\"publisher\":{\"@id\":\"https:\/\/gelsomilano.com\/#organization\"},\"potentialAction\":[{\"@type\":\"SearchAction\",\"target\":{\"@type\":\"EntryPoint\",\"urlTemplate\":\"https:\/\/gelsomilano.com\/?s={search_term_string}\"},\"query-input\":\"required name=search_term_string\"}],\"inLanguage\":\"it-IT\"},{\"@type\":\"ImageObject\",\"inLanguage\":\"it-IT\",\"@id\":\"https:\/\/gelsomilano.com\/it\/shop\/baby-protein-silk-pajama-pants\/#primaryimage\",\"url\":\"https:\/\/gelsomilano.com\/wp-content\/uploads\/2020\/01\/white-pantalone-kids_01.jpg\",\"contentUrl\":\"https:\/\/gelsomilano.com\/wp-content\/uploads\/2020\/01\/white-pantalone-kids_01.jpg\",\"width\":1668,\"height\":2500,\"caption\":\"baby white silk pants\"},{\"@type\":\"WebPage\",\"@id\":\"https:\/\/gelsomilano.com\/it\/shop\/baby-protein-silk-pajama-pants\/#webpage\",\"url\":\"https:\/\/gelsomilano.com\/it\/shop\/baby-protein-silk-pajama-pants\/\",\"name\":\"Baby Heaven Pajamas 100% Seta Pantaloni | Gelso Milano\",\"isPartOf\":{\"@id\":\"https:\/\/gelsomilano.com\/#website\"},\"primaryImageOfPage\":{\"@id\":\"https:\/\/gelsomilano.com\/it\/shop\/baby-protein-silk-pajama-pants\/#primaryimage\"},\"datePublished\":\"2020-01-31T11:19:46+00:00\",\"dateModified\":\"2022-07-09T14:04:52+00:00\",\"description\":\"Questi pantaloni del pigiama da bambina sono stati realizzati con un tessuto di seta completamente naturale, biologico ed ecosostenibile trattato con una combinazione di proteine di fibroina e chitosano.\",\"breadcrumb\":{\"@id\":\"https:\/\/gelsomilano.com\/it\/shop\/baby-protein-silk-pajama-pants\/#breadcrumb\"},\"inLanguage\":\"it-IT\",\"potentialAction\":[{\"@type\":\"ReadAction\",\"target\":[\"https:\/\/gelsomilano.com\/it\/shop\/baby-protein-silk-pajama-pants\/\"]}]},{\"@type\":\"BreadcrumbList\",\"@id\":\"https:\/\/gelsomilano.com\/it\/shop\/baby-protein-silk-pajama-pants\/#breadcrumb\",\"itemListElement\":[{\"@type\":\"ListItem\",\"position\":1,\"name\":\"Home\",\"item\":\"https:\/\/gelsomilano.com\/it\/\"},{\"@type\":\"ListItem\",\"position\":2,\"name\":\"Negozio\",\"item\":\"https:\/\/gelsomilano.com\/it\/negozio\/\"},{\"@type\":\"ListItem\",\"position\":3,\"name\":\"Baby Heaven Pajamas 100% Seta Pantaloni\"}]}]}<\/script>\n<!-- \/ Yoast SEO plugin. -->","yoast_head_json":{"title":"Baby Heaven Pajamas 100% Seta Pantaloni | Gelso Milano","description":"Questi pantaloni del pigiama da bambina sono stati realizzati con un tessuto di seta completamente naturale, biologico ed ecosostenibile trattato con una combinazione di proteine di fibroina e chitosano.","robots":{"index":"index","follow":"follow","max-snippet":"max-snippet:-1","max-image-preview":"max-image-preview:large","max-video-preview":"max-video-preview:-1"},"canonical":"https:\/\/gelsomilano.com\/it\/shop\/baby-protein-silk-pajama-pants\/","og_locale":"it_IT","og_type":"article","og_title":"Baby Heaven Pajamas 100% Seta Pantaloni | Gelso Milano","og_description":"Questi pantaloni del pigiama da bambina sono stati realizzati con un tessuto di seta completamente naturale, biologico ed ecosostenibile trattato con una combinazione di proteine di fibroina e chitosano.","og_url":"https:\/\/gelsomilano.com\/it\/shop\/baby-protein-silk-pajama-pants\/","og_site_name":"Gelso Milano","article_modified_time":"2022-07-09T14:04:52+00:00","og_image":[{"width":1668,"height":2500,"url":"https:\/\/gelsomilano.com\/wp-content\/uploads\/2020\/01\/white-pantalone-kids_01.jpg?_t=1657375492","type":"image\/jpeg"}],"author":"admin","twitter_card":"summary_large_image","twitter_misc":{"Tempo di lettura stimato":"1 minuto"},"schema":{"@context":"https:\/\/schema.org","@graph":[{"@type":"Organization","@id":"https:\/\/gelsomilano.com\/#organization","name":"Gelso Milano","url":"https:\/\/gelsomilano.com\/","sameAs":[],"logo":{"@type":"ImageObject","inLanguage":"it-IT","@id":"https:\/\/gelsomilano.com\/#\/schema\/logo\/image\/","url":"https:\/\/gelsomilano.com\/wp-content\/uploads\/2019\/02\/logo-gelso.png","contentUrl":"https:\/\/gelsomilano.com\/wp-content\/uploads\/2019\/02\/logo-gelso.png","width":304,"height":155,"caption":"Gelso Milano"},"image":{"@id":"https:\/\/gelsomilano.com\/#\/schema\/logo\/image\/"}},{"@type":"WebSite","@id":"https:\/\/gelsomilano.com\/#website","url":"https:\/\/gelsomilano.com\/","name":"Gelso Milano","description":"Discover the art of Italian artisanry, luxury of the best silk materials and unique eye catching designs with the Gelso Milano collection of the finest Italian silk pyjamas, accessories and bedding.","publisher":{"@id":"https:\/\/gelsomilano.com\/#organization"},"potentialAction":[{"@type":"SearchAction","target":{"@type":"EntryPoint","urlTemplate":"https:\/\/gelsomilano.com\/?s={search_term_string}"},"query-input":"required name=search_term_string"}],"inLanguage":"it-IT"},{"@type":"ImageObject","inLanguage":"it-IT","@id":"https:\/\/gelsomilano.com\/it\/shop\/baby-protein-silk-pajama-pants\/#primaryimage","url":"https:\/\/gelsomilano.com\/wp-content\/uploads\/2020\/01\/white-pantalone-kids_01.jpg","contentUrl":"https:\/\/gelsomilano.com\/wp-content\/uploads\/2020\/01\/white-pantalone-kids_01.jpg","width":1668,"height":2500,"caption":"baby white silk pants"},{"@type":"WebPage","@id":"https:\/\/gelsomilano.com\/it\/shop\/baby-protein-silk-pajama-pants\/#webpage","url":"https:\/\/gelsomilano.com\/it\/shop\/baby-protein-silk-pajama-pants\/","name":"Baby Heaven Pajamas 100% Seta Pantaloni | Gelso Milano","isPartOf":{"@id":"https:\/\/gelsomilano.com\/#website"},"primaryImageOfPage":{"@id":"https:\/\/gelsomilano.com\/it\/shop\/baby-protein-silk-pajama-pants\/#primaryimage"},"datePublished":"2020-01-31T11:19:46+00:00","dateModified":"2022-07-09T14:04:52+00:00","description":"Questi pantaloni del pigiama da bambina sono stati realizzati con un tessuto di seta completamente naturale, biologico ed ecosostenibile trattato con una combinazione di proteine di fibroina e chitosano.","breadcrumb":{"@id":"https:\/\/gelsomilano.com\/it\/shop\/baby-protein-silk-pajama-pants\/#breadcrumb"},"inLanguage":"it-IT","potentialAction":[{"@type":"ReadAction","target":["https:\/\/gelsomilano.com\/it\/shop\/baby-protein-silk-pajama-pants\/"]}]},{"@type":"BreadcrumbList","@id":"https:\/\/gelsomilano.com\/it\/shop\/baby-protein-silk-pajama-pants\/#breadcrumb","itemListElement":[{"@type":"ListItem","position":1,"name":"Home","item":"https:\/\/gelsomilano.com\/it\/"},{"@type":"ListItem","position":2,"name":"Negozio","item":"https:\/\/gelsomilano.com\/it\/negozio\/"},{"@type":"ListItem","position":3,"name":"Baby Heaven Pajamas 100% Seta Pantaloni"}]}]}},"_links":{"self":[{"href":"https:\/\/gelsomilano.com\/it\/wp-json\/wp\/v2\/product\/6531"}],"collection":[{"href":"https:\/\/gelsomilano.com\/it\/wp-json\/wp\/v2\/product"}],"about":[{"href":"https:\/\/gelsomilano.com\/it\/wp-json\/wp\/v2\/types\/product"}],"wp:featuredmedia":[{"embeddable":true,"href":"https:\/\/gelsomilano.com\/it\/wp-json\/wp\/v2\/media\/6532"}],"wp:attachment":[{"href":"https:\/\/gelsomilano.com\/it\/wp-json\/wp\/v2\/media?parent=6531"}],"wp:term":[{"taxonomy":"product_cat","embeddable":true,"href":"https:\/\/gelsomilano.com\/it\/wp-json\/wp\/v2\/product_cat?post=6531"},{"taxonomy":"product_tag","embeddable":true,"href":"https:\/\/gelsomilano.com\/it\/wp-json\/wp\/v2\/product_tag?post=6531"}],"curies":[{"name":"wp","href":"https:\/\/api.w.org\/{rel}","templated":true}]}}