{"id":6524,"date":"2020-01-31T12:04:59","date_gmt":"2020-01-31T11:04:59","guid":{"rendered":"https:\/\/www.gelsomilano.com\/shop\/baby-protein-silk-pajama-shirt\/"},"modified":"2022-07-09T16:07:44","modified_gmt":"2022-07-09T14:07:44","slug":"baby-protein-silk-pajama-shirt","status":"publish","type":"product","link":"https:\/\/gelsomilano.com\/it\/shop\/baby-protein-silk-pajama-shirt\/","title":{"rendered":"Baby Heaven Pajamas 100% Seta Camicia"},"content":{"rendered":"<p>Questa camicia di seta per bambini \u00e8 stata realizzata con un tessuto di seta completamente naturale, biologico ed ecosostenibile trattato con una combinazione di proteine di fibroina e chitosano.<\/p>\n<ul>\n<li><strong>100% 19 momme seta<\/strong><\/li>\n<li><strong>100% artigianato italiano<\/strong><\/li>\n<li><strong>Taglio elegante, gamba dritta<\/strong><\/li>\n<li><strong>Delicato colletto a risvolta, maniche lunghe<\/strong><\/li>\n<li><strong>Chiusura frontale con bottoni<\/strong><\/li>\n<li><strong>Rifinitura di piping con la fantasia animalier<\/strong><\/li>\n<li><strong>Bottoni ricoperti in tessuto di seta<\/strong><\/li>\n<li><strong>La taglia S della camicia ha una lunghezza di 46 cm (centro dietro)<\/strong><\/li>\n<\/ul>\n<p>La modella ha 8 anni<br \/>\nLavare a secco o lavare delicatamente a freddo con detergente per seta<\/p>\n","protected":false},"excerpt":{"rendered":"<p>La camicia del pigiama Gelso Milano \u00e8 accuratamente realizzata a mano dagli artigiani italiani per offrire la migliore qualit\u00e0 ed esperienza. La camicetta ha le maniche lunghe ed un delicato colletto risvoltato e pu\u00f2 essere abbinata ad un paio di pantaloni della vestibilit\u00e0 regolare con una cintura elasticizzata ed un cordoncino per il massimo comfort di vostra figlia. La rifinitura di piping con la fantasia animalier a contrasto conferisce a questo pigiama un elegante accento alla moda cos\u00ec importante per le piccole principesse che desiderano ardentemente entrare nel mondo della moda delle loro madri. Non c&#8217;\u00e8 niente di pi\u00f9 dolce di una madre e una figlia che condividono gli stessi stili mentre si preparano per la note. Con i nostri pigiami gemellati abbiamo creato i momenti felici di complicit\u00e0 tra mamma e figlia.<\/p>\n<p>Completa il look con la fascia per capelli abbinata per intensificare l&#8217;esperienza di bellezza.<\/p>\n<p>Il nostro pigiama viene fornito in una lussuosa borsa in velluto e in una confezione regalo brandizzata per diventare un accessorio perfetto per i tuoi viaggi o un bel regalo per i tuoi cari.<\/p>\n","protected":false},"featured_media":6525,"template":"","meta":[],"product_cat":[260,288],"product_tag":[380],"acf":[],"yoast_head":"<!-- This site is optimized with the Yoast SEO plugin v19.2 - https:\/\/yoast.com\/wordpress\/plugins\/seo\/ -->\n<title>Baby Heaven Pajamas 100% Seta Camicia | Gelso Milano<\/title>\n<meta name=\"description\" content=\"Questa camicia di seta per bambini \u00e8 stata realizzata con un tessuto di seta completamente naturale, biologico ed ecosostenibile trattato con una combinazione di proteine di fibroina e chitosano.\u00a0\" \/>\n<meta name=\"robots\" content=\"index, follow, max-snippet:-1, max-image-preview:large, max-video-preview:-1\" \/>\n<link rel=\"canonical\" href=\"https:\/\/gelsomilano.com\/it\/shop\/baby-protein-silk-pajama-shirt\/\" \/>\n<meta property=\"og:locale\" content=\"it_IT\" \/>\n<meta property=\"og:type\" content=\"article\" \/>\n<meta property=\"og:title\" content=\"Baby Heaven Pajamas 100% Seta Camicia | Gelso Milano\" \/>\n<meta property=\"og:description\" content=\"Questa camicia di seta per bambini \u00e8 stata realizzata con un tessuto di seta completamente naturale, biologico ed ecosostenibile trattato con una combinazione di proteine di fibroina e chitosano.\u00a0\" \/>\n<meta property=\"og:url\" content=\"https:\/\/gelsomilano.com\/it\/shop\/baby-protein-silk-pajama-shirt\/\" \/>\n<meta property=\"og:site_name\" content=\"Gelso Milano\" \/>\n<meta property=\"article:modified_time\" content=\"2022-07-09T14:07:44+00:00\" \/>\n<meta property=\"og:image\" content=\"https:\/\/gelsomilano.com\/wp-content\/uploads\/2020\/01\/white-kids_01.jpg?_t=1657375664\" \/>\n\t<meta property=\"og:image:width\" content=\"1668\" \/>\n\t<meta property=\"og:image:height\" content=\"2500\" \/>\n\t<meta property=\"og:image:type\" content=\"image\/jpeg\" \/>\n<meta name=\"author\" content=\"admin\" \/>\n<meta name=\"twitter:card\" content=\"summary_large_image\" \/>\n<meta name=\"twitter:label1\" content=\"Tempo di lettura stimato\" \/>\n\t<meta name=\"twitter:data1\" content=\"1 minuto\" \/>\n<script type=\"application\/ld+json\" class=\"yoast-schema-graph\">{\"@context\":\"https:\/\/schema.org\",\"@graph\":[{\"@type\":\"Organization\",\"@id\":\"https:\/\/gelsomilano.com\/#organization\",\"name\":\"Gelso Milano\",\"url\":\"https:\/\/gelsomilano.com\/\",\"sameAs\":[],\"logo\":{\"@type\":\"ImageObject\",\"inLanguage\":\"it-IT\",\"@id\":\"https:\/\/gelsomilano.com\/#\/schema\/logo\/image\/\",\"url\":\"https:\/\/gelsomilano.com\/wp-content\/uploads\/2019\/02\/logo-gelso.png\",\"contentUrl\":\"https:\/\/gelsomilano.com\/wp-content\/uploads\/2019\/02\/logo-gelso.png\",\"width\":304,\"height\":155,\"caption\":\"Gelso Milano\"},\"image\":{\"@id\":\"https:\/\/gelsomilano.com\/#\/schema\/logo\/image\/\"}},{\"@type\":\"WebSite\",\"@id\":\"https:\/\/gelsomilano.com\/#website\",\"url\":\"https:\/\/gelsomilano.com\/\",\"name\":\"Gelso Milano\",\"description\":\"Discover the art of Italian artisanry, luxury of the best silk materials and unique eye catching designs with the Gelso Milano collection of the finest Italian silk pyjamas, accessories and bedding.\",\"publisher\":{\"@id\":\"https:\/\/gelsomilano.com\/#organization\"},\"potentialAction\":[{\"@type\":\"SearchAction\",\"target\":{\"@type\":\"EntryPoint\",\"urlTemplate\":\"https:\/\/gelsomilano.com\/?s={search_term_string}\"},\"query-input\":\"required name=search_term_string\"}],\"inLanguage\":\"it-IT\"},{\"@type\":\"ImageObject\",\"inLanguage\":\"it-IT\",\"@id\":\"https:\/\/gelsomilano.com\/it\/shop\/baby-protein-silk-pajama-shirt\/#primaryimage\",\"url\":\"https:\/\/gelsomilano.com\/wp-content\/uploads\/2020\/01\/white-kids_01.jpg\",\"contentUrl\":\"https:\/\/gelsomilano.com\/wp-content\/uploads\/2020\/01\/white-kids_01.jpg\",\"width\":1668,\"height\":2500,\"caption\":\"silk pajama\"},{\"@type\":\"WebPage\",\"@id\":\"https:\/\/gelsomilano.com\/it\/shop\/baby-protein-silk-pajama-shirt\/#webpage\",\"url\":\"https:\/\/gelsomilano.com\/it\/shop\/baby-protein-silk-pajama-shirt\/\",\"name\":\"Baby Heaven Pajamas 100% Seta Camicia | Gelso Milano\",\"isPartOf\":{\"@id\":\"https:\/\/gelsomilano.com\/#website\"},\"primaryImageOfPage\":{\"@id\":\"https:\/\/gelsomilano.com\/it\/shop\/baby-protein-silk-pajama-shirt\/#primaryimage\"},\"datePublished\":\"2020-01-31T11:04:59+00:00\",\"dateModified\":\"2022-07-09T14:07:44+00:00\",\"description\":\"Questa camicia di seta per bambini \u00e8 stata realizzata con un tessuto di seta completamente naturale, biologico ed ecosostenibile trattato con una combinazione di proteine di fibroina e chitosano.\u00a0\",\"breadcrumb\":{\"@id\":\"https:\/\/gelsomilano.com\/it\/shop\/baby-protein-silk-pajama-shirt\/#breadcrumb\"},\"inLanguage\":\"it-IT\",\"potentialAction\":[{\"@type\":\"ReadAction\",\"target\":[\"https:\/\/gelsomilano.com\/it\/shop\/baby-protein-silk-pajama-shirt\/\"]}]},{\"@type\":\"BreadcrumbList\",\"@id\":\"https:\/\/gelsomilano.com\/it\/shop\/baby-protein-silk-pajama-shirt\/#breadcrumb\",\"itemListElement\":[{\"@type\":\"ListItem\",\"position\":1,\"name\":\"Home\",\"item\":\"https:\/\/gelsomilano.com\/it\/\"},{\"@type\":\"ListItem\",\"position\":2,\"name\":\"Negozio\",\"item\":\"https:\/\/gelsomilano.com\/it\/negozio\/\"},{\"@type\":\"ListItem\",\"position\":3,\"name\":\"Baby Heaven Pajamas 100% Seta Camicia\"}]}]}<\/script>\n<!-- \/ Yoast SEO plugin. -->","yoast_head_json":{"title":"Baby Heaven Pajamas 100% Seta Camicia | Gelso Milano","description":"Questa camicia di seta per bambini \u00e8 stata realizzata con un tessuto di seta completamente naturale, biologico ed ecosostenibile trattato con una combinazione di proteine di fibroina e chitosano.\u00a0","robots":{"index":"index","follow":"follow","max-snippet":"max-snippet:-1","max-image-preview":"max-image-preview:large","max-video-preview":"max-video-preview:-1"},"canonical":"https:\/\/gelsomilano.com\/it\/shop\/baby-protein-silk-pajama-shirt\/","og_locale":"it_IT","og_type":"article","og_title":"Baby Heaven Pajamas 100% Seta Camicia | Gelso Milano","og_description":"Questa camicia di seta per bambini \u00e8 stata realizzata con un tessuto di seta completamente naturale, biologico ed ecosostenibile trattato con una combinazione di proteine di fibroina e chitosano.\u00a0","og_url":"https:\/\/gelsomilano.com\/it\/shop\/baby-protein-silk-pajama-shirt\/","og_site_name":"Gelso Milano","article_modified_time":"2022-07-09T14:07:44+00:00","og_image":[{"width":1668,"height":2500,"url":"https:\/\/gelsomilano.com\/wp-content\/uploads\/2020\/01\/white-kids_01.jpg?_t=1657375664","type":"image\/jpeg"}],"author":"admin","twitter_card":"summary_large_image","twitter_misc":{"Tempo di lettura stimato":"1 minuto"},"schema":{"@context":"https:\/\/schema.org","@graph":[{"@type":"Organization","@id":"https:\/\/gelsomilano.com\/#organization","name":"Gelso Milano","url":"https:\/\/gelsomilano.com\/","sameAs":[],"logo":{"@type":"ImageObject","inLanguage":"it-IT","@id":"https:\/\/gelsomilano.com\/#\/schema\/logo\/image\/","url":"https:\/\/gelsomilano.com\/wp-content\/uploads\/2019\/02\/logo-gelso.png","contentUrl":"https:\/\/gelsomilano.com\/wp-content\/uploads\/2019\/02\/logo-gelso.png","width":304,"height":155,"caption":"Gelso Milano"},"image":{"@id":"https:\/\/gelsomilano.com\/#\/schema\/logo\/image\/"}},{"@type":"WebSite","@id":"https:\/\/gelsomilano.com\/#website","url":"https:\/\/gelsomilano.com\/","name":"Gelso Milano","description":"Discover the art of Italian artisanry, luxury of the best silk materials and unique eye catching designs with the Gelso Milano collection of the finest Italian silk pyjamas, accessories and bedding.","publisher":{"@id":"https:\/\/gelsomilano.com\/#organization"},"potentialAction":[{"@type":"SearchAction","target":{"@type":"EntryPoint","urlTemplate":"https:\/\/gelsomilano.com\/?s={search_term_string}"},"query-input":"required name=search_term_string"}],"inLanguage":"it-IT"},{"@type":"ImageObject","inLanguage":"it-IT","@id":"https:\/\/gelsomilano.com\/it\/shop\/baby-protein-silk-pajama-shirt\/#primaryimage","url":"https:\/\/gelsomilano.com\/wp-content\/uploads\/2020\/01\/white-kids_01.jpg","contentUrl":"https:\/\/gelsomilano.com\/wp-content\/uploads\/2020\/01\/white-kids_01.jpg","width":1668,"height":2500,"caption":"silk pajama"},{"@type":"WebPage","@id":"https:\/\/gelsomilano.com\/it\/shop\/baby-protein-silk-pajama-shirt\/#webpage","url":"https:\/\/gelsomilano.com\/it\/shop\/baby-protein-silk-pajama-shirt\/","name":"Baby Heaven Pajamas 100% Seta Camicia | Gelso Milano","isPartOf":{"@id":"https:\/\/gelsomilano.com\/#website"},"primaryImageOfPage":{"@id":"https:\/\/gelsomilano.com\/it\/shop\/baby-protein-silk-pajama-shirt\/#primaryimage"},"datePublished":"2020-01-31T11:04:59+00:00","dateModified":"2022-07-09T14:07:44+00:00","description":"Questa camicia di seta per bambini \u00e8 stata realizzata con un tessuto di seta completamente naturale, biologico ed ecosostenibile trattato con una combinazione di proteine di fibroina e chitosano.\u00a0","breadcrumb":{"@id":"https:\/\/gelsomilano.com\/it\/shop\/baby-protein-silk-pajama-shirt\/#breadcrumb"},"inLanguage":"it-IT","potentialAction":[{"@type":"ReadAction","target":["https:\/\/gelsomilano.com\/it\/shop\/baby-protein-silk-pajama-shirt\/"]}]},{"@type":"BreadcrumbList","@id":"https:\/\/gelsomilano.com\/it\/shop\/baby-protein-silk-pajama-shirt\/#breadcrumb","itemListElement":[{"@type":"ListItem","position":1,"name":"Home","item":"https:\/\/gelsomilano.com\/it\/"},{"@type":"ListItem","position":2,"name":"Negozio","item":"https:\/\/gelsomilano.com\/it\/negozio\/"},{"@type":"ListItem","position":3,"name":"Baby Heaven Pajamas 100% Seta Camicia"}]}]}},"_links":{"self":[{"href":"https:\/\/gelsomilano.com\/it\/wp-json\/wp\/v2\/product\/6524"}],"collection":[{"href":"https:\/\/gelsomilano.com\/it\/wp-json\/wp\/v2\/product"}],"about":[{"href":"https:\/\/gelsomilano.com\/it\/wp-json\/wp\/v2\/types\/product"}],"wp:featuredmedia":[{"embeddable":true,"href":"https:\/\/gelsomilano.com\/it\/wp-json\/wp\/v2\/media\/6525"}],"wp:attachment":[{"href":"https:\/\/gelsomilano.com\/it\/wp-json\/wp\/v2\/media?parent=6524"}],"wp:term":[{"taxonomy":"product_cat","embeddable":true,"href":"https:\/\/gelsomilano.com\/it\/wp-json\/wp\/v2\/product_cat?post=6524"},{"taxonomy":"product_tag","embeddable":true,"href":"https:\/\/gelsomilano.com\/it\/wp-json\/wp\/v2\/product_tag?post=6524"}],"curies":[{"name":"wp","href":"https:\/\/api.w.org\/{rel}","templated":true}]}}