{"id":6363,"date":"2020-01-30T14:50:19","date_gmt":"2020-01-30T13:50:19","guid":{"rendered":"https:\/\/www.gelsomilano.com\/shop\/red-leopard-pajama-shirt\/"},"modified":"2024-03-15T05:32:27","modified_gmt":"2024-03-15T04:32:27","slug":"loungewear-di-seta-camicia","status":"publish","type":"product","link":"https:\/\/gelsomilano.com\/it\/shop\/loungewear-di-seta-camicia\/","title":{"rendered":"Inferno Animalier 100% Seta Pajamas Camicia"},"content":{"rendered":"<p>La camicia di pigiama Gelso Milano \u00e8 stata scrupolosamente realizzata a mano dagli artigiani italiani nel nostro laboratorio nel sud dell\u2019Italia per dare la migliore vestibilit\u00e0 all&#8217;antico tessuto di seta.<\/p>\n<ul>\n<li><strong>100% 19 momme seta<\/strong><\/li>\n<li><strong>100% artigianato italiano<\/strong><\/li>\n<li><strong>Taglio elegante, delicato colletto a risvolta, chiusura frontale con bottoni, maniche lunghe<\/strong><\/li>\n<li><strong>Bottoni ricoperti in tessuto di seta<\/strong><\/li>\n<li><strong>La taglia S della camicia ha una lunghezza di 60 cm (centro dietro)<\/strong><\/li>\n<\/ul>\n<p>La modella \u00e8 alta 1,75 m e indossa la taglia S<br \/>\nLavare a secco o lavare delicatamente a freddo con detergente per seta.<\/p>\n<p>&nbsp;<\/p>\n<p>&nbsp;<\/p>\n","protected":false},"excerpt":{"rendered":"<p>Il loungewear di seta Gelso Milano sarebbe perfetto per semplicemente oziare a casa e sentirvi a proprio agio e rilassati, cos\u00ec come per un pranzo occasionale all&#8217;aperto della domenica con gli amici. Abbina il tuo pigiama a tacchi alti per avere il look pi\u00f9 elegante a qualsiasi cocktail party. Abbina la tua giacca del pigiama con pantaloni coordinati per la massima stravaganza o abbinala a un paio di jeans neri a vita alta per un look elegante e chic.<\/p>\n<p>Completa il look con la maschera coordinata per gli occhi o una fascia per capelli per un autentico fuoriclasse. I pigiami abbinati sono disponibili anche per le vostre piccole principesse per amorevoli madre &#8211; figlia ricordi.<\/p>\n<p>Il nostro loungewear di seta viene fornito in una lussuosa borsa in velluto e in una confezione regalo brandizzata per diventare un accessorio perfetto per i tuoi viaggi o un grande regalo per i tuoi cari.<\/p>\n<p>Questa stampa animalier multidimensionale \u00e8 di grande impatto e presenta il collegamento alla nostra adattabilit\u00e0 e istinti di caccia. In particolare, in natura questo pattern \u00e8 stato creato per rappresentare i tratti del potere, della velocit\u00e0 e della lealt\u00e0.<\/p>\n","protected":false},"featured_media":6366,"template":"","meta":[],"product_cat":[259,286],"product_tag":[],"acf":[],"yoast_head":"<!-- This site is optimized with the Yoast SEO plugin v19.2 - https:\/\/yoast.com\/wordpress\/plugins\/seo\/ -->\n<title>Inferno Animalier 100% Seta Pajamas Camicia | Gelso Milano<\/title>\n<meta name=\"description\" content=\"Il loungewear di seta Gelso Milano \u00e8 stato realizzato a mano dagli artigiani italiani per dare la migliore vestibilit\u00e0 all&#039;antico tessuto di seta.\" \/>\n<meta name=\"robots\" content=\"index, follow, max-snippet:-1, max-image-preview:large, max-video-preview:-1\" \/>\n<link rel=\"canonical\" href=\"https:\/\/gelsomilano.com\/it\/shop\/loungewear-di-seta-camicia\/\" \/>\n<meta property=\"og:locale\" content=\"it_IT\" \/>\n<meta property=\"og:type\" content=\"article\" \/>\n<meta property=\"og:title\" content=\"Inferno Animalier 100% Seta Pajamas Camicia | Gelso Milano\" \/>\n<meta property=\"og:description\" content=\"Il loungewear di seta Gelso Milano \u00e8 stato realizzato a mano dagli artigiani italiani per dare la migliore vestibilit\u00e0 all&#039;antico tessuto di seta.\" \/>\n<meta property=\"og:url\" content=\"https:\/\/gelsomilano.com\/it\/shop\/loungewear-di-seta-camicia\/\" \/>\n<meta property=\"og:site_name\" content=\"Gelso Milano\" \/>\n<meta property=\"article:modified_time\" content=\"2024-03-15T04:32:27+00:00\" \/>\n<meta property=\"og:image\" content=\"https:\/\/gelsomilano.com\/wp-content\/uploads\/2020\/01\/red-leopard_02a-683x1024.jpg\" \/>\n\t<meta property=\"og:image:width\" content=\"683\" \/>\n\t<meta property=\"og:image:height\" content=\"1024\" \/>\n\t<meta property=\"og:image:type\" content=\"image\/jpeg\" \/>\n<meta name=\"author\" content=\"admin\" \/>\n<meta name=\"twitter:card\" content=\"summary_large_image\" \/>\n<script type=\"application\/ld+json\" class=\"yoast-schema-graph\">{\"@context\":\"https:\/\/schema.org\",\"@graph\":[{\"@type\":\"Organization\",\"@id\":\"https:\/\/gelsomilano.com\/#organization\",\"name\":\"Gelso Milano\",\"url\":\"https:\/\/gelsomilano.com\/\",\"sameAs\":[],\"logo\":{\"@type\":\"ImageObject\",\"inLanguage\":\"it-IT\",\"@id\":\"https:\/\/gelsomilano.com\/#\/schema\/logo\/image\/\",\"url\":\"https:\/\/gelsomilano.com\/wp-content\/uploads\/2019\/02\/logo-gelso.png\",\"contentUrl\":\"https:\/\/gelsomilano.com\/wp-content\/uploads\/2019\/02\/logo-gelso.png\",\"width\":304,\"height\":155,\"caption\":\"Gelso Milano\"},\"image\":{\"@id\":\"https:\/\/gelsomilano.com\/#\/schema\/logo\/image\/\"}},{\"@type\":\"WebSite\",\"@id\":\"https:\/\/gelsomilano.com\/#website\",\"url\":\"https:\/\/gelsomilano.com\/\",\"name\":\"Gelso Milano\",\"description\":\"Discover the art of Italian artisanry, luxury of the best silk materials and unique eye catching designs with the Gelso Milano collection of the finest Italian silk pyjamas, accessories and bedding.\",\"publisher\":{\"@id\":\"https:\/\/gelsomilano.com\/#organization\"},\"potentialAction\":[{\"@type\":\"SearchAction\",\"target\":{\"@type\":\"EntryPoint\",\"urlTemplate\":\"https:\/\/gelsomilano.com\/?s={search_term_string}\"},\"query-input\":\"required name=search_term_string\"}],\"inLanguage\":\"it-IT\"},{\"@type\":\"ImageObject\",\"inLanguage\":\"it-IT\",\"@id\":\"https:\/\/gelsomilano.com\/it\/shop\/loungewear-di-seta-camicia\/#primaryimage\",\"url\":\"https:\/\/gelsomilano.com\/wp-content\/uploads\/2020\/01\/red-leopard_02a.jpg\",\"contentUrl\":\"https:\/\/gelsomilano.com\/wp-content\/uploads\/2020\/01\/red-leopard_02a.jpg\",\"width\":1668,\"height\":2500,\"caption\":\"silk pajama\"},{\"@type\":\"WebPage\",\"@id\":\"https:\/\/gelsomilano.com\/it\/shop\/loungewear-di-seta-camicia\/#webpage\",\"url\":\"https:\/\/gelsomilano.com\/it\/shop\/loungewear-di-seta-camicia\/\",\"name\":\"Inferno Animalier 100% Seta Pajamas Camicia | Gelso Milano\",\"isPartOf\":{\"@id\":\"https:\/\/gelsomilano.com\/#website\"},\"primaryImageOfPage\":{\"@id\":\"https:\/\/gelsomilano.com\/it\/shop\/loungewear-di-seta-camicia\/#primaryimage\"},\"datePublished\":\"2020-01-30T13:50:19+00:00\",\"dateModified\":\"2024-03-15T04:32:27+00:00\",\"description\":\"Il loungewear di seta Gelso Milano \u00e8 stato realizzato a mano dagli artigiani italiani per dare la migliore vestibilit\u00e0 all'antico tessuto di seta.\",\"breadcrumb\":{\"@id\":\"https:\/\/gelsomilano.com\/it\/shop\/loungewear-di-seta-camicia\/#breadcrumb\"},\"inLanguage\":\"it-IT\",\"potentialAction\":[{\"@type\":\"ReadAction\",\"target\":[\"https:\/\/gelsomilano.com\/it\/shop\/loungewear-di-seta-camicia\/\"]}]},{\"@type\":\"BreadcrumbList\",\"@id\":\"https:\/\/gelsomilano.com\/it\/shop\/loungewear-di-seta-camicia\/#breadcrumb\",\"itemListElement\":[{\"@type\":\"ListItem\",\"position\":1,\"name\":\"Home\",\"item\":\"https:\/\/gelsomilano.com\/it\/\"},{\"@type\":\"ListItem\",\"position\":2,\"name\":\"Negozio\",\"item\":\"https:\/\/gelsomilano.com\/it\/negozio\/\"},{\"@type\":\"ListItem\",\"position\":3,\"name\":\"Inferno Animalier 100% Seta Pajamas Camicia\"}]}]}<\/script>\n<!-- \/ Yoast SEO plugin. -->","yoast_head_json":{"title":"Inferno Animalier 100% Seta Pajamas Camicia | Gelso Milano","description":"Il loungewear di seta Gelso Milano \u00e8 stato realizzato a mano dagli artigiani italiani per dare la migliore vestibilit\u00e0 all'antico tessuto di seta.","robots":{"index":"index","follow":"follow","max-snippet":"max-snippet:-1","max-image-preview":"max-image-preview:large","max-video-preview":"max-video-preview:-1"},"canonical":"https:\/\/gelsomilano.com\/it\/shop\/loungewear-di-seta-camicia\/","og_locale":"it_IT","og_type":"article","og_title":"Inferno Animalier 100% Seta Pajamas Camicia | Gelso Milano","og_description":"Il loungewear di seta Gelso Milano \u00e8 stato realizzato a mano dagli artigiani italiani per dare la migliore vestibilit\u00e0 all'antico tessuto di seta.","og_url":"https:\/\/gelsomilano.com\/it\/shop\/loungewear-di-seta-camicia\/","og_site_name":"Gelso Milano","article_modified_time":"2024-03-15T04:32:27+00:00","og_image":[{"width":683,"height":1024,"url":"https:\/\/gelsomilano.com\/wp-content\/uploads\/2020\/01\/red-leopard_02a-683x1024.jpg","type":"image\/jpeg"}],"author":"admin","twitter_card":"summary_large_image","schema":{"@context":"https:\/\/schema.org","@graph":[{"@type":"Organization","@id":"https:\/\/gelsomilano.com\/#organization","name":"Gelso Milano","url":"https:\/\/gelsomilano.com\/","sameAs":[],"logo":{"@type":"ImageObject","inLanguage":"it-IT","@id":"https:\/\/gelsomilano.com\/#\/schema\/logo\/image\/","url":"https:\/\/gelsomilano.com\/wp-content\/uploads\/2019\/02\/logo-gelso.png","contentUrl":"https:\/\/gelsomilano.com\/wp-content\/uploads\/2019\/02\/logo-gelso.png","width":304,"height":155,"caption":"Gelso Milano"},"image":{"@id":"https:\/\/gelsomilano.com\/#\/schema\/logo\/image\/"}},{"@type":"WebSite","@id":"https:\/\/gelsomilano.com\/#website","url":"https:\/\/gelsomilano.com\/","name":"Gelso Milano","description":"Discover the art of Italian artisanry, luxury of the best silk materials and unique eye catching designs with the Gelso Milano collection of the finest Italian silk pyjamas, accessories and bedding.","publisher":{"@id":"https:\/\/gelsomilano.com\/#organization"},"potentialAction":[{"@type":"SearchAction","target":{"@type":"EntryPoint","urlTemplate":"https:\/\/gelsomilano.com\/?s={search_term_string}"},"query-input":"required name=search_term_string"}],"inLanguage":"it-IT"},{"@type":"ImageObject","inLanguage":"it-IT","@id":"https:\/\/gelsomilano.com\/it\/shop\/loungewear-di-seta-camicia\/#primaryimage","url":"https:\/\/gelsomilano.com\/wp-content\/uploads\/2020\/01\/red-leopard_02a.jpg","contentUrl":"https:\/\/gelsomilano.com\/wp-content\/uploads\/2020\/01\/red-leopard_02a.jpg","width":1668,"height":2500,"caption":"silk pajama"},{"@type":"WebPage","@id":"https:\/\/gelsomilano.com\/it\/shop\/loungewear-di-seta-camicia\/#webpage","url":"https:\/\/gelsomilano.com\/it\/shop\/loungewear-di-seta-camicia\/","name":"Inferno Animalier 100% Seta Pajamas Camicia | Gelso Milano","isPartOf":{"@id":"https:\/\/gelsomilano.com\/#website"},"primaryImageOfPage":{"@id":"https:\/\/gelsomilano.com\/it\/shop\/loungewear-di-seta-camicia\/#primaryimage"},"datePublished":"2020-01-30T13:50:19+00:00","dateModified":"2024-03-15T04:32:27+00:00","description":"Il loungewear di seta Gelso Milano \u00e8 stato realizzato a mano dagli artigiani italiani per dare la migliore vestibilit\u00e0 all'antico tessuto di seta.","breadcrumb":{"@id":"https:\/\/gelsomilano.com\/it\/shop\/loungewear-di-seta-camicia\/#breadcrumb"},"inLanguage":"it-IT","potentialAction":[{"@type":"ReadAction","target":["https:\/\/gelsomilano.com\/it\/shop\/loungewear-di-seta-camicia\/"]}]},{"@type":"BreadcrumbList","@id":"https:\/\/gelsomilano.com\/it\/shop\/loungewear-di-seta-camicia\/#breadcrumb","itemListElement":[{"@type":"ListItem","position":1,"name":"Home","item":"https:\/\/gelsomilano.com\/it\/"},{"@type":"ListItem","position":2,"name":"Negozio","item":"https:\/\/gelsomilano.com\/it\/negozio\/"},{"@type":"ListItem","position":3,"name":"Inferno Animalier 100% Seta Pajamas Camicia"}]}]}},"_links":{"self":[{"href":"https:\/\/gelsomilano.com\/it\/wp-json\/wp\/v2\/product\/6363"}],"collection":[{"href":"https:\/\/gelsomilano.com\/it\/wp-json\/wp\/v2\/product"}],"about":[{"href":"https:\/\/gelsomilano.com\/it\/wp-json\/wp\/v2\/types\/product"}],"wp:featuredmedia":[{"embeddable":true,"href":"https:\/\/gelsomilano.com\/it\/wp-json\/wp\/v2\/media\/6366"}],"wp:attachment":[{"href":"https:\/\/gelsomilano.com\/it\/wp-json\/wp\/v2\/media?parent=6363"}],"wp:term":[{"taxonomy":"product_cat","embeddable":true,"href":"https:\/\/gelsomilano.com\/it\/wp-json\/wp\/v2\/product_cat?post=6363"},{"taxonomy":"product_tag","embeddable":true,"href":"https:\/\/gelsomilano.com\/it\/wp-json\/wp\/v2\/product_tag?post=6363"}],"curies":[{"name":"wp","href":"https:\/\/api.w.org\/{rel}","templated":true}]}}