{"id":6338,"date":"2020-01-30T13:09:27","date_gmt":"2020-01-30T12:09:27","guid":{"rendered":"https:\/\/www.gelsomilano.com\/shop\/black-zebra-pajama-pants\/"},"modified":"2022-07-09T18:14:50","modified_gmt":"2022-07-09T16:14:50","slug":"pigiama-in-pura-seta-pantaloni-black-zebra-print","status":"publish","type":"product","link":"https:\/\/gelsomilano.com\/it\/shop\/pigiama-in-pura-seta-pantaloni-black-zebra-print\/","title":{"rendered":"African Night 100% Seta Pajamas Pantaloni"},"content":{"rendered":"<p>I pantaloni di pigiama Gelso Milano sono stati scrupolosamente realizzati a mano dagli artigiani italiani nel nostro laboratorio nel sud dell\u2019Italia per dare la migliore vestibilit\u00e0 all&#8217;antico tessuto di seta. I pantaloni sono caratterizzati da vestibilit\u00e0 slim fit con una lunghezza alla caviglia e una cintura elasticizzata abbinata a un cordoncino per una vestibilit\u00e0 personalizzata.<\/p>\n<ul>\n<li><strong>100% 19 momme seta<\/strong><\/li>\n<li><strong>100% artigianato italiano<\/strong><\/li>\n<li><strong>Taglio slim ultra-femminile<\/strong><\/li>\n<li><strong>Vita elastica e coulisse per il massimo comfort<\/strong><\/li>\n<li><strong>Lunghezza alla caviglia, tasche laterali<\/strong><\/li>\n<li><strong>La taglia S dei pantaloni ha il cavalo di 73 cm<\/strong><\/li>\n<\/ul>\n<p>La modella \u00e8 alta 1,75 m e indossa la taglia S<br \/>\nLavare a secco o lavare delicatamente a freddo con detergente per seta<\/p>\n","protected":false},"excerpt":{"rendered":"<p>I pantaloni del pigiama Gelso Milano di fantasia &#8220;Pink Animalier&#8221; sarebbero perfetti per semplicemente oziare a casa e sentirvi a proprio agio e rilassati, cos\u00ec come per un pranzo occasionale all&#8217;aperto della domenica con gli amici. Abbina i tuoi pantaloni del pigiama con una camicia coordinata per la massima stravaganza o abbinali a un semplice top nero per un look comodo.<\/p>\n<p>Completa il look con la maschera coordinata per gli occhi o una fascia per capelli per un autentico fuoriclasse. I pigiami abbinati sono disponibili anche per le vostre piccole principesse per amorevoli madre &#8211; figlia ricordi.<\/p>\n<p>Il nostro pigiama viene fornito in una lussuosa borsa in velluto e in una confezione regalo brandizzata per diventare un accessorio perfetto per i tuoi viaggi o un grande regalo per i tuoi cari.<\/p>\n<p>La fantasia &#8220;African Night&#8221; caratterizza il viaggio di un animale straordinario che rappresenta comunit\u00e0, libert\u00e0, equilibrio e individualismo. Le zebre sono ammirate per la loro indomabile natura libera e selvaggia e per i loro motivi a strisce unici che rappresentano l&#8217;arte di fondere opposti come lo ying e lo yang.<\/p>\n","protected":false},"featured_media":6339,"template":"","meta":[],"product_cat":[259,286],"product_tag":[],"acf":[],"yoast_head":"<!-- This site is optimized with the Yoast SEO plugin v19.2 - https:\/\/yoast.com\/wordpress\/plugins\/seo\/ -->\n<title>African Night 100% Seta Pajamas Pantaloni | Gelso Milano<\/title>\n<meta name=\"description\" content=\"Il set di pigiama in pura seta Gelso Milano \u00e8 stato realizzato a mano dagli artigiani italiani per dare la migliore vestibilit\u00e0 all&#039;antico tessuto di seta.\" \/>\n<meta name=\"robots\" content=\"index, follow, max-snippet:-1, max-image-preview:large, max-video-preview:-1\" \/>\n<link rel=\"canonical\" href=\"https:\/\/gelsomilano.com\/it\/shop\/pigiama-in-pura-seta-pantaloni-black-zebra-print\/\" \/>\n<meta property=\"og:locale\" content=\"it_IT\" \/>\n<meta property=\"og:type\" content=\"article\" \/>\n<meta property=\"og:title\" content=\"African Night 100% Seta Pajamas Pantaloni | Gelso Milano\" \/>\n<meta property=\"og:description\" content=\"Il set di pigiama in pura seta Gelso Milano \u00e8 stato realizzato a mano dagli artigiani italiani per dare la migliore vestibilit\u00e0 all&#039;antico tessuto di seta.\" \/>\n<meta property=\"og:url\" content=\"https:\/\/gelsomilano.com\/it\/shop\/pigiama-in-pura-seta-pantaloni-black-zebra-print\/\" \/>\n<meta property=\"og:site_name\" content=\"Gelso Milano\" \/>\n<meta property=\"article:modified_time\" content=\"2022-07-09T16:14:50+00:00\" \/>\n<meta property=\"og:image\" content=\"https:\/\/gelsomilano.com\/wp-content\/uploads\/2020\/01\/zebra-dark-pants_01-683x1024.jpg\" \/>\n\t<meta property=\"og:image:width\" content=\"683\" \/>\n\t<meta property=\"og:image:height\" content=\"1024\" \/>\n\t<meta property=\"og:image:type\" content=\"image\/jpeg\" \/>\n<meta name=\"author\" content=\"admin\" \/>\n<meta name=\"twitter:card\" content=\"summary_large_image\" \/>\n<meta name=\"twitter:label1\" content=\"Tempo di lettura stimato\" \/>\n\t<meta name=\"twitter:data1\" content=\"1 minuto\" \/>\n<script type=\"application\/ld+json\" class=\"yoast-schema-graph\">{\"@context\":\"https:\/\/schema.org\",\"@graph\":[{\"@type\":\"Organization\",\"@id\":\"https:\/\/gelsomilano.com\/#organization\",\"name\":\"Gelso Milano\",\"url\":\"https:\/\/gelsomilano.com\/\",\"sameAs\":[],\"logo\":{\"@type\":\"ImageObject\",\"inLanguage\":\"it-IT\",\"@id\":\"https:\/\/gelsomilano.com\/#\/schema\/logo\/image\/\",\"url\":\"https:\/\/gelsomilano.com\/wp-content\/uploads\/2019\/02\/logo-gelso.png\",\"contentUrl\":\"https:\/\/gelsomilano.com\/wp-content\/uploads\/2019\/02\/logo-gelso.png\",\"width\":304,\"height\":155,\"caption\":\"Gelso Milano\"},\"image\":{\"@id\":\"https:\/\/gelsomilano.com\/#\/schema\/logo\/image\/\"}},{\"@type\":\"WebSite\",\"@id\":\"https:\/\/gelsomilano.com\/#website\",\"url\":\"https:\/\/gelsomilano.com\/\",\"name\":\"Gelso Milano\",\"description\":\"Discover the art of Italian artisanry, luxury of the best silk materials and unique eye catching designs with the Gelso Milano collection of the finest Italian silk pyjamas, accessories and bedding.\",\"publisher\":{\"@id\":\"https:\/\/gelsomilano.com\/#organization\"},\"potentialAction\":[{\"@type\":\"SearchAction\",\"target\":{\"@type\":\"EntryPoint\",\"urlTemplate\":\"https:\/\/gelsomilano.com\/?s={search_term_string}\"},\"query-input\":\"required name=search_term_string\"}],\"inLanguage\":\"it-IT\"},{\"@type\":\"ImageObject\",\"inLanguage\":\"it-IT\",\"@id\":\"https:\/\/gelsomilano.com\/it\/shop\/pigiama-in-pura-seta-pantaloni-black-zebra-print\/#primaryimage\",\"url\":\"https:\/\/gelsomilano.com\/wp-content\/uploads\/2020\/01\/zebra-dark-pants_01.jpg\",\"contentUrl\":\"https:\/\/gelsomilano.com\/wp-content\/uploads\/2020\/01\/zebra-dark-pants_01.jpg\",\"width\":1668,\"height\":2500,\"caption\":\"printed silk pyjamas\"},{\"@type\":\"WebPage\",\"@id\":\"https:\/\/gelsomilano.com\/it\/shop\/pigiama-in-pura-seta-pantaloni-black-zebra-print\/#webpage\",\"url\":\"https:\/\/gelsomilano.com\/it\/shop\/pigiama-in-pura-seta-pantaloni-black-zebra-print\/\",\"name\":\"African Night 100% Seta Pajamas Pantaloni | Gelso Milano\",\"isPartOf\":{\"@id\":\"https:\/\/gelsomilano.com\/#website\"},\"primaryImageOfPage\":{\"@id\":\"https:\/\/gelsomilano.com\/it\/shop\/pigiama-in-pura-seta-pantaloni-black-zebra-print\/#primaryimage\"},\"datePublished\":\"2020-01-30T12:09:27+00:00\",\"dateModified\":\"2022-07-09T16:14:50+00:00\",\"description\":\"Il set di pigiama in pura seta Gelso Milano \u00e8 stato realizzato a mano dagli artigiani italiani per dare la migliore vestibilit\u00e0 all'antico tessuto di seta.\",\"breadcrumb\":{\"@id\":\"https:\/\/gelsomilano.com\/it\/shop\/pigiama-in-pura-seta-pantaloni-black-zebra-print\/#breadcrumb\"},\"inLanguage\":\"it-IT\",\"potentialAction\":[{\"@type\":\"ReadAction\",\"target\":[\"https:\/\/gelsomilano.com\/it\/shop\/pigiama-in-pura-seta-pantaloni-black-zebra-print\/\"]}]},{\"@type\":\"BreadcrumbList\",\"@id\":\"https:\/\/gelsomilano.com\/it\/shop\/pigiama-in-pura-seta-pantaloni-black-zebra-print\/#breadcrumb\",\"itemListElement\":[{\"@type\":\"ListItem\",\"position\":1,\"name\":\"Home\",\"item\":\"https:\/\/gelsomilano.com\/it\/\"},{\"@type\":\"ListItem\",\"position\":2,\"name\":\"Negozio\",\"item\":\"https:\/\/gelsomilano.com\/it\/negozio\/\"},{\"@type\":\"ListItem\",\"position\":3,\"name\":\"African Night 100% Seta Pajamas Pantaloni\"}]}]}<\/script>\n<!-- \/ Yoast SEO plugin. -->","yoast_head_json":{"title":"African Night 100% Seta Pajamas Pantaloni | Gelso Milano","description":"Il set di pigiama in pura seta Gelso Milano \u00e8 stato realizzato a mano dagli artigiani italiani per dare la migliore vestibilit\u00e0 all'antico tessuto di seta.","robots":{"index":"index","follow":"follow","max-snippet":"max-snippet:-1","max-image-preview":"max-image-preview:large","max-video-preview":"max-video-preview:-1"},"canonical":"https:\/\/gelsomilano.com\/it\/shop\/pigiama-in-pura-seta-pantaloni-black-zebra-print\/","og_locale":"it_IT","og_type":"article","og_title":"African Night 100% Seta Pajamas Pantaloni | Gelso Milano","og_description":"Il set di pigiama in pura seta Gelso Milano \u00e8 stato realizzato a mano dagli artigiani italiani per dare la migliore vestibilit\u00e0 all'antico tessuto di seta.","og_url":"https:\/\/gelsomilano.com\/it\/shop\/pigiama-in-pura-seta-pantaloni-black-zebra-print\/","og_site_name":"Gelso Milano","article_modified_time":"2022-07-09T16:14:50+00:00","og_image":[{"width":683,"height":1024,"url":"https:\/\/gelsomilano.com\/wp-content\/uploads\/2020\/01\/zebra-dark-pants_01-683x1024.jpg","type":"image\/jpeg"}],"author":"admin","twitter_card":"summary_large_image","twitter_misc":{"Tempo di lettura stimato":"1 minuto"},"schema":{"@context":"https:\/\/schema.org","@graph":[{"@type":"Organization","@id":"https:\/\/gelsomilano.com\/#organization","name":"Gelso Milano","url":"https:\/\/gelsomilano.com\/","sameAs":[],"logo":{"@type":"ImageObject","inLanguage":"it-IT","@id":"https:\/\/gelsomilano.com\/#\/schema\/logo\/image\/","url":"https:\/\/gelsomilano.com\/wp-content\/uploads\/2019\/02\/logo-gelso.png","contentUrl":"https:\/\/gelsomilano.com\/wp-content\/uploads\/2019\/02\/logo-gelso.png","width":304,"height":155,"caption":"Gelso Milano"},"image":{"@id":"https:\/\/gelsomilano.com\/#\/schema\/logo\/image\/"}},{"@type":"WebSite","@id":"https:\/\/gelsomilano.com\/#website","url":"https:\/\/gelsomilano.com\/","name":"Gelso Milano","description":"Discover the art of Italian artisanry, luxury of the best silk materials and unique eye catching designs with the Gelso Milano collection of the finest Italian silk pyjamas, accessories and bedding.","publisher":{"@id":"https:\/\/gelsomilano.com\/#organization"},"potentialAction":[{"@type":"SearchAction","target":{"@type":"EntryPoint","urlTemplate":"https:\/\/gelsomilano.com\/?s={search_term_string}"},"query-input":"required name=search_term_string"}],"inLanguage":"it-IT"},{"@type":"ImageObject","inLanguage":"it-IT","@id":"https:\/\/gelsomilano.com\/it\/shop\/pigiama-in-pura-seta-pantaloni-black-zebra-print\/#primaryimage","url":"https:\/\/gelsomilano.com\/wp-content\/uploads\/2020\/01\/zebra-dark-pants_01.jpg","contentUrl":"https:\/\/gelsomilano.com\/wp-content\/uploads\/2020\/01\/zebra-dark-pants_01.jpg","width":1668,"height":2500,"caption":"printed silk pyjamas"},{"@type":"WebPage","@id":"https:\/\/gelsomilano.com\/it\/shop\/pigiama-in-pura-seta-pantaloni-black-zebra-print\/#webpage","url":"https:\/\/gelsomilano.com\/it\/shop\/pigiama-in-pura-seta-pantaloni-black-zebra-print\/","name":"African Night 100% Seta Pajamas Pantaloni | Gelso Milano","isPartOf":{"@id":"https:\/\/gelsomilano.com\/#website"},"primaryImageOfPage":{"@id":"https:\/\/gelsomilano.com\/it\/shop\/pigiama-in-pura-seta-pantaloni-black-zebra-print\/#primaryimage"},"datePublished":"2020-01-30T12:09:27+00:00","dateModified":"2022-07-09T16:14:50+00:00","description":"Il set di pigiama in pura seta Gelso Milano \u00e8 stato realizzato a mano dagli artigiani italiani per dare la migliore vestibilit\u00e0 all'antico tessuto di seta.","breadcrumb":{"@id":"https:\/\/gelsomilano.com\/it\/shop\/pigiama-in-pura-seta-pantaloni-black-zebra-print\/#breadcrumb"},"inLanguage":"it-IT","potentialAction":[{"@type":"ReadAction","target":["https:\/\/gelsomilano.com\/it\/shop\/pigiama-in-pura-seta-pantaloni-black-zebra-print\/"]}]},{"@type":"BreadcrumbList","@id":"https:\/\/gelsomilano.com\/it\/shop\/pigiama-in-pura-seta-pantaloni-black-zebra-print\/#breadcrumb","itemListElement":[{"@type":"ListItem","position":1,"name":"Home","item":"https:\/\/gelsomilano.com\/it\/"},{"@type":"ListItem","position":2,"name":"Negozio","item":"https:\/\/gelsomilano.com\/it\/negozio\/"},{"@type":"ListItem","position":3,"name":"African Night 100% Seta Pajamas Pantaloni"}]}]}},"_links":{"self":[{"href":"https:\/\/gelsomilano.com\/it\/wp-json\/wp\/v2\/product\/6338"}],"collection":[{"href":"https:\/\/gelsomilano.com\/it\/wp-json\/wp\/v2\/product"}],"about":[{"href":"https:\/\/gelsomilano.com\/it\/wp-json\/wp\/v2\/types\/product"}],"wp:featuredmedia":[{"embeddable":true,"href":"https:\/\/gelsomilano.com\/it\/wp-json\/wp\/v2\/media\/6339"}],"wp:attachment":[{"href":"https:\/\/gelsomilano.com\/it\/wp-json\/wp\/v2\/media?parent=6338"}],"wp:term":[{"taxonomy":"product_cat","embeddable":true,"href":"https:\/\/gelsomilano.com\/it\/wp-json\/wp\/v2\/product_cat?post=6338"},{"taxonomy":"product_tag","embeddable":true,"href":"https:\/\/gelsomilano.com\/it\/wp-json\/wp\/v2\/product_tag?post=6338"}],"curies":[{"name":"wp","href":"https:\/\/api.w.org\/{rel}","templated":true}]}}