{"id":6301,"date":"2020-01-30T15:13:30","date_gmt":"2020-01-30T10:42:30","guid":{"rendered":"https:\/\/www.gelsomilano.com\/shop\/red-animalier-shorts\/"},"modified":"2022-07-08T23:32:38","modified_gmt":"2022-07-08T21:32:38","slug":"pantaloncini-animalier-leopardo-rosso","status":"publish","type":"product","link":"https:\/\/gelsomilano.com\/it\/shop\/pantaloncini-animalier-leopardo-rosso\/","title":{"rendered":"Inferno Animalier 100% Seta Pantaloncini"},"content":{"rendered":"<p>Questi graziosi pantaloncini sono realizzati nel nostro laboratorio artigianale in Italia dal raso di seta con la famosa stampa animalier Gelso Milano.<\/p>\n<ul>\n<li><strong>Vita alta, risvolti<\/strong><\/li>\n<li><strong>Tasche laterali<\/strong><\/li>\n<li><strong>Zip invisibile posteriore<\/strong><\/li>\n<li><strong>93% seta 7% elastan<\/strong><\/li>\n<li><strong>Fatto a mano in Italia<\/strong><\/li>\n<li><strong>STAMPA: stampa maculata rossa<\/strong><\/li>\n<\/ul>\n","protected":false},"excerpt":{"rendered":"<p>I nostri pantaloncini animalier in seta sono realizzati con vita alta aderente, risvolti e tasche laterali a filetto. Per la silhouette pi\u00f9 sensuale e sofisticata c&#8217;\u00e8 una zip invisibile sul retro. Abbinali a un top coordinato per un look esclusivo o semplicemente mettili con una camicetta nera e stivali per una serata perfetta.<\/p>\n<p>La stampa animalier multidimensionale di Gelso Milano \u00e8 di grande impatto e presenta la connessione alla nostra adattabilit\u00e0 e istinti di caccia. In particolare, in natura questo pattern \u00e8 stato creato per rappresentare i tratti del potere, della velocit\u00e0 e della lealt\u00e0.<\/p>\n<p>&nbsp;<\/p>\n<p>&nbsp;<\/p>\n","protected":false},"featured_media":6302,"template":"","meta":[],"product_cat":[377,259],"product_tag":[330,331],"acf":[],"yoast_head":"<!-- This site is optimized with the Yoast SEO plugin v19.2 - https:\/\/yoast.com\/wordpress\/plugins\/seo\/ -->\n<title>Inferno Animalier 100% Seta Pantaloncini | Gelso Milano<\/title>\n<meta name=\"description\" content=\"Sceglii nostri pantaloncini animalier in seta realizzati con vita alta aderenteper la silhouette pi\u00f9 sensuale e sofisticata.\" \/>\n<meta name=\"robots\" content=\"index, follow, max-snippet:-1, max-image-preview:large, max-video-preview:-1\" \/>\n<link rel=\"canonical\" href=\"https:\/\/gelsomilano.com\/it\/shop\/pantaloncini-animalier-leopardo-rosso\/\" \/>\n<meta property=\"og:locale\" content=\"it_IT\" \/>\n<meta property=\"og:type\" content=\"article\" \/>\n<meta property=\"og:title\" content=\"Inferno Animalier 100% Seta Pantaloncini | Gelso Milano\" \/>\n<meta property=\"og:description\" content=\"Sceglii nostri pantaloncini animalier in seta realizzati con vita alta aderenteper la silhouette pi\u00f9 sensuale e sofisticata.\" \/>\n<meta property=\"og:url\" content=\"https:\/\/gelsomilano.com\/it\/shop\/pantaloncini-animalier-leopardo-rosso\/\" \/>\n<meta property=\"og:site_name\" content=\"Gelso Milano\" \/>\n<meta property=\"article:modified_time\" content=\"2022-07-08T21:32:38+00:00\" \/>\n<meta property=\"og:image\" content=\"https:\/\/gelsomilano.com\/wp-content\/uploads\/2020\/01\/Shorts_01.jpg?_t=1657315958\" \/>\n\t<meta property=\"og:image:width\" content=\"1668\" \/>\n\t<meta property=\"og:image:height\" content=\"2500\" \/>\n\t<meta property=\"og:image:type\" content=\"image\/jpeg\" \/>\n<meta name=\"author\" content=\"admin\" \/>\n<meta name=\"twitter:card\" content=\"summary_large_image\" \/>\n<meta name=\"twitter:label1\" content=\"Tempo di lettura stimato\" \/>\n\t<meta name=\"twitter:data1\" content=\"1 minuto\" \/>\n<script type=\"application\/ld+json\" class=\"yoast-schema-graph\">{\"@context\":\"https:\/\/schema.org\",\"@graph\":[{\"@type\":\"Organization\",\"@id\":\"https:\/\/gelsomilano.com\/#organization\",\"name\":\"Gelso Milano\",\"url\":\"https:\/\/gelsomilano.com\/\",\"sameAs\":[],\"logo\":{\"@type\":\"ImageObject\",\"inLanguage\":\"it-IT\",\"@id\":\"https:\/\/gelsomilano.com\/#\/schema\/logo\/image\/\",\"url\":\"https:\/\/gelsomilano.com\/wp-content\/uploads\/2019\/02\/logo-gelso.png\",\"contentUrl\":\"https:\/\/gelsomilano.com\/wp-content\/uploads\/2019\/02\/logo-gelso.png\",\"width\":304,\"height\":155,\"caption\":\"Gelso Milano\"},\"image\":{\"@id\":\"https:\/\/gelsomilano.com\/#\/schema\/logo\/image\/\"}},{\"@type\":\"WebSite\",\"@id\":\"https:\/\/gelsomilano.com\/#website\",\"url\":\"https:\/\/gelsomilano.com\/\",\"name\":\"Gelso Milano\",\"description\":\"Discover the art of Italian artisanry, luxury of the best silk materials and unique eye catching designs with the Gelso Milano collection of the finest Italian silk pyjamas, accessories and bedding.\",\"publisher\":{\"@id\":\"https:\/\/gelsomilano.com\/#organization\"},\"potentialAction\":[{\"@type\":\"SearchAction\",\"target\":{\"@type\":\"EntryPoint\",\"urlTemplate\":\"https:\/\/gelsomilano.com\/?s={search_term_string}\"},\"query-input\":\"required name=search_term_string\"}],\"inLanguage\":\"it-IT\"},{\"@type\":\"ImageObject\",\"inLanguage\":\"it-IT\",\"@id\":\"https:\/\/gelsomilano.com\/it\/shop\/pantaloncini-animalier-leopardo-rosso\/#primaryimage\",\"url\":\"https:\/\/gelsomilano.com\/wp-content\/uploads\/2020\/01\/Shorts_01.jpg\",\"contentUrl\":\"https:\/\/gelsomilano.com\/wp-content\/uploads\/2020\/01\/Shorts_01.jpg\",\"width\":1668,\"height\":2500,\"caption\":\"animalier shorts\"},{\"@type\":\"WebPage\",\"@id\":\"https:\/\/gelsomilano.com\/it\/shop\/pantaloncini-animalier-leopardo-rosso\/#webpage\",\"url\":\"https:\/\/gelsomilano.com\/it\/shop\/pantaloncini-animalier-leopardo-rosso\/\",\"name\":\"Inferno Animalier 100% Seta Pantaloncini | Gelso Milano\",\"isPartOf\":{\"@id\":\"https:\/\/gelsomilano.com\/#website\"},\"primaryImageOfPage\":{\"@id\":\"https:\/\/gelsomilano.com\/it\/shop\/pantaloncini-animalier-leopardo-rosso\/#primaryimage\"},\"datePublished\":\"2020-01-30T10:42:30+00:00\",\"dateModified\":\"2022-07-08T21:32:38+00:00\",\"description\":\"Sceglii nostri pantaloncini animalier in seta realizzati con vita alta aderenteper la silhouette pi\u00f9 sensuale e sofisticata.\",\"breadcrumb\":{\"@id\":\"https:\/\/gelsomilano.com\/it\/shop\/pantaloncini-animalier-leopardo-rosso\/#breadcrumb\"},\"inLanguage\":\"it-IT\",\"potentialAction\":[{\"@type\":\"ReadAction\",\"target\":[\"https:\/\/gelsomilano.com\/it\/shop\/pantaloncini-animalier-leopardo-rosso\/\"]}]},{\"@type\":\"BreadcrumbList\",\"@id\":\"https:\/\/gelsomilano.com\/it\/shop\/pantaloncini-animalier-leopardo-rosso\/#breadcrumb\",\"itemListElement\":[{\"@type\":\"ListItem\",\"position\":1,\"name\":\"Home\",\"item\":\"https:\/\/gelsomilano.com\/it\/\"},{\"@type\":\"ListItem\",\"position\":2,\"name\":\"Negozio\",\"item\":\"https:\/\/gelsomilano.com\/it\/negozio\/\"},{\"@type\":\"ListItem\",\"position\":3,\"name\":\"Inferno Animalier 100% Seta Pantaloncini\"}]}]}<\/script>\n<!-- \/ Yoast SEO plugin. -->","yoast_head_json":{"title":"Inferno Animalier 100% Seta Pantaloncini | Gelso Milano","description":"Sceglii nostri pantaloncini animalier in seta realizzati con vita alta aderenteper la silhouette pi\u00f9 sensuale e sofisticata.","robots":{"index":"index","follow":"follow","max-snippet":"max-snippet:-1","max-image-preview":"max-image-preview:large","max-video-preview":"max-video-preview:-1"},"canonical":"https:\/\/gelsomilano.com\/it\/shop\/pantaloncini-animalier-leopardo-rosso\/","og_locale":"it_IT","og_type":"article","og_title":"Inferno Animalier 100% Seta Pantaloncini | Gelso Milano","og_description":"Sceglii nostri pantaloncini animalier in seta realizzati con vita alta aderenteper la silhouette pi\u00f9 sensuale e sofisticata.","og_url":"https:\/\/gelsomilano.com\/it\/shop\/pantaloncini-animalier-leopardo-rosso\/","og_site_name":"Gelso Milano","article_modified_time":"2022-07-08T21:32:38+00:00","og_image":[{"width":1668,"height":2500,"url":"https:\/\/gelsomilano.com\/wp-content\/uploads\/2020\/01\/Shorts_01.jpg?_t=1657315958","type":"image\/jpeg"}],"author":"admin","twitter_card":"summary_large_image","twitter_misc":{"Tempo di lettura stimato":"1 minuto"},"schema":{"@context":"https:\/\/schema.org","@graph":[{"@type":"Organization","@id":"https:\/\/gelsomilano.com\/#organization","name":"Gelso Milano","url":"https:\/\/gelsomilano.com\/","sameAs":[],"logo":{"@type":"ImageObject","inLanguage":"it-IT","@id":"https:\/\/gelsomilano.com\/#\/schema\/logo\/image\/","url":"https:\/\/gelsomilano.com\/wp-content\/uploads\/2019\/02\/logo-gelso.png","contentUrl":"https:\/\/gelsomilano.com\/wp-content\/uploads\/2019\/02\/logo-gelso.png","width":304,"height":155,"caption":"Gelso Milano"},"image":{"@id":"https:\/\/gelsomilano.com\/#\/schema\/logo\/image\/"}},{"@type":"WebSite","@id":"https:\/\/gelsomilano.com\/#website","url":"https:\/\/gelsomilano.com\/","name":"Gelso Milano","description":"Discover the art of Italian artisanry, luxury of the best silk materials and unique eye catching designs with the Gelso Milano collection of the finest Italian silk pyjamas, accessories and bedding.","publisher":{"@id":"https:\/\/gelsomilano.com\/#organization"},"potentialAction":[{"@type":"SearchAction","target":{"@type":"EntryPoint","urlTemplate":"https:\/\/gelsomilano.com\/?s={search_term_string}"},"query-input":"required name=search_term_string"}],"inLanguage":"it-IT"},{"@type":"ImageObject","inLanguage":"it-IT","@id":"https:\/\/gelsomilano.com\/it\/shop\/pantaloncini-animalier-leopardo-rosso\/#primaryimage","url":"https:\/\/gelsomilano.com\/wp-content\/uploads\/2020\/01\/Shorts_01.jpg","contentUrl":"https:\/\/gelsomilano.com\/wp-content\/uploads\/2020\/01\/Shorts_01.jpg","width":1668,"height":2500,"caption":"animalier shorts"},{"@type":"WebPage","@id":"https:\/\/gelsomilano.com\/it\/shop\/pantaloncini-animalier-leopardo-rosso\/#webpage","url":"https:\/\/gelsomilano.com\/it\/shop\/pantaloncini-animalier-leopardo-rosso\/","name":"Inferno Animalier 100% Seta Pantaloncini | Gelso Milano","isPartOf":{"@id":"https:\/\/gelsomilano.com\/#website"},"primaryImageOfPage":{"@id":"https:\/\/gelsomilano.com\/it\/shop\/pantaloncini-animalier-leopardo-rosso\/#primaryimage"},"datePublished":"2020-01-30T10:42:30+00:00","dateModified":"2022-07-08T21:32:38+00:00","description":"Sceglii nostri pantaloncini animalier in seta realizzati con vita alta aderenteper la silhouette pi\u00f9 sensuale e sofisticata.","breadcrumb":{"@id":"https:\/\/gelsomilano.com\/it\/shop\/pantaloncini-animalier-leopardo-rosso\/#breadcrumb"},"inLanguage":"it-IT","potentialAction":[{"@type":"ReadAction","target":["https:\/\/gelsomilano.com\/it\/shop\/pantaloncini-animalier-leopardo-rosso\/"]}]},{"@type":"BreadcrumbList","@id":"https:\/\/gelsomilano.com\/it\/shop\/pantaloncini-animalier-leopardo-rosso\/#breadcrumb","itemListElement":[{"@type":"ListItem","position":1,"name":"Home","item":"https:\/\/gelsomilano.com\/it\/"},{"@type":"ListItem","position":2,"name":"Negozio","item":"https:\/\/gelsomilano.com\/it\/negozio\/"},{"@type":"ListItem","position":3,"name":"Inferno Animalier 100% Seta Pantaloncini"}]}]}},"_links":{"self":[{"href":"https:\/\/gelsomilano.com\/it\/wp-json\/wp\/v2\/product\/6301"}],"collection":[{"href":"https:\/\/gelsomilano.com\/it\/wp-json\/wp\/v2\/product"}],"about":[{"href":"https:\/\/gelsomilano.com\/it\/wp-json\/wp\/v2\/types\/product"}],"wp:featuredmedia":[{"embeddable":true,"href":"https:\/\/gelsomilano.com\/it\/wp-json\/wp\/v2\/media\/6302"}],"wp:attachment":[{"href":"https:\/\/gelsomilano.com\/it\/wp-json\/wp\/v2\/media?parent=6301"}],"wp:term":[{"taxonomy":"product_cat","embeddable":true,"href":"https:\/\/gelsomilano.com\/it\/wp-json\/wp\/v2\/product_cat?post=6301"},{"taxonomy":"product_tag","embeddable":true,"href":"https:\/\/gelsomilano.com\/it\/wp-json\/wp\/v2\/product_tag?post=6301"}],"curies":[{"name":"wp","href":"https:\/\/api.w.org\/{rel}","templated":true}]}}