{"id":6288,"date":"2020-02-14T12:40:09","date_gmt":"2020-01-30T09:54:09","guid":{"rendered":"https:\/\/www.gelsomilano.com\/shop\/kimono-robe\/"},"modified":"2022-07-08T15:41:29","modified_gmt":"2022-07-08T13:41:29","slug":"vestaglia-kimono-devore-in-misto-seta","status":"publish","type":"product","link":"https:\/\/gelsomilano.com\/it\/shop\/vestaglia-kimono-devore-in-misto-seta\/","title":{"rendered":"Vestaglia Kimono Devor\u00e8 in Misto Seta"},"content":{"rendered":"<p>Questa lussuosa veste \u00e8 stata realizzata da cinque metri di tessuto devor\u00e8 in misto seta da un team di esperti artigiani nel nostro atelier nel sud Italia famoso in tutto il mondo per la sua forte tradizione di lavorazioni manuali.<\/p>\n<ul>\n<li><strong>Vestaglia avvolgente (Wrap style)<\/strong><\/li>\n<li><strong>La lunghezza completa \u00e8 150 cm<\/strong><\/li>\n<li><strong>Maniche lunghe, scollatura a V, cinghia a laccio in vita rimovibile<\/strong><\/li>\n<li><strong>Tessuto devor\u00e8 misto seta<\/strong><\/li>\n<li><strong>84% viscose 16% seta<\/strong><\/li>\n<li><strong>Le fibre di questo oggetto sono molto delicate. Si prega di non stirare direttamente.<\/strong><\/li>\n<\/ul>\n<p>&nbsp;<\/p>\n","protected":false},"excerpt":{"rendered":"<p>Questa elegante vestaglia \u00e8 realizzata dal pi\u00f9 prezioso tessuto devor\u00e8 in misto seta che segue le forme del corpo per un look elegante e affascinante. L&#8217;intero kimono \u00e8 rifinito a mano con raso di seta coordinato per riconoscere la nostra attenzione ai dettagli, l&#8217;amore e la dedizione che abbiamo verso ogni nostra creazione. La vestaglia di velluto Gelso Milano si adatta con eleganza al tuo corpo sottolineando la tua silhouette affascinante femminile. Con un motivo semitrasparente e una fascia in vita coordinata realizzata con il miglior raso di seta, questa elegante vestaglia diventer\u00e0 un&#8217;aggiunta perfetta per il tuo esclusivo loungewear. Indossala al mattino con una camicia da notte abbinata per potenziare te stessa e iniziare la giornata in una modalit\u00e0 chic. Abbinata ai tuoi jeans preferiti ed ai gioielli unici, la veste devor\u00e8 Gelso Milano diventer\u00e0 un pezzo inevitabile per il look pi\u00f9 incantevole e seducente di ogni festa.<\/p>\n","protected":false},"featured_media":6285,"template":"","meta":[],"product_cat":[260,283],"product_tag":[],"acf":[],"yoast_head":"<!-- This site is optimized with the Yoast SEO plugin v19.2 - https:\/\/yoast.com\/wordpress\/plugins\/seo\/ -->\n<title>Vestaglia Kimono Devor\u00e8 in Misto Seta | Gelso Milano<\/title>\n<meta name=\"description\" content=\"Acquista la nostra elegante vestaglia, realizzata con il pi\u00f9 prezioso tessuto devor\u00e8 misto seta che seguir\u00e0 i contorni del corpo per il look pi\u00f9 elegante e affascinante.\" \/>\n<meta name=\"robots\" content=\"index, follow, max-snippet:-1, max-image-preview:large, max-video-preview:-1\" \/>\n<link rel=\"canonical\" href=\"https:\/\/gelsomilano.com\/it\/shop\/vestaglia-kimono-devore-in-misto-seta\/\" \/>\n<meta property=\"og:locale\" content=\"it_IT\" \/>\n<meta property=\"og:type\" content=\"article\" \/>\n<meta property=\"og:title\" content=\"Vestaglia Kimono Devor\u00e8 in Misto Seta | Gelso Milano\" \/>\n<meta property=\"og:description\" content=\"Acquista la nostra elegante vestaglia, realizzata con il pi\u00f9 prezioso tessuto devor\u00e8 misto seta che seguir\u00e0 i contorni del corpo per il look pi\u00f9 elegante e affascinante.\" \/>\n<meta property=\"og:url\" content=\"https:\/\/gelsomilano.com\/it\/shop\/vestaglia-kimono-devore-in-misto-seta\/\" \/>\n<meta property=\"og:site_name\" content=\"Gelso Milano\" \/>\n<meta property=\"article:modified_time\" content=\"2022-07-08T13:41:29+00:00\" \/>\n<meta property=\"og:image\" content=\"https:\/\/gelsomilano.com\/wp-content\/uploads\/2020\/01\/Kimono-lungo_01.jpg?_t=1657287689\" \/>\n\t<meta property=\"og:image:width\" content=\"1668\" \/>\n\t<meta property=\"og:image:height\" content=\"2500\" \/>\n\t<meta property=\"og:image:type\" content=\"image\/jpeg\" \/>\n<meta name=\"author\" content=\"admin\" \/>\n<meta name=\"twitter:card\" content=\"summary_large_image\" \/>\n<meta name=\"twitter:label1\" content=\"Tempo di lettura stimato\" \/>\n\t<meta name=\"twitter:data1\" content=\"1 minuto\" \/>\n<script type=\"application\/ld+json\" class=\"yoast-schema-graph\">{\"@context\":\"https:\/\/schema.org\",\"@graph\":[{\"@type\":\"Organization\",\"@id\":\"https:\/\/gelsomilano.com\/#organization\",\"name\":\"Gelso Milano\",\"url\":\"https:\/\/gelsomilano.com\/\",\"sameAs\":[],\"logo\":{\"@type\":\"ImageObject\",\"inLanguage\":\"it-IT\",\"@id\":\"https:\/\/gelsomilano.com\/#\/schema\/logo\/image\/\",\"url\":\"https:\/\/gelsomilano.com\/wp-content\/uploads\/2019\/02\/logo-gelso.png\",\"contentUrl\":\"https:\/\/gelsomilano.com\/wp-content\/uploads\/2019\/02\/logo-gelso.png\",\"width\":304,\"height\":155,\"caption\":\"Gelso Milano\"},\"image\":{\"@id\":\"https:\/\/gelsomilano.com\/#\/schema\/logo\/image\/\"}},{\"@type\":\"WebSite\",\"@id\":\"https:\/\/gelsomilano.com\/#website\",\"url\":\"https:\/\/gelsomilano.com\/\",\"name\":\"Gelso Milano\",\"description\":\"Discover the art of Italian artisanry, luxury of the best silk materials and unique eye catching designs with the Gelso Milano collection of the finest Italian silk pyjamas, accessories and bedding.\",\"publisher\":{\"@id\":\"https:\/\/gelsomilano.com\/#organization\"},\"potentialAction\":[{\"@type\":\"SearchAction\",\"target\":{\"@type\":\"EntryPoint\",\"urlTemplate\":\"https:\/\/gelsomilano.com\/?s={search_term_string}\"},\"query-input\":\"required name=search_term_string\"}],\"inLanguage\":\"it-IT\"},{\"@type\":\"ImageObject\",\"inLanguage\":\"it-IT\",\"@id\":\"https:\/\/gelsomilano.com\/it\/shop\/vestaglia-kimono-devore-in-misto-seta\/#primaryimage\",\"url\":\"https:\/\/gelsomilano.com\/wp-content\/uploads\/2020\/01\/Kimono-lungo_01.jpg\",\"contentUrl\":\"https:\/\/gelsomilano.com\/wp-content\/uploads\/2020\/01\/Kimono-lungo_01.jpg\",\"width\":1668,\"height\":2500,\"caption\":\"dressing gown\"},{\"@type\":\"WebPage\",\"@id\":\"https:\/\/gelsomilano.com\/it\/shop\/vestaglia-kimono-devore-in-misto-seta\/#webpage\",\"url\":\"https:\/\/gelsomilano.com\/it\/shop\/vestaglia-kimono-devore-in-misto-seta\/\",\"name\":\"Vestaglia Kimono Devor\u00e8 in Misto Seta | Gelso Milano\",\"isPartOf\":{\"@id\":\"https:\/\/gelsomilano.com\/#website\"},\"primaryImageOfPage\":{\"@id\":\"https:\/\/gelsomilano.com\/it\/shop\/vestaglia-kimono-devore-in-misto-seta\/#primaryimage\"},\"datePublished\":\"2020-01-30T09:54:09+00:00\",\"dateModified\":\"2022-07-08T13:41:29+00:00\",\"description\":\"Acquista la nostra elegante vestaglia, realizzata con il pi\u00f9 prezioso tessuto devor\u00e8 misto seta che seguir\u00e0 i contorni del corpo per il look pi\u00f9 elegante e affascinante.\",\"breadcrumb\":{\"@id\":\"https:\/\/gelsomilano.com\/it\/shop\/vestaglia-kimono-devore-in-misto-seta\/#breadcrumb\"},\"inLanguage\":\"it-IT\",\"potentialAction\":[{\"@type\":\"ReadAction\",\"target\":[\"https:\/\/gelsomilano.com\/it\/shop\/vestaglia-kimono-devore-in-misto-seta\/\"]}]},{\"@type\":\"BreadcrumbList\",\"@id\":\"https:\/\/gelsomilano.com\/it\/shop\/vestaglia-kimono-devore-in-misto-seta\/#breadcrumb\",\"itemListElement\":[{\"@type\":\"ListItem\",\"position\":1,\"name\":\"Home\",\"item\":\"https:\/\/gelsomilano.com\/it\/\"},{\"@type\":\"ListItem\",\"position\":2,\"name\":\"Negozio\",\"item\":\"https:\/\/gelsomilano.com\/it\/negozio\/\"},{\"@type\":\"ListItem\",\"position\":3,\"name\":\"Vestaglia Kimono Devor\u00e8 in Misto Seta\"}]}]}<\/script>\n<!-- \/ Yoast SEO plugin. -->","yoast_head_json":{"title":"Vestaglia Kimono Devor\u00e8 in Misto Seta | Gelso Milano","description":"Acquista la nostra elegante vestaglia, realizzata con il pi\u00f9 prezioso tessuto devor\u00e8 misto seta che seguir\u00e0 i contorni del corpo per il look pi\u00f9 elegante e affascinante.","robots":{"index":"index","follow":"follow","max-snippet":"max-snippet:-1","max-image-preview":"max-image-preview:large","max-video-preview":"max-video-preview:-1"},"canonical":"https:\/\/gelsomilano.com\/it\/shop\/vestaglia-kimono-devore-in-misto-seta\/","og_locale":"it_IT","og_type":"article","og_title":"Vestaglia Kimono Devor\u00e8 in Misto Seta | Gelso Milano","og_description":"Acquista la nostra elegante vestaglia, realizzata con il pi\u00f9 prezioso tessuto devor\u00e8 misto seta che seguir\u00e0 i contorni del corpo per il look pi\u00f9 elegante e affascinante.","og_url":"https:\/\/gelsomilano.com\/it\/shop\/vestaglia-kimono-devore-in-misto-seta\/","og_site_name":"Gelso Milano","article_modified_time":"2022-07-08T13:41:29+00:00","og_image":[{"width":1668,"height":2500,"url":"https:\/\/gelsomilano.com\/wp-content\/uploads\/2020\/01\/Kimono-lungo_01.jpg?_t=1657287689","type":"image\/jpeg"}],"author":"admin","twitter_card":"summary_large_image","twitter_misc":{"Tempo di lettura stimato":"1 minuto"},"schema":{"@context":"https:\/\/schema.org","@graph":[{"@type":"Organization","@id":"https:\/\/gelsomilano.com\/#organization","name":"Gelso Milano","url":"https:\/\/gelsomilano.com\/","sameAs":[],"logo":{"@type":"ImageObject","inLanguage":"it-IT","@id":"https:\/\/gelsomilano.com\/#\/schema\/logo\/image\/","url":"https:\/\/gelsomilano.com\/wp-content\/uploads\/2019\/02\/logo-gelso.png","contentUrl":"https:\/\/gelsomilano.com\/wp-content\/uploads\/2019\/02\/logo-gelso.png","width":304,"height":155,"caption":"Gelso Milano"},"image":{"@id":"https:\/\/gelsomilano.com\/#\/schema\/logo\/image\/"}},{"@type":"WebSite","@id":"https:\/\/gelsomilano.com\/#website","url":"https:\/\/gelsomilano.com\/","name":"Gelso Milano","description":"Discover the art of Italian artisanry, luxury of the best silk materials and unique eye catching designs with the Gelso Milano collection of the finest Italian silk pyjamas, accessories and bedding.","publisher":{"@id":"https:\/\/gelsomilano.com\/#organization"},"potentialAction":[{"@type":"SearchAction","target":{"@type":"EntryPoint","urlTemplate":"https:\/\/gelsomilano.com\/?s={search_term_string}"},"query-input":"required name=search_term_string"}],"inLanguage":"it-IT"},{"@type":"ImageObject","inLanguage":"it-IT","@id":"https:\/\/gelsomilano.com\/it\/shop\/vestaglia-kimono-devore-in-misto-seta\/#primaryimage","url":"https:\/\/gelsomilano.com\/wp-content\/uploads\/2020\/01\/Kimono-lungo_01.jpg","contentUrl":"https:\/\/gelsomilano.com\/wp-content\/uploads\/2020\/01\/Kimono-lungo_01.jpg","width":1668,"height":2500,"caption":"dressing gown"},{"@type":"WebPage","@id":"https:\/\/gelsomilano.com\/it\/shop\/vestaglia-kimono-devore-in-misto-seta\/#webpage","url":"https:\/\/gelsomilano.com\/it\/shop\/vestaglia-kimono-devore-in-misto-seta\/","name":"Vestaglia Kimono Devor\u00e8 in Misto Seta | Gelso Milano","isPartOf":{"@id":"https:\/\/gelsomilano.com\/#website"},"primaryImageOfPage":{"@id":"https:\/\/gelsomilano.com\/it\/shop\/vestaglia-kimono-devore-in-misto-seta\/#primaryimage"},"datePublished":"2020-01-30T09:54:09+00:00","dateModified":"2022-07-08T13:41:29+00:00","description":"Acquista la nostra elegante vestaglia, realizzata con il pi\u00f9 prezioso tessuto devor\u00e8 misto seta che seguir\u00e0 i contorni del corpo per il look pi\u00f9 elegante e affascinante.","breadcrumb":{"@id":"https:\/\/gelsomilano.com\/it\/shop\/vestaglia-kimono-devore-in-misto-seta\/#breadcrumb"},"inLanguage":"it-IT","potentialAction":[{"@type":"ReadAction","target":["https:\/\/gelsomilano.com\/it\/shop\/vestaglia-kimono-devore-in-misto-seta\/"]}]},{"@type":"BreadcrumbList","@id":"https:\/\/gelsomilano.com\/it\/shop\/vestaglia-kimono-devore-in-misto-seta\/#breadcrumb","itemListElement":[{"@type":"ListItem","position":1,"name":"Home","item":"https:\/\/gelsomilano.com\/it\/"},{"@type":"ListItem","position":2,"name":"Negozio","item":"https:\/\/gelsomilano.com\/it\/negozio\/"},{"@type":"ListItem","position":3,"name":"Vestaglia Kimono Devor\u00e8 in Misto Seta"}]}]}},"_links":{"self":[{"href":"https:\/\/gelsomilano.com\/it\/wp-json\/wp\/v2\/product\/6288"}],"collection":[{"href":"https:\/\/gelsomilano.com\/it\/wp-json\/wp\/v2\/product"}],"about":[{"href":"https:\/\/gelsomilano.com\/it\/wp-json\/wp\/v2\/types\/product"}],"wp:featuredmedia":[{"embeddable":true,"href":"https:\/\/gelsomilano.com\/it\/wp-json\/wp\/v2\/media\/6285"}],"wp:attachment":[{"href":"https:\/\/gelsomilano.com\/it\/wp-json\/wp\/v2\/media?parent=6288"}],"wp:term":[{"taxonomy":"product_cat","embeddable":true,"href":"https:\/\/gelsomilano.com\/it\/wp-json\/wp\/v2\/product_cat?post=6288"},{"taxonomy":"product_tag","embeddable":true,"href":"https:\/\/gelsomilano.com\/it\/wp-json\/wp\/v2\/product_tag?post=6288"}],"curies":[{"name":"wp","href":"https:\/\/api.w.org\/{rel}","templated":true}]}}