{"id":6280,"date":"2020-01-29T18:00:35","date_gmt":"2020-01-29T17:00:35","guid":{"rendered":"https:\/\/www.gelsomilano.com\/shop\/kimono\/"},"modified":"2022-07-09T20:23:12","modified_gmt":"2022-07-09T18:23:12","slug":"kimono-vestaglia-seta-devore","status":"publish","type":"product","link":"https:\/\/gelsomilano.com\/it\/shop\/kimono-vestaglia-seta-devore\/","title":{"rendered":"Kimono"},"content":{"rendered":"<p>Questa vestaglia a forma di kimono \u00e8 creata dal pi\u00f9 prezioso tessuto devor\u00e8 misto seta che si sente incredibilmente liscio sulla pelle per le sensazioni pi\u00f9 delicate e fini.<\/p>\n<ul>\n<li><strong>Veste a forma di Kimono<\/strong><\/li>\n<li><strong>La lunghezza completa \u00e8 78 cm<\/strong><\/li>\n<li><strong>Maniche lunghe, scollatura a V<\/strong><\/li>\n<li><strong>Cinghia a laccio in vita rimovibile<\/strong><\/li>\n<li><strong>Tessuto devor\u00e8 misto seta<\/strong><\/li>\n<li><strong>84% viscose 16% seta<\/strong><\/li>\n<li><strong>Le fibre di questo oggetto sono molto delicate<\/strong><\/li>\n<li><strong>Si prega di non stirare direttamente.<\/strong><\/li>\n<\/ul>\n","protected":false},"excerpt":{"rendered":"<p>Questo lussuoso kimono \u00e8 stato artigianalmente realizzato da un team di esperti nel nostro atelier nel sud Italia famoso per la sua forte tradizione di lavorazioni manuali. L&#8217;intero kimono \u00e8 rifinito a mano con raso di seta coordinato per riconoscere la nostra attenzione ai dettagli, l&#8217;amore e la dedizione che abbiamo verso ogni nostra creazione.<\/p>\n<p>Un motivo semi-trasparente e una struttura di velluto attribuiscono un accento stravagante al tuo kimono rendendolo un&#8217;aggiunta chic per i tuoi jeans preferiti a gamba dritta o biancheria intima di classe per sedurre i tuoi cari. Le maniche larghe drappeggiate e una fascia coordinata in vita danno al tuo kimono una vestibilit\u00e0 morbida che assolutamente adorerai per godere le pigre giornate a casa.<\/p>\n","protected":false},"featured_media":6277,"template":"","meta":[],"product_cat":[260,283],"product_tag":[],"acf":[],"yoast_head":"<!-- This site is optimized with the Yoast SEO plugin v19.2 - https:\/\/yoast.com\/wordpress\/plugins\/seo\/ -->\n<title>Kimono | Gelso Milano<\/title>\n<meta name=\"description\" content=\"Scegli la nostra vestaglia a forma di kimono creata dal pi\u00f9 prezioso tessuto devor\u00e8 misto seta per le sensazioni pi\u00f9 delicate e fini.\" \/>\n<meta name=\"robots\" content=\"index, follow, max-snippet:-1, max-image-preview:large, max-video-preview:-1\" \/>\n<link rel=\"canonical\" href=\"https:\/\/gelsomilano.com\/it\/shop\/kimono-vestaglia-seta-devore\/\" \/>\n<meta property=\"og:locale\" content=\"it_IT\" \/>\n<meta property=\"og:type\" content=\"article\" \/>\n<meta property=\"og:title\" content=\"Kimono | Gelso Milano\" \/>\n<meta property=\"og:description\" content=\"Scegli la nostra vestaglia a forma di kimono creata dal pi\u00f9 prezioso tessuto devor\u00e8 misto seta per le sensazioni pi\u00f9 delicate e fini.\" \/>\n<meta property=\"og:url\" content=\"https:\/\/gelsomilano.com\/it\/shop\/kimono-vestaglia-seta-devore\/\" \/>\n<meta property=\"og:site_name\" content=\"Gelso Milano\" \/>\n<meta property=\"article:modified_time\" content=\"2022-07-09T18:23:12+00:00\" \/>\n<meta property=\"og:image\" content=\"https:\/\/gelsomilano.com\/wp-content\/uploads\/2020\/01\/Kimono-corto_01.jpg?_t=1657390992\" \/>\n\t<meta property=\"og:image:width\" content=\"1668\" \/>\n\t<meta property=\"og:image:height\" content=\"2500\" \/>\n\t<meta property=\"og:image:type\" content=\"image\/jpeg\" \/>\n<meta name=\"author\" content=\"admin\" \/>\n<meta name=\"twitter:card\" content=\"summary_large_image\" \/>\n<meta name=\"twitter:label1\" content=\"Tempo di lettura stimato\" \/>\n\t<meta name=\"twitter:data1\" content=\"1 minuto\" \/>\n<script type=\"application\/ld+json\" class=\"yoast-schema-graph\">{\"@context\":\"https:\/\/schema.org\",\"@graph\":[{\"@type\":\"Organization\",\"@id\":\"https:\/\/gelsomilano.com\/#organization\",\"name\":\"Gelso Milano\",\"url\":\"https:\/\/gelsomilano.com\/\",\"sameAs\":[],\"logo\":{\"@type\":\"ImageObject\",\"inLanguage\":\"it-IT\",\"@id\":\"https:\/\/gelsomilano.com\/#\/schema\/logo\/image\/\",\"url\":\"https:\/\/gelsomilano.com\/wp-content\/uploads\/2019\/02\/logo-gelso.png\",\"contentUrl\":\"https:\/\/gelsomilano.com\/wp-content\/uploads\/2019\/02\/logo-gelso.png\",\"width\":304,\"height\":155,\"caption\":\"Gelso Milano\"},\"image\":{\"@id\":\"https:\/\/gelsomilano.com\/#\/schema\/logo\/image\/\"}},{\"@type\":\"WebSite\",\"@id\":\"https:\/\/gelsomilano.com\/#website\",\"url\":\"https:\/\/gelsomilano.com\/\",\"name\":\"Gelso Milano\",\"description\":\"Discover the art of Italian artisanry, luxury of the best silk materials and unique eye catching designs with the Gelso Milano collection of the finest Italian silk pyjamas, accessories and bedding.\",\"publisher\":{\"@id\":\"https:\/\/gelsomilano.com\/#organization\"},\"potentialAction\":[{\"@type\":\"SearchAction\",\"target\":{\"@type\":\"EntryPoint\",\"urlTemplate\":\"https:\/\/gelsomilano.com\/?s={search_term_string}\"},\"query-input\":\"required name=search_term_string\"}],\"inLanguage\":\"it-IT\"},{\"@type\":\"ImageObject\",\"inLanguage\":\"it-IT\",\"@id\":\"https:\/\/gelsomilano.com\/it\/shop\/kimono-vestaglia-seta-devore\/#primaryimage\",\"url\":\"https:\/\/gelsomilano.com\/wp-content\/uploads\/2020\/01\/Kimono-corto_01.jpg\",\"contentUrl\":\"https:\/\/gelsomilano.com\/wp-content\/uploads\/2020\/01\/Kimono-corto_01.jpg\",\"width\":1668,\"height\":2500,\"caption\":\"silk kimono\"},{\"@type\":\"WebPage\",\"@id\":\"https:\/\/gelsomilano.com\/it\/shop\/kimono-vestaglia-seta-devore\/#webpage\",\"url\":\"https:\/\/gelsomilano.com\/it\/shop\/kimono-vestaglia-seta-devore\/\",\"name\":\"Kimono | Gelso Milano\",\"isPartOf\":{\"@id\":\"https:\/\/gelsomilano.com\/#website\"},\"primaryImageOfPage\":{\"@id\":\"https:\/\/gelsomilano.com\/it\/shop\/kimono-vestaglia-seta-devore\/#primaryimage\"},\"datePublished\":\"2020-01-29T17:00:35+00:00\",\"dateModified\":\"2022-07-09T18:23:12+00:00\",\"description\":\"Scegli la nostra vestaglia a forma di kimono creata dal pi\u00f9 prezioso tessuto devor\u00e8 misto seta per le sensazioni pi\u00f9 delicate e fini.\",\"breadcrumb\":{\"@id\":\"https:\/\/gelsomilano.com\/it\/shop\/kimono-vestaglia-seta-devore\/#breadcrumb\"},\"inLanguage\":\"it-IT\",\"potentialAction\":[{\"@type\":\"ReadAction\",\"target\":[\"https:\/\/gelsomilano.com\/it\/shop\/kimono-vestaglia-seta-devore\/\"]}]},{\"@type\":\"BreadcrumbList\",\"@id\":\"https:\/\/gelsomilano.com\/it\/shop\/kimono-vestaglia-seta-devore\/#breadcrumb\",\"itemListElement\":[{\"@type\":\"ListItem\",\"position\":1,\"name\":\"Home\",\"item\":\"https:\/\/gelsomilano.com\/it\/\"},{\"@type\":\"ListItem\",\"position\":2,\"name\":\"Negozio\",\"item\":\"https:\/\/gelsomilano.com\/it\/negozio\/\"},{\"@type\":\"ListItem\",\"position\":3,\"name\":\"Kimono\"}]}]}<\/script>\n<!-- \/ Yoast SEO plugin. -->","yoast_head_json":{"title":"Kimono | Gelso Milano","description":"Scegli la nostra vestaglia a forma di kimono creata dal pi\u00f9 prezioso tessuto devor\u00e8 misto seta per le sensazioni pi\u00f9 delicate e fini.","robots":{"index":"index","follow":"follow","max-snippet":"max-snippet:-1","max-image-preview":"max-image-preview:large","max-video-preview":"max-video-preview:-1"},"canonical":"https:\/\/gelsomilano.com\/it\/shop\/kimono-vestaglia-seta-devore\/","og_locale":"it_IT","og_type":"article","og_title":"Kimono | Gelso Milano","og_description":"Scegli la nostra vestaglia a forma di kimono creata dal pi\u00f9 prezioso tessuto devor\u00e8 misto seta per le sensazioni pi\u00f9 delicate e fini.","og_url":"https:\/\/gelsomilano.com\/it\/shop\/kimono-vestaglia-seta-devore\/","og_site_name":"Gelso Milano","article_modified_time":"2022-07-09T18:23:12+00:00","og_image":[{"width":1668,"height":2500,"url":"https:\/\/gelsomilano.com\/wp-content\/uploads\/2020\/01\/Kimono-corto_01.jpg?_t=1657390992","type":"image\/jpeg"}],"author":"admin","twitter_card":"summary_large_image","twitter_misc":{"Tempo di lettura stimato":"1 minuto"},"schema":{"@context":"https:\/\/schema.org","@graph":[{"@type":"Organization","@id":"https:\/\/gelsomilano.com\/#organization","name":"Gelso Milano","url":"https:\/\/gelsomilano.com\/","sameAs":[],"logo":{"@type":"ImageObject","inLanguage":"it-IT","@id":"https:\/\/gelsomilano.com\/#\/schema\/logo\/image\/","url":"https:\/\/gelsomilano.com\/wp-content\/uploads\/2019\/02\/logo-gelso.png","contentUrl":"https:\/\/gelsomilano.com\/wp-content\/uploads\/2019\/02\/logo-gelso.png","width":304,"height":155,"caption":"Gelso Milano"},"image":{"@id":"https:\/\/gelsomilano.com\/#\/schema\/logo\/image\/"}},{"@type":"WebSite","@id":"https:\/\/gelsomilano.com\/#website","url":"https:\/\/gelsomilano.com\/","name":"Gelso Milano","description":"Discover the art of Italian artisanry, luxury of the best silk materials and unique eye catching designs with the Gelso Milano collection of the finest Italian silk pyjamas, accessories and bedding.","publisher":{"@id":"https:\/\/gelsomilano.com\/#organization"},"potentialAction":[{"@type":"SearchAction","target":{"@type":"EntryPoint","urlTemplate":"https:\/\/gelsomilano.com\/?s={search_term_string}"},"query-input":"required name=search_term_string"}],"inLanguage":"it-IT"},{"@type":"ImageObject","inLanguage":"it-IT","@id":"https:\/\/gelsomilano.com\/it\/shop\/kimono-vestaglia-seta-devore\/#primaryimage","url":"https:\/\/gelsomilano.com\/wp-content\/uploads\/2020\/01\/Kimono-corto_01.jpg","contentUrl":"https:\/\/gelsomilano.com\/wp-content\/uploads\/2020\/01\/Kimono-corto_01.jpg","width":1668,"height":2500,"caption":"silk kimono"},{"@type":"WebPage","@id":"https:\/\/gelsomilano.com\/it\/shop\/kimono-vestaglia-seta-devore\/#webpage","url":"https:\/\/gelsomilano.com\/it\/shop\/kimono-vestaglia-seta-devore\/","name":"Kimono | Gelso Milano","isPartOf":{"@id":"https:\/\/gelsomilano.com\/#website"},"primaryImageOfPage":{"@id":"https:\/\/gelsomilano.com\/it\/shop\/kimono-vestaglia-seta-devore\/#primaryimage"},"datePublished":"2020-01-29T17:00:35+00:00","dateModified":"2022-07-09T18:23:12+00:00","description":"Scegli la nostra vestaglia a forma di kimono creata dal pi\u00f9 prezioso tessuto devor\u00e8 misto seta per le sensazioni pi\u00f9 delicate e fini.","breadcrumb":{"@id":"https:\/\/gelsomilano.com\/it\/shop\/kimono-vestaglia-seta-devore\/#breadcrumb"},"inLanguage":"it-IT","potentialAction":[{"@type":"ReadAction","target":["https:\/\/gelsomilano.com\/it\/shop\/kimono-vestaglia-seta-devore\/"]}]},{"@type":"BreadcrumbList","@id":"https:\/\/gelsomilano.com\/it\/shop\/kimono-vestaglia-seta-devore\/#breadcrumb","itemListElement":[{"@type":"ListItem","position":1,"name":"Home","item":"https:\/\/gelsomilano.com\/it\/"},{"@type":"ListItem","position":2,"name":"Negozio","item":"https:\/\/gelsomilano.com\/it\/negozio\/"},{"@type":"ListItem","position":3,"name":"Kimono"}]}]}},"_links":{"self":[{"href":"https:\/\/gelsomilano.com\/it\/wp-json\/wp\/v2\/product\/6280"}],"collection":[{"href":"https:\/\/gelsomilano.com\/it\/wp-json\/wp\/v2\/product"}],"about":[{"href":"https:\/\/gelsomilano.com\/it\/wp-json\/wp\/v2\/types\/product"}],"wp:featuredmedia":[{"embeddable":true,"href":"https:\/\/gelsomilano.com\/it\/wp-json\/wp\/v2\/media\/6277"}],"wp:attachment":[{"href":"https:\/\/gelsomilano.com\/it\/wp-json\/wp\/v2\/media?parent=6280"}],"wp:term":[{"taxonomy":"product_cat","embeddable":true,"href":"https:\/\/gelsomilano.com\/it\/wp-json\/wp\/v2\/product_cat?post=6280"},{"taxonomy":"product_tag","embeddable":true,"href":"https:\/\/gelsomilano.com\/it\/wp-json\/wp\/v2\/product_tag?post=6280"}],"curies":[{"name":"wp","href":"https:\/\/api.w.org\/{rel}","templated":true}]}}