{"id":6149,"date":"2019-08-05T19:43:49","date_gmt":"2019-08-05T17:43:49","guid":{"rendered":"https:\/\/www.gelsomilano.com\/?post_type=product&#038;p=6149"},"modified":"2022-07-10T18:29:58","modified_gmt":"2022-07-10T16:29:58","slug":"fascia-per-capelli-in-seta-completamente-naturale","status":"publish","type":"product","link":"https:\/\/gelsomilano.com\/it\/shop\/fascia-per-capelli-in-seta-completamente-naturale\/","title":{"rendered":"Hair Band con trattamento di collagene"},"content":{"rendered":"<p>Questa fascia per capelli \u00e8 stata realizzata in tessuto di seta completamente naturale, biologico ed eco-sostenibile con uno speciale trattamento proteico.<\/p>\n<p>Questo prodotto \u00e8 realizzato senza coloranti n\u00e9 tecniche di stampa ed \u00e8 la soluzione migliore per le donne pi\u00f9 consapevoli e attente. Usa la tua fascia per raccogliere i capelli durante il giorno o per un look casual chic.<\/p>\n<p>In ogni occasione ti sentirai splendida e comoda. Il tocco delicato della nostra fascia in seta completamente naturale non dannegger\u00e0 mai i tuoi capelli grazie anche al morbido elastico ricoperto in seta.<\/p>\n<p>Avvolgere i capelli in seta prima di dormire o strofinare i capelli asciutti dopo il lavaggio \u00e8 davvero un metodo che le donne conoscono da decenni. Aggiungi una fascia in seta alla tua routine di bellezza e scopri i suoi benefici!<\/p>\n","protected":false},"excerpt":{"rendered":"<p>Questa fascia per capelli \u00e8 stata realizzata in tessuto di seta completamente naturale, biologico ed eco-sostenibile con uno speciale trattamento proteico. Il chitosano, una delle proteine utilizzate per questo trattamento, dona un effetto idratante, ossigenante e rigenerante sul cuoio capelluto, mentre il suo potere nutriente lo rende un eccellente stimolante come coadiuvante nella prevenzione della caduta dei capelli.<\/p>\n<p>Questo prodotto \u00e8 realizzato senza coloranti n\u00e9 tecniche di stampa ed \u00e8 la soluzione migliore per le donne pi\u00f9 consapevoli e attente. Usa la tua fascia per raccogliere i capelli durante il giorno o per un look casual chic.<\/p>\n<p>&nbsp;<\/p>\n<p>&nbsp;<\/p>\n","protected":false},"featured_media":5585,"template":"","meta":[],"product_cat":[250,260,252,261],"product_tag":[],"acf":[],"yoast_head":"<!-- This site is optimized with the Yoast SEO plugin v19.2 - https:\/\/yoast.com\/wordpress\/plugins\/seo\/ -->\n<title>Hair Band con trattamento di collagene | Gelso Milano<\/title>\n<meta name=\"description\" content=\"Questa fascia per capelli \u00e8 stata realizzata in tessuto di seta completamente naturale, biologico ed eco-sostenibile con uno speciale trattamento proteico.\" \/>\n<meta name=\"robots\" content=\"index, follow, max-snippet:-1, max-image-preview:large, max-video-preview:-1\" \/>\n<link rel=\"canonical\" href=\"https:\/\/gelsomilano.com\/it\/shop\/fascia-per-capelli-in-seta-completamente-naturale\/\" \/>\n<meta property=\"og:locale\" content=\"it_IT\" \/>\n<meta property=\"og:type\" content=\"article\" \/>\n<meta property=\"og:title\" content=\"Hair Band con trattamento di collagene | Gelso Milano\" \/>\n<meta property=\"og:description\" content=\"Questa fascia per capelli \u00e8 stata realizzata in tessuto di seta completamente naturale, biologico ed eco-sostenibile con uno speciale trattamento proteico.\" \/>\n<meta property=\"og:url\" content=\"https:\/\/gelsomilano.com\/it\/shop\/fascia-per-capelli-in-seta-completamente-naturale\/\" \/>\n<meta property=\"og:site_name\" content=\"Gelso Milano\" \/>\n<meta property=\"article:modified_time\" content=\"2022-07-10T16:29:58+00:00\" \/>\n<meta property=\"og:image\" content=\"https:\/\/gelsomilano.com\/wp-content\/uploads\/2019\/05\/aloe-headband-white.jpg?_t=1657470598\" \/>\n\t<meta property=\"og:image:width\" content=\"1668\" \/>\n\t<meta property=\"og:image:height\" content=\"2500\" \/>\n\t<meta property=\"og:image:type\" content=\"image\/jpeg\" \/>\n<meta name=\"author\" content=\"Gelso Milano\" \/>\n<meta name=\"twitter:card\" content=\"summary_large_image\" \/>\n<meta name=\"twitter:label1\" content=\"Tempo di lettura stimato\" \/>\n\t<meta name=\"twitter:data1\" content=\"1 minuto\" \/>\n<script type=\"application\/ld+json\" class=\"yoast-schema-graph\">{\"@context\":\"https:\/\/schema.org\",\"@graph\":[{\"@type\":\"Organization\",\"@id\":\"https:\/\/gelsomilano.com\/#organization\",\"name\":\"Gelso Milano\",\"url\":\"https:\/\/gelsomilano.com\/\",\"sameAs\":[],\"logo\":{\"@type\":\"ImageObject\",\"inLanguage\":\"it-IT\",\"@id\":\"https:\/\/gelsomilano.com\/#\/schema\/logo\/image\/\",\"url\":\"https:\/\/gelsomilano.com\/wp-content\/uploads\/2019\/02\/logo-gelso.png\",\"contentUrl\":\"https:\/\/gelsomilano.com\/wp-content\/uploads\/2019\/02\/logo-gelso.png\",\"width\":304,\"height\":155,\"caption\":\"Gelso Milano\"},\"image\":{\"@id\":\"https:\/\/gelsomilano.com\/#\/schema\/logo\/image\/\"}},{\"@type\":\"WebSite\",\"@id\":\"https:\/\/gelsomilano.com\/#website\",\"url\":\"https:\/\/gelsomilano.com\/\",\"name\":\"Gelso Milano\",\"description\":\"Discover the art of Italian artisanry, luxury of the best silk materials and unique eye catching designs with the Gelso Milano collection of the finest Italian silk pyjamas, accessories and bedding.\",\"publisher\":{\"@id\":\"https:\/\/gelsomilano.com\/#organization\"},\"potentialAction\":[{\"@type\":\"SearchAction\",\"target\":{\"@type\":\"EntryPoint\",\"urlTemplate\":\"https:\/\/gelsomilano.com\/?s={search_term_string}\"},\"query-input\":\"required name=search_term_string\"}],\"inLanguage\":\"it-IT\"},{\"@type\":\"ImageObject\",\"inLanguage\":\"it-IT\",\"@id\":\"https:\/\/gelsomilano.com\/it\/shop\/fascia-per-capelli-in-seta-completamente-naturale\/#primaryimage\",\"url\":\"https:\/\/gelsomilano.com\/wp-content\/uploads\/2019\/05\/aloe-headband-white.jpg\",\"contentUrl\":\"https:\/\/gelsomilano.com\/wp-content\/uploads\/2019\/05\/aloe-headband-white.jpg\",\"width\":1668,\"height\":2500,\"caption\":\"eco-sustainable silk fabric\"},{\"@type\":\"WebPage\",\"@id\":\"https:\/\/gelsomilano.com\/it\/shop\/fascia-per-capelli-in-seta-completamente-naturale\/#webpage\",\"url\":\"https:\/\/gelsomilano.com\/it\/shop\/fascia-per-capelli-in-seta-completamente-naturale\/\",\"name\":\"Hair Band con trattamento di collagene | Gelso Milano\",\"isPartOf\":{\"@id\":\"https:\/\/gelsomilano.com\/#website\"},\"primaryImageOfPage\":{\"@id\":\"https:\/\/gelsomilano.com\/it\/shop\/fascia-per-capelli-in-seta-completamente-naturale\/#primaryimage\"},\"datePublished\":\"2019-08-05T17:43:49+00:00\",\"dateModified\":\"2022-07-10T16:29:58+00:00\",\"description\":\"Questa fascia per capelli \u00e8 stata realizzata in tessuto di seta completamente naturale, biologico ed eco-sostenibile con uno speciale trattamento proteico.\",\"breadcrumb\":{\"@id\":\"https:\/\/gelsomilano.com\/it\/shop\/fascia-per-capelli-in-seta-completamente-naturale\/#breadcrumb\"},\"inLanguage\":\"it-IT\",\"potentialAction\":[{\"@type\":\"ReadAction\",\"target\":[\"https:\/\/gelsomilano.com\/it\/shop\/fascia-per-capelli-in-seta-completamente-naturale\/\"]}]},{\"@type\":\"BreadcrumbList\",\"@id\":\"https:\/\/gelsomilano.com\/it\/shop\/fascia-per-capelli-in-seta-completamente-naturale\/#breadcrumb\",\"itemListElement\":[{\"@type\":\"ListItem\",\"position\":1,\"name\":\"Home\",\"item\":\"https:\/\/gelsomilano.com\/it\/\"},{\"@type\":\"ListItem\",\"position\":2,\"name\":\"Negozio\",\"item\":\"https:\/\/gelsomilano.com\/it\/negozio\/\"},{\"@type\":\"ListItem\",\"position\":3,\"name\":\"Hair Band con trattamento di collagene\"}]}]}<\/script>\n<!-- \/ Yoast SEO plugin. -->","yoast_head_json":{"title":"Hair Band con trattamento di collagene | Gelso Milano","description":"Questa fascia per capelli \u00e8 stata realizzata in tessuto di seta completamente naturale, biologico ed eco-sostenibile con uno speciale trattamento proteico.","robots":{"index":"index","follow":"follow","max-snippet":"max-snippet:-1","max-image-preview":"max-image-preview:large","max-video-preview":"max-video-preview:-1"},"canonical":"https:\/\/gelsomilano.com\/it\/shop\/fascia-per-capelli-in-seta-completamente-naturale\/","og_locale":"it_IT","og_type":"article","og_title":"Hair Band con trattamento di collagene | Gelso Milano","og_description":"Questa fascia per capelli \u00e8 stata realizzata in tessuto di seta completamente naturale, biologico ed eco-sostenibile con uno speciale trattamento proteico.","og_url":"https:\/\/gelsomilano.com\/it\/shop\/fascia-per-capelli-in-seta-completamente-naturale\/","og_site_name":"Gelso Milano","article_modified_time":"2022-07-10T16:29:58+00:00","og_image":[{"width":1668,"height":2500,"url":"https:\/\/gelsomilano.com\/wp-content\/uploads\/2019\/05\/aloe-headband-white.jpg?_t=1657470598","type":"image\/jpeg"}],"author":"Gelso Milano","twitter_card":"summary_large_image","twitter_misc":{"Tempo di lettura stimato":"1 minuto"},"schema":{"@context":"https:\/\/schema.org","@graph":[{"@type":"Organization","@id":"https:\/\/gelsomilano.com\/#organization","name":"Gelso Milano","url":"https:\/\/gelsomilano.com\/","sameAs":[],"logo":{"@type":"ImageObject","inLanguage":"it-IT","@id":"https:\/\/gelsomilano.com\/#\/schema\/logo\/image\/","url":"https:\/\/gelsomilano.com\/wp-content\/uploads\/2019\/02\/logo-gelso.png","contentUrl":"https:\/\/gelsomilano.com\/wp-content\/uploads\/2019\/02\/logo-gelso.png","width":304,"height":155,"caption":"Gelso Milano"},"image":{"@id":"https:\/\/gelsomilano.com\/#\/schema\/logo\/image\/"}},{"@type":"WebSite","@id":"https:\/\/gelsomilano.com\/#website","url":"https:\/\/gelsomilano.com\/","name":"Gelso Milano","description":"Discover the art of Italian artisanry, luxury of the best silk materials and unique eye catching designs with the Gelso Milano collection of the finest Italian silk pyjamas, accessories and bedding.","publisher":{"@id":"https:\/\/gelsomilano.com\/#organization"},"potentialAction":[{"@type":"SearchAction","target":{"@type":"EntryPoint","urlTemplate":"https:\/\/gelsomilano.com\/?s={search_term_string}"},"query-input":"required name=search_term_string"}],"inLanguage":"it-IT"},{"@type":"ImageObject","inLanguage":"it-IT","@id":"https:\/\/gelsomilano.com\/it\/shop\/fascia-per-capelli-in-seta-completamente-naturale\/#primaryimage","url":"https:\/\/gelsomilano.com\/wp-content\/uploads\/2019\/05\/aloe-headband-white.jpg","contentUrl":"https:\/\/gelsomilano.com\/wp-content\/uploads\/2019\/05\/aloe-headband-white.jpg","width":1668,"height":2500,"caption":"eco-sustainable silk fabric"},{"@type":"WebPage","@id":"https:\/\/gelsomilano.com\/it\/shop\/fascia-per-capelli-in-seta-completamente-naturale\/#webpage","url":"https:\/\/gelsomilano.com\/it\/shop\/fascia-per-capelli-in-seta-completamente-naturale\/","name":"Hair Band con trattamento di collagene | Gelso Milano","isPartOf":{"@id":"https:\/\/gelsomilano.com\/#website"},"primaryImageOfPage":{"@id":"https:\/\/gelsomilano.com\/it\/shop\/fascia-per-capelli-in-seta-completamente-naturale\/#primaryimage"},"datePublished":"2019-08-05T17:43:49+00:00","dateModified":"2022-07-10T16:29:58+00:00","description":"Questa fascia per capelli \u00e8 stata realizzata in tessuto di seta completamente naturale, biologico ed eco-sostenibile con uno speciale trattamento proteico.","breadcrumb":{"@id":"https:\/\/gelsomilano.com\/it\/shop\/fascia-per-capelli-in-seta-completamente-naturale\/#breadcrumb"},"inLanguage":"it-IT","potentialAction":[{"@type":"ReadAction","target":["https:\/\/gelsomilano.com\/it\/shop\/fascia-per-capelli-in-seta-completamente-naturale\/"]}]},{"@type":"BreadcrumbList","@id":"https:\/\/gelsomilano.com\/it\/shop\/fascia-per-capelli-in-seta-completamente-naturale\/#breadcrumb","itemListElement":[{"@type":"ListItem","position":1,"name":"Home","item":"https:\/\/gelsomilano.com\/it\/"},{"@type":"ListItem","position":2,"name":"Negozio","item":"https:\/\/gelsomilano.com\/it\/negozio\/"},{"@type":"ListItem","position":3,"name":"Hair Band con trattamento di collagene"}]}]}},"_links":{"self":[{"href":"https:\/\/gelsomilano.com\/it\/wp-json\/wp\/v2\/product\/6149"}],"collection":[{"href":"https:\/\/gelsomilano.com\/it\/wp-json\/wp\/v2\/product"}],"about":[{"href":"https:\/\/gelsomilano.com\/it\/wp-json\/wp\/v2\/types\/product"}],"wp:featuredmedia":[{"embeddable":true,"href":"https:\/\/gelsomilano.com\/it\/wp-json\/wp\/v2\/media\/5585"}],"wp:attachment":[{"href":"https:\/\/gelsomilano.com\/it\/wp-json\/wp\/v2\/media?parent=6149"}],"wp:term":[{"taxonomy":"product_cat","embeddable":true,"href":"https:\/\/gelsomilano.com\/it\/wp-json\/wp\/v2\/product_cat?post=6149"},{"taxonomy":"product_tag","embeddable":true,"href":"https:\/\/gelsomilano.com\/it\/wp-json\/wp\/v2\/product_tag?post=6149"}],"curies":[{"name":"wp","href":"https:\/\/api.w.org\/{rel}","templated":true}]}}