{"id":6145,"date":"2019-08-05T19:27:38","date_gmt":"2019-08-05T17:27:38","guid":{"rendered":"https:\/\/www.gelsomilano.com\/?post_type=product&#038;p=6145"},"modified":"2022-07-10T18:31:04","modified_gmt":"2022-07-10T16:31:04","slug":"federa-con-trattamento-di-collagene","status":"publish","type":"product","link":"https:\/\/gelsomilano.com\/it\/shop\/federa-con-trattamento-di-collagene\/","title":{"rendered":"Pillow Case 100% Seta con trattamento di collagene"},"content":{"rendered":"<p>Questa federa \u00e8 realizzata senza coloranti n\u00e9 tecniche di stampa ed \u00e8 arricchita con uno trattamento di collagene grazie alla presenza\u00a0di proteine di fibroina e chitosano. La nostra federa ti aiuter\u00e0 a ottenere un sonno pi\u00f9 profondo e rigenerante, divenendo allo stesso tempo un vero segreto di bellezza. Il trattamento di collagene utilizzato migliorer\u00e0 l&#8217;elasticit\u00e0 della pelle, riducendo le rughe e rendendo la tua pelle pi\u00f9 liscia e luminosa. Dormire sulla nostra federa di seta con il finissaggio di aloe vera far\u00e0 miracoli per i tuoi capelli, sia che siano ricci, secchi, crespi, diradati, delicati o trattati chimicamente.<\/p>\n<p>La chiusura a busta assicura che il cuscino rimanga saldamente all&#8217;interno della federa per il massimo comfort.<\/p>\n<p>La nostra federa di seta \u00e8 disponibile \u00a0in una lussuosa borsa di velluto per diventare un accessorio perfetto per la tua casa e i tuoi viaggi o un grande regalo per i tuoi cari.<\/p>\n<p>Se hai una richiesta speciale per la tuo federa con trattamento speciale di collagene, non esitare a contattarci. Creiamo gioielli su misura per soddisfare ogni tuo desiderio.<\/p>\n","protected":false},"excerpt":{"rendered":"<p>Questa federa \u00e8 stata realizzata in tessuto di seta completamente naturale, biologico ed eco-sostenibile con uno speciale trattamento di proteine di fibroina e chitosano. \u00a0Le proteine \u200b\u200bdella fibroina determinano per la pelle un effetto esponenziale curativo, antibatterico e idratante favorendo la sintesi del collagene, mentre le proteine di chitosano donano un effetto idratante, ossigenante e rigenerante sul cuoio capelluto prevenendo la caduta dei capelli grazie al loro potere nutriente.<\/p>\n<p><span class=\"product-note\">Questo prodotto non \u00e8 disponibile al momento.\u00a0Preordina il tuo prodotto e ti contatteremo non appena questo articolo sar\u00e0 nuovamente disponibile.<\/span><\/p>\n","protected":false},"featured_media":5561,"template":"","meta":[],"product_cat":[256,260,252,258],"product_tag":[],"acf":[],"yoast_head":"<!-- This site is optimized with the Yoast SEO plugin v19.2 - https:\/\/yoast.com\/wordpress\/plugins\/seo\/ -->\n<title>Pillow Case 100% Seta con trattamento di collagene | Gelso Milano<\/title>\n<meta name=\"description\" content=\"Questa federa \u00e8 realizzata senza coloranti ed \u00e8 arricchita con uno trattamento di collagene grazie alla presenza\u00a0di proteine di fibroina e chitosano.\" \/>\n<meta name=\"robots\" content=\"index, follow, max-snippet:-1, max-image-preview:large, max-video-preview:-1\" \/>\n<link rel=\"canonical\" href=\"https:\/\/gelsomilano.com\/it\/shop\/federa-con-trattamento-di-collagene\/\" \/>\n<meta property=\"og:locale\" content=\"it_IT\" \/>\n<meta property=\"og:type\" content=\"article\" \/>\n<meta property=\"og:title\" content=\"Pillow Case 100% Seta con trattamento di collagene | Gelso Milano\" \/>\n<meta property=\"og:description\" content=\"Questa federa \u00e8 realizzata senza coloranti ed \u00e8 arricchita con uno trattamento di collagene grazie alla presenza\u00a0di proteine di fibroina e chitosano.\" \/>\n<meta property=\"og:url\" content=\"https:\/\/gelsomilano.com\/it\/shop\/federa-con-trattamento-di-collagene\/\" \/>\n<meta property=\"og:site_name\" content=\"Gelso Milano\" \/>\n<meta property=\"article:modified_time\" content=\"2022-07-10T16:31:04+00:00\" \/>\n<meta property=\"og:image\" content=\"https:\/\/gelsomilano.com\/wp-content\/uploads\/2019\/05\/aloe-pillowcase-white-square.jpg?_t=1657470664\" \/>\n\t<meta property=\"og:image:width\" content=\"1668\" \/>\n\t<meta property=\"og:image:height\" content=\"2500\" \/>\n\t<meta property=\"og:image:type\" content=\"image\/jpeg\" \/>\n<meta name=\"author\" content=\"Gelso Milano\" \/>\n<meta name=\"twitter:card\" content=\"summary_large_image\" \/>\n<meta name=\"twitter:label1\" content=\"Tempo di lettura stimato\" \/>\n\t<meta name=\"twitter:data1\" content=\"1 minuto\" \/>\n<script type=\"application\/ld+json\" class=\"yoast-schema-graph\">{\"@context\":\"https:\/\/schema.org\",\"@graph\":[{\"@type\":\"Organization\",\"@id\":\"https:\/\/gelsomilano.com\/#organization\",\"name\":\"Gelso Milano\",\"url\":\"https:\/\/gelsomilano.com\/\",\"sameAs\":[],\"logo\":{\"@type\":\"ImageObject\",\"inLanguage\":\"it-IT\",\"@id\":\"https:\/\/gelsomilano.com\/#\/schema\/logo\/image\/\",\"url\":\"https:\/\/gelsomilano.com\/wp-content\/uploads\/2019\/02\/logo-gelso.png\",\"contentUrl\":\"https:\/\/gelsomilano.com\/wp-content\/uploads\/2019\/02\/logo-gelso.png\",\"width\":304,\"height\":155,\"caption\":\"Gelso Milano\"},\"image\":{\"@id\":\"https:\/\/gelsomilano.com\/#\/schema\/logo\/image\/\"}},{\"@type\":\"WebSite\",\"@id\":\"https:\/\/gelsomilano.com\/#website\",\"url\":\"https:\/\/gelsomilano.com\/\",\"name\":\"Gelso Milano\",\"description\":\"Discover the art of Italian artisanry, luxury of the best silk materials and unique eye catching designs with the Gelso Milano collection of the finest Italian silk pyjamas, accessories and bedding.\",\"publisher\":{\"@id\":\"https:\/\/gelsomilano.com\/#organization\"},\"potentialAction\":[{\"@type\":\"SearchAction\",\"target\":{\"@type\":\"EntryPoint\",\"urlTemplate\":\"https:\/\/gelsomilano.com\/?s={search_term_string}\"},\"query-input\":\"required name=search_term_string\"}],\"inLanguage\":\"it-IT\"},{\"@type\":\"ImageObject\",\"inLanguage\":\"it-IT\",\"@id\":\"https:\/\/gelsomilano.com\/it\/shop\/federa-con-trattamento-di-collagene\/#primaryimage\",\"url\":\"https:\/\/gelsomilano.com\/wp-content\/uploads\/2019\/05\/aloe-pillowcase-white-square.jpg\",\"contentUrl\":\"https:\/\/gelsomilano.com\/wp-content\/uploads\/2019\/05\/aloe-pillowcase-white-square.jpg\",\"width\":1668,\"height\":2500,\"caption\":\"silk cushion\"},{\"@type\":\"WebPage\",\"@id\":\"https:\/\/gelsomilano.com\/it\/shop\/federa-con-trattamento-di-collagene\/#webpage\",\"url\":\"https:\/\/gelsomilano.com\/it\/shop\/federa-con-trattamento-di-collagene\/\",\"name\":\"Pillow Case 100% Seta con trattamento di collagene | Gelso Milano\",\"isPartOf\":{\"@id\":\"https:\/\/gelsomilano.com\/#website\"},\"primaryImageOfPage\":{\"@id\":\"https:\/\/gelsomilano.com\/it\/shop\/federa-con-trattamento-di-collagene\/#primaryimage\"},\"datePublished\":\"2019-08-05T17:27:38+00:00\",\"dateModified\":\"2022-07-10T16:31:04+00:00\",\"description\":\"Questa federa \u00e8 realizzata senza coloranti ed \u00e8 arricchita con uno trattamento di collagene grazie alla presenza\u00a0di proteine di fibroina e chitosano.\",\"breadcrumb\":{\"@id\":\"https:\/\/gelsomilano.com\/it\/shop\/federa-con-trattamento-di-collagene\/#breadcrumb\"},\"inLanguage\":\"it-IT\",\"potentialAction\":[{\"@type\":\"ReadAction\",\"target\":[\"https:\/\/gelsomilano.com\/it\/shop\/federa-con-trattamento-di-collagene\/\"]}]},{\"@type\":\"BreadcrumbList\",\"@id\":\"https:\/\/gelsomilano.com\/it\/shop\/federa-con-trattamento-di-collagene\/#breadcrumb\",\"itemListElement\":[{\"@type\":\"ListItem\",\"position\":1,\"name\":\"Home\",\"item\":\"https:\/\/gelsomilano.com\/it\/\"},{\"@type\":\"ListItem\",\"position\":2,\"name\":\"Negozio\",\"item\":\"https:\/\/gelsomilano.com\/it\/negozio\/\"},{\"@type\":\"ListItem\",\"position\":3,\"name\":\"Pillow Case 100% Seta con trattamento di collagene\"}]}]}<\/script>\n<!-- \/ Yoast SEO plugin. -->","yoast_head_json":{"title":"Pillow Case 100% Seta con trattamento di collagene | Gelso Milano","description":"Questa federa \u00e8 realizzata senza coloranti ed \u00e8 arricchita con uno trattamento di collagene grazie alla presenza\u00a0di proteine di fibroina e chitosano.","robots":{"index":"index","follow":"follow","max-snippet":"max-snippet:-1","max-image-preview":"max-image-preview:large","max-video-preview":"max-video-preview:-1"},"canonical":"https:\/\/gelsomilano.com\/it\/shop\/federa-con-trattamento-di-collagene\/","og_locale":"it_IT","og_type":"article","og_title":"Pillow Case 100% Seta con trattamento di collagene | Gelso Milano","og_description":"Questa federa \u00e8 realizzata senza coloranti ed \u00e8 arricchita con uno trattamento di collagene grazie alla presenza\u00a0di proteine di fibroina e chitosano.","og_url":"https:\/\/gelsomilano.com\/it\/shop\/federa-con-trattamento-di-collagene\/","og_site_name":"Gelso Milano","article_modified_time":"2022-07-10T16:31:04+00:00","og_image":[{"width":1668,"height":2500,"url":"https:\/\/gelsomilano.com\/wp-content\/uploads\/2019\/05\/aloe-pillowcase-white-square.jpg?_t=1657470664","type":"image\/jpeg"}],"author":"Gelso Milano","twitter_card":"summary_large_image","twitter_misc":{"Tempo di lettura stimato":"1 minuto"},"schema":{"@context":"https:\/\/schema.org","@graph":[{"@type":"Organization","@id":"https:\/\/gelsomilano.com\/#organization","name":"Gelso Milano","url":"https:\/\/gelsomilano.com\/","sameAs":[],"logo":{"@type":"ImageObject","inLanguage":"it-IT","@id":"https:\/\/gelsomilano.com\/#\/schema\/logo\/image\/","url":"https:\/\/gelsomilano.com\/wp-content\/uploads\/2019\/02\/logo-gelso.png","contentUrl":"https:\/\/gelsomilano.com\/wp-content\/uploads\/2019\/02\/logo-gelso.png","width":304,"height":155,"caption":"Gelso Milano"},"image":{"@id":"https:\/\/gelsomilano.com\/#\/schema\/logo\/image\/"}},{"@type":"WebSite","@id":"https:\/\/gelsomilano.com\/#website","url":"https:\/\/gelsomilano.com\/","name":"Gelso Milano","description":"Discover the art of Italian artisanry, luxury of the best silk materials and unique eye catching designs with the Gelso Milano collection of the finest Italian silk pyjamas, accessories and bedding.","publisher":{"@id":"https:\/\/gelsomilano.com\/#organization"},"potentialAction":[{"@type":"SearchAction","target":{"@type":"EntryPoint","urlTemplate":"https:\/\/gelsomilano.com\/?s={search_term_string}"},"query-input":"required name=search_term_string"}],"inLanguage":"it-IT"},{"@type":"ImageObject","inLanguage":"it-IT","@id":"https:\/\/gelsomilano.com\/it\/shop\/federa-con-trattamento-di-collagene\/#primaryimage","url":"https:\/\/gelsomilano.com\/wp-content\/uploads\/2019\/05\/aloe-pillowcase-white-square.jpg","contentUrl":"https:\/\/gelsomilano.com\/wp-content\/uploads\/2019\/05\/aloe-pillowcase-white-square.jpg","width":1668,"height":2500,"caption":"silk cushion"},{"@type":"WebPage","@id":"https:\/\/gelsomilano.com\/it\/shop\/federa-con-trattamento-di-collagene\/#webpage","url":"https:\/\/gelsomilano.com\/it\/shop\/federa-con-trattamento-di-collagene\/","name":"Pillow Case 100% Seta con trattamento di collagene | Gelso Milano","isPartOf":{"@id":"https:\/\/gelsomilano.com\/#website"},"primaryImageOfPage":{"@id":"https:\/\/gelsomilano.com\/it\/shop\/federa-con-trattamento-di-collagene\/#primaryimage"},"datePublished":"2019-08-05T17:27:38+00:00","dateModified":"2022-07-10T16:31:04+00:00","description":"Questa federa \u00e8 realizzata senza coloranti ed \u00e8 arricchita con uno trattamento di collagene grazie alla presenza\u00a0di proteine di fibroina e chitosano.","breadcrumb":{"@id":"https:\/\/gelsomilano.com\/it\/shop\/federa-con-trattamento-di-collagene\/#breadcrumb"},"inLanguage":"it-IT","potentialAction":[{"@type":"ReadAction","target":["https:\/\/gelsomilano.com\/it\/shop\/federa-con-trattamento-di-collagene\/"]}]},{"@type":"BreadcrumbList","@id":"https:\/\/gelsomilano.com\/it\/shop\/federa-con-trattamento-di-collagene\/#breadcrumb","itemListElement":[{"@type":"ListItem","position":1,"name":"Home","item":"https:\/\/gelsomilano.com\/it\/"},{"@type":"ListItem","position":2,"name":"Negozio","item":"https:\/\/gelsomilano.com\/it\/negozio\/"},{"@type":"ListItem","position":3,"name":"Pillow Case 100% Seta con trattamento di collagene"}]}]}},"_links":{"self":[{"href":"https:\/\/gelsomilano.com\/it\/wp-json\/wp\/v2\/product\/6145"}],"collection":[{"href":"https:\/\/gelsomilano.com\/it\/wp-json\/wp\/v2\/product"}],"about":[{"href":"https:\/\/gelsomilano.com\/it\/wp-json\/wp\/v2\/types\/product"}],"wp:featuredmedia":[{"embeddable":true,"href":"https:\/\/gelsomilano.com\/it\/wp-json\/wp\/v2\/media\/5561"}],"wp:attachment":[{"href":"https:\/\/gelsomilano.com\/it\/wp-json\/wp\/v2\/media?parent=6145"}],"wp:term":[{"taxonomy":"product_cat","embeddable":true,"href":"https:\/\/gelsomilano.com\/it\/wp-json\/wp\/v2\/product_cat?post=6145"},{"taxonomy":"product_tag","embeddable":true,"href":"https:\/\/gelsomilano.com\/it\/wp-json\/wp\/v2\/product_tag?post=6145"}],"curies":[{"name":"wp","href":"https:\/\/api.w.org\/{rel}","templated":true}]}}