{"id":6143,"date":"2019-08-05T19:21:43","date_gmt":"2019-08-05T17:21:44","guid":{"rendered":"https:\/\/www.gelsomilano.com\/?post_type=product&#038;p=6143"},"modified":"2022-07-10T18:25:56","modified_gmt":"2022-07-10T16:25:56","slug":"maschera-per-gli-occhi","status":"publish","type":"product","link":"https:\/\/gelsomilano.com\/it\/shop\/maschera-per-gli-occhi\/","title":{"rendered":"Eye Mask con trattamento di collagene"},"content":{"rendered":"<p>Questa mascherina \u00e8 stata realizzata in tessuto di seta completamente naturale, biologico ed eco-sostenibile.\u00a0 Una combinazione di proteine di fibroina e chitosano \u00e8 stata utilizzata per il trattamento di questo materiale per determinare sulla pelle un effetto esponenziale curativo, antibatterico ed idratante che favorisce la sintesi del collagene.<\/p>\n<p>Questa maschera \u00e8 realizzata senza coloranti n\u00e9 tecniche di stampa ed \u00e8 la soluzione pi\u00f9 sicura per le pelli pi\u00f9 sensibili.\u00a0 Le nostre maschere sono riempite con fibre di seta al 100% per rendere la maschera traspirante, ipoallergenica, morbida e leggera.<\/p>\n<p>&nbsp;<\/p>\n","protected":false},"excerpt":{"rendered":"<p>Per darti un sonno rigenerante e indimenticabile questa maschera \u00e8 stata realizzata in tessuto di seta completamente naturale, biologico ed eco-sostenibile\u00a0con uno speciale trattamento proteico.<\/p>\n<p>La nostra maschera, ideale sia per i viaggi che per la casa, ti aiuter\u00e0 a ottenere un sonno pi\u00f9 profondo e rigenerante, divenendo allo stesso tempo un vero segreto di bellezza. Questa maschera \u00e8 realizzata senza coloranti n\u00e9 tecniche di stampa ed \u00e8 la soluzione pi\u00f9 sicura per le pelli pi\u00f9 sensibili. Le nostre maschere sono riempite con fibre di seta al 100% per rendere la maschera traspirante, ipoallergenica, morbida e leggera.<\/p>\n<p><span style=\"font-weight: 400;\">L\u2019utilizzo della mascherina per gli occhi in seta \u00e8 estremamente efficace nella riduzione di rughe, pieghe del sonno e gonfiore intorno agli occhi.<\/span><\/p>\n<p>La nostra maschera \u00e8 disponibile in una lussuosa borsa di velluto per diventare un accessorio perfetto per i tuoi viaggi o un grande regalo per i tuoi cari.<\/p>\n<p>&nbsp;<\/p>\n","protected":false},"featured_media":5563,"template":"","meta":[],"product_cat":[250,260,252,253],"product_tag":[],"acf":[],"yoast_head":"<!-- This site is optimized with the Yoast SEO plugin v19.2 - https:\/\/yoast.com\/wordpress\/plugins\/seo\/ -->\n<title>Eye Mask con trattamento di collagene | Gelso Milano<\/title>\n<meta name=\"description\" content=\"Questa mascherina per gli occhi \u00e8 stata realizzata in tessuto di seta completamente naturale, biologico ed eco-sostenibile.\u00a0\" \/>\n<meta name=\"robots\" content=\"index, follow, max-snippet:-1, max-image-preview:large, max-video-preview:-1\" \/>\n<link rel=\"canonical\" href=\"https:\/\/gelsomilano.com\/it\/shop\/maschera-per-gli-occhi\/\" \/>\n<meta property=\"og:locale\" content=\"it_IT\" \/>\n<meta property=\"og:type\" content=\"article\" \/>\n<meta property=\"og:title\" content=\"Eye Mask con trattamento di collagene | Gelso Milano\" \/>\n<meta property=\"og:description\" content=\"Questa mascherina per gli occhi \u00e8 stata realizzata in tessuto di seta completamente naturale, biologico ed eco-sostenibile.\u00a0\" \/>\n<meta property=\"og:url\" content=\"https:\/\/gelsomilano.com\/it\/shop\/maschera-per-gli-occhi\/\" \/>\n<meta property=\"og:site_name\" content=\"Gelso Milano\" \/>\n<meta property=\"article:modified_time\" content=\"2022-07-10T16:25:56+00:00\" \/>\n<meta property=\"og:image\" content=\"https:\/\/gelsomilano.com\/wp-content\/uploads\/2019\/05\/aloe-eyemask-white.jpg?_t=1657470357\" \/>\n\t<meta property=\"og:image:width\" content=\"1668\" \/>\n\t<meta property=\"og:image:height\" content=\"2500\" \/>\n\t<meta property=\"og:image:type\" content=\"image\/jpeg\" \/>\n<meta name=\"author\" content=\"Gelso Milano\" \/>\n<meta name=\"twitter:card\" content=\"summary_large_image\" \/>\n<meta name=\"twitter:label1\" content=\"Tempo di lettura stimato\" \/>\n\t<meta name=\"twitter:data1\" content=\"1 minuto\" \/>\n<script type=\"application\/ld+json\" class=\"yoast-schema-graph\">{\"@context\":\"https:\/\/schema.org\",\"@graph\":[{\"@type\":\"Organization\",\"@id\":\"https:\/\/gelsomilano.com\/#organization\",\"name\":\"Gelso Milano\",\"url\":\"https:\/\/gelsomilano.com\/\",\"sameAs\":[],\"logo\":{\"@type\":\"ImageObject\",\"inLanguage\":\"it-IT\",\"@id\":\"https:\/\/gelsomilano.com\/#\/schema\/logo\/image\/\",\"url\":\"https:\/\/gelsomilano.com\/wp-content\/uploads\/2019\/02\/logo-gelso.png\",\"contentUrl\":\"https:\/\/gelsomilano.com\/wp-content\/uploads\/2019\/02\/logo-gelso.png\",\"width\":304,\"height\":155,\"caption\":\"Gelso Milano\"},\"image\":{\"@id\":\"https:\/\/gelsomilano.com\/#\/schema\/logo\/image\/\"}},{\"@type\":\"WebSite\",\"@id\":\"https:\/\/gelsomilano.com\/#website\",\"url\":\"https:\/\/gelsomilano.com\/\",\"name\":\"Gelso Milano\",\"description\":\"Discover the art of Italian artisanry, luxury of the best silk materials and unique eye catching designs with the Gelso Milano collection of the finest Italian silk pyjamas, accessories and bedding.\",\"publisher\":{\"@id\":\"https:\/\/gelsomilano.com\/#organization\"},\"potentialAction\":[{\"@type\":\"SearchAction\",\"target\":{\"@type\":\"EntryPoint\",\"urlTemplate\":\"https:\/\/gelsomilano.com\/?s={search_term_string}\"},\"query-input\":\"required name=search_term_string\"}],\"inLanguage\":\"it-IT\"},{\"@type\":\"ImageObject\",\"inLanguage\":\"it-IT\",\"@id\":\"https:\/\/gelsomilano.com\/it\/shop\/maschera-per-gli-occhi\/#primaryimage\",\"url\":\"https:\/\/gelsomilano.com\/wp-content\/uploads\/2019\/05\/aloe-eyemask-white.jpg\",\"contentUrl\":\"https:\/\/gelsomilano.com\/wp-content\/uploads\/2019\/05\/aloe-eyemask-white.jpg\",\"width\":1668,\"height\":2500,\"caption\":\"silk eye mask\"},{\"@type\":\"WebPage\",\"@id\":\"https:\/\/gelsomilano.com\/it\/shop\/maschera-per-gli-occhi\/#webpage\",\"url\":\"https:\/\/gelsomilano.com\/it\/shop\/maschera-per-gli-occhi\/\",\"name\":\"Eye Mask con trattamento di collagene | Gelso Milano\",\"isPartOf\":{\"@id\":\"https:\/\/gelsomilano.com\/#website\"},\"primaryImageOfPage\":{\"@id\":\"https:\/\/gelsomilano.com\/it\/shop\/maschera-per-gli-occhi\/#primaryimage\"},\"datePublished\":\"2019-08-05T17:21:44+00:00\",\"dateModified\":\"2022-07-10T16:25:56+00:00\",\"description\":\"Questa mascherina per gli occhi \u00e8 stata realizzata in tessuto di seta completamente naturale, biologico ed eco-sostenibile.\u00a0\",\"breadcrumb\":{\"@id\":\"https:\/\/gelsomilano.com\/it\/shop\/maschera-per-gli-occhi\/#breadcrumb\"},\"inLanguage\":\"it-IT\",\"potentialAction\":[{\"@type\":\"ReadAction\",\"target\":[\"https:\/\/gelsomilano.com\/it\/shop\/maschera-per-gli-occhi\/\"]}]},{\"@type\":\"BreadcrumbList\",\"@id\":\"https:\/\/gelsomilano.com\/it\/shop\/maschera-per-gli-occhi\/#breadcrumb\",\"itemListElement\":[{\"@type\":\"ListItem\",\"position\":1,\"name\":\"Home\",\"item\":\"https:\/\/gelsomilano.com\/it\/\"},{\"@type\":\"ListItem\",\"position\":2,\"name\":\"Negozio\",\"item\":\"https:\/\/gelsomilano.com\/it\/negozio\/\"},{\"@type\":\"ListItem\",\"position\":3,\"name\":\"Eye Mask con trattamento di collagene\"}]}]}<\/script>\n<!-- \/ Yoast SEO plugin. -->","yoast_head_json":{"title":"Eye Mask con trattamento di collagene | Gelso Milano","description":"Questa mascherina per gli occhi \u00e8 stata realizzata in tessuto di seta completamente naturale, biologico ed eco-sostenibile.\u00a0","robots":{"index":"index","follow":"follow","max-snippet":"max-snippet:-1","max-image-preview":"max-image-preview:large","max-video-preview":"max-video-preview:-1"},"canonical":"https:\/\/gelsomilano.com\/it\/shop\/maschera-per-gli-occhi\/","og_locale":"it_IT","og_type":"article","og_title":"Eye Mask con trattamento di collagene | Gelso Milano","og_description":"Questa mascherina per gli occhi \u00e8 stata realizzata in tessuto di seta completamente naturale, biologico ed eco-sostenibile.\u00a0","og_url":"https:\/\/gelsomilano.com\/it\/shop\/maschera-per-gli-occhi\/","og_site_name":"Gelso Milano","article_modified_time":"2022-07-10T16:25:56+00:00","og_image":[{"width":1668,"height":2500,"url":"https:\/\/gelsomilano.com\/wp-content\/uploads\/2019\/05\/aloe-eyemask-white.jpg?_t=1657470357","type":"image\/jpeg"}],"author":"Gelso Milano","twitter_card":"summary_large_image","twitter_misc":{"Tempo di lettura stimato":"1 minuto"},"schema":{"@context":"https:\/\/schema.org","@graph":[{"@type":"Organization","@id":"https:\/\/gelsomilano.com\/#organization","name":"Gelso Milano","url":"https:\/\/gelsomilano.com\/","sameAs":[],"logo":{"@type":"ImageObject","inLanguage":"it-IT","@id":"https:\/\/gelsomilano.com\/#\/schema\/logo\/image\/","url":"https:\/\/gelsomilano.com\/wp-content\/uploads\/2019\/02\/logo-gelso.png","contentUrl":"https:\/\/gelsomilano.com\/wp-content\/uploads\/2019\/02\/logo-gelso.png","width":304,"height":155,"caption":"Gelso Milano"},"image":{"@id":"https:\/\/gelsomilano.com\/#\/schema\/logo\/image\/"}},{"@type":"WebSite","@id":"https:\/\/gelsomilano.com\/#website","url":"https:\/\/gelsomilano.com\/","name":"Gelso Milano","description":"Discover the art of Italian artisanry, luxury of the best silk materials and unique eye catching designs with the Gelso Milano collection of the finest Italian silk pyjamas, accessories and bedding.","publisher":{"@id":"https:\/\/gelsomilano.com\/#organization"},"potentialAction":[{"@type":"SearchAction","target":{"@type":"EntryPoint","urlTemplate":"https:\/\/gelsomilano.com\/?s={search_term_string}"},"query-input":"required name=search_term_string"}],"inLanguage":"it-IT"},{"@type":"ImageObject","inLanguage":"it-IT","@id":"https:\/\/gelsomilano.com\/it\/shop\/maschera-per-gli-occhi\/#primaryimage","url":"https:\/\/gelsomilano.com\/wp-content\/uploads\/2019\/05\/aloe-eyemask-white.jpg","contentUrl":"https:\/\/gelsomilano.com\/wp-content\/uploads\/2019\/05\/aloe-eyemask-white.jpg","width":1668,"height":2500,"caption":"silk eye mask"},{"@type":"WebPage","@id":"https:\/\/gelsomilano.com\/it\/shop\/maschera-per-gli-occhi\/#webpage","url":"https:\/\/gelsomilano.com\/it\/shop\/maschera-per-gli-occhi\/","name":"Eye Mask con trattamento di collagene | Gelso Milano","isPartOf":{"@id":"https:\/\/gelsomilano.com\/#website"},"primaryImageOfPage":{"@id":"https:\/\/gelsomilano.com\/it\/shop\/maschera-per-gli-occhi\/#primaryimage"},"datePublished":"2019-08-05T17:21:44+00:00","dateModified":"2022-07-10T16:25:56+00:00","description":"Questa mascherina per gli occhi \u00e8 stata realizzata in tessuto di seta completamente naturale, biologico ed eco-sostenibile.\u00a0","breadcrumb":{"@id":"https:\/\/gelsomilano.com\/it\/shop\/maschera-per-gli-occhi\/#breadcrumb"},"inLanguage":"it-IT","potentialAction":[{"@type":"ReadAction","target":["https:\/\/gelsomilano.com\/it\/shop\/maschera-per-gli-occhi\/"]}]},{"@type":"BreadcrumbList","@id":"https:\/\/gelsomilano.com\/it\/shop\/maschera-per-gli-occhi\/#breadcrumb","itemListElement":[{"@type":"ListItem","position":1,"name":"Home","item":"https:\/\/gelsomilano.com\/it\/"},{"@type":"ListItem","position":2,"name":"Negozio","item":"https:\/\/gelsomilano.com\/it\/negozio\/"},{"@type":"ListItem","position":3,"name":"Eye Mask con trattamento di collagene"}]}]}},"_links":{"self":[{"href":"https:\/\/gelsomilano.com\/it\/wp-json\/wp\/v2\/product\/6143"}],"collection":[{"href":"https:\/\/gelsomilano.com\/it\/wp-json\/wp\/v2\/product"}],"about":[{"href":"https:\/\/gelsomilano.com\/it\/wp-json\/wp\/v2\/types\/product"}],"wp:featuredmedia":[{"embeddable":true,"href":"https:\/\/gelsomilano.com\/it\/wp-json\/wp\/v2\/media\/5563"}],"wp:attachment":[{"href":"https:\/\/gelsomilano.com\/it\/wp-json\/wp\/v2\/media?parent=6143"}],"wp:term":[{"taxonomy":"product_cat","embeddable":true,"href":"https:\/\/gelsomilano.com\/it\/wp-json\/wp\/v2\/product_cat?post=6143"},{"taxonomy":"product_tag","embeddable":true,"href":"https:\/\/gelsomilano.com\/it\/wp-json\/wp\/v2\/product_tag?post=6143"}],"curies":[{"name":"wp","href":"https:\/\/api.w.org\/{rel}","templated":true}]}}