{"id":5805,"date":"2018-05-10T09:50:35","date_gmt":"2018-05-10T07:50:35","guid":{"rendered":"https:\/\/www.gelsomilano.com\/about\/"},"modified":"2022-07-07T17:07:19","modified_gmt":"2022-07-07T15:07:19","slug":"about","status":"publish","type":"page","link":"https:\/\/gelsomilano.com\/it\/about\/","title":{"rendered":"About Us"},"content":{"rendered":"<p>[vc_row full_width=&#8221;stretch_row_content_no_spaces&#8221; equal_height=&#8221;yes&#8221; el_class=&#8221;d-flex align-items-center&#8221; css=&#8221;.vc_custom_1656432651941{background-color: #f4f2ed !important;}&#8221;][vc_column width=&#8221;1\/2&#8243; css=&#8221;.vc_custom_1657206410301{padding-top: 450px !important;padding-bottom: 450px !important;background-image: url(https:\/\/gelsomilano.com\/wp-content\/uploads\/2022\/07\/about-hero-selflove.jpg?id=8014) !important;background-position: center !important;background-repeat: no-repeat !important;background-size: cover !important;}&#8221;][\/vc_column][vc_column width=&#8221;1\/2&#8243; css=&#8221;.vc_custom_1656492134709{padding-top: 4vw !important;padding-right: 4vw !important;padding-bottom: 4vw !important;padding-left: 4vw !important;}&#8221;][vc_empty_space height=&#8221;20px&#8221;][vc_custom_heading text=&#8221;About The Brand&#8221; font_container=&#8221;tag:h1|font_size:24px|text_align:left&#8221;][vc_column_text]Le creazioni di Gelso Milano sono gioielli su misura che esaltano la bellezza e stimolano i sensi, divenendo cos\u00ec il mezzo per far esplodere la propria personalit\u00e0 e iniziare a osare.<\/p>\n<p>La produzione in seta \u00e8 quello che pi\u00f9 ci caratterizza, spaziando dall\u2019abbigliamento fino alla biancheria da letto.<br \/>\nL\u2019arte dell\u2019artigianato italiano garantisce una vestibilit\u00e0 e una qualit\u00e0 impeccabile per i nostri prodotti.[\/vc_column_text][vc_empty_space height=&#8221;50px&#8221;][\/vc_column][\/vc_row][vc_row][vc_column][vc_empty_space height=&#8221;25px&#8221;][vc_custom_heading text=&#8221;L\u2019idea&#8221; font_container=&#8221;tag:h4|font_size:16px|text_align:center&#8221; el_class=&#8221;mw-718&#8243;][vc_empty_space height=&#8221;10px&#8221;][vc_separator color=&#8221;black&#8221; el_width=&#8221;10&#8243;][vc_empty_space height=&#8221;40px&#8221;][vc_column_text el_class=&#8221;mw-718&#8243;]<\/p>\n<p style=\"text-align: center;\">Gelso Milano nasce in Italia e si fonda su capisaldi propri del Made in Italy: la qualit\u00e0 dei materiali e un\u2019artigianalit\u00e0 ricercata. Il nostro obbiettivo \u00e8 quello di trasmettere, attraverso le nostre creazioni, la passione per la seta.<\/p>\n<p style=\"text-align: center;\">Produciamo abbigliamento, accessori e biancheria da letto in seta con un processo produttivo attentamente studiato per onorare la tradizione sartoriale italiana. Ricerchiamo l\u2019eccellenza nei nostri prodotti al fine di soddisfare a pieno i desideri dei nostri clienti.<\/p>\n<p>[\/vc_column_text][\/vc_column][\/vc_row][vc_row][vc_column][vc_empty_space height=&#8221;90px&#8221;][vc_single_image image=&#8221;8015&#8243; img_size=&#8221;large&#8221; alignment=&#8221;center&#8221;][vc_empty_space height=&#8221;40px&#8221;][\/vc_column][\/vc_row][vc_row][vc_column][vc_empty_space height=&#8221;25px&#8221;][vc_custom_heading text=&#8221;Le nostre creazioni&#8221; font_container=&#8221;tag:h4|font_size:16px|text_align:center&#8221; el_class=&#8221;mw-718&#8243;][vc_empty_space height=&#8221;10px&#8221;][vc_separator color=&#8221;black&#8221; el_width=&#8221;10&#8243;][vc_empty_space height=&#8221;40px&#8221;][vc_column_text el_class=&#8221;mw-718&#8243;]<\/p>\n<p style=\"text-align: center;\">Con l\u2019eredit\u00e0 dei i nostri artigiani italiani contribuiamo a creare un prodotto che vanta vestibilit\u00e0 e qualit\u00e0 impeccabili. La nostra \u00e8 una tradizione che si tramanda da intere generazioni e il nostro heritage \u00e8 uno dei nostri punti di forza per la creazione e lo sviluppo dei prodotti. Il segreto delle tecniche di taglio utilizzate si tramanda in famiglia ed \u00e8 applicato a mano per ogni singolo pezzo.<\/p>\n<p style=\"text-align: center;\">Per i nostri prodotti usiamo la migliore seta 100% 19-22 momme, garantendo una qualit\u00e0 superiore con il miglior connubio tra resistenza e stile. Trasmettiamo ai nostri clienti la tradizione del Made in Italy attraverso l&#8217;alta qualit\u00e0 dei materiali, la passione dei nostri artigiani e una grande attenzione ai dettagli con cui curiamo ciascun prodotto.<\/p>\n<p style=\"text-align: center;\">Il nome Gelso trae ispirazione dall&#8217;omonima e magnifica pianta, sottolineandone il contributo speciale nella produzione della seta: il tessuto pi\u00f9 prezioso al mondo.<\/p>\n<p>[\/vc_column_text][vc_empty_space height=&#8221;110px&#8221;][vc_custom_heading text=&#8221;Potere della seta&#8221; font_container=&#8221;tag:h4|font_size:16px|text_align:center&#8221; el_class=&#8221;mw-718&#8243;][vc_empty_space height=&#8221;20px&#8221;][\/vc_column][\/vc_row][vc_row row_content_width=&#8221;grid&#8221;][vc_column width=&#8221;1\/3&#8243;][vc_single_image image=&#8221;7897&#8243; img_size=&#8221;large&#8221; alignment=&#8221;center&#8221; title=&#8221;Sonno&#8221; el_class=&#8221;w-100&#8243;][vc_row_inner css=&#8221;.vc_custom_1656498170263{padding-top: 1vw !important;padding-right: 2vw !important;padding-bottom: 2vw !important;padding-left: 2vw !important;}&#8221;][vc_column_inner][vc_empty_space height=&#8221;10px&#8221;][vc_custom_heading text=&#8221;Perditi e coccolati in un sonno rigenerante\u2026&#8221; font_container=&#8221;tag:h4|font_size:16px|text_align:left&#8221;][vc_column_text]Grazie alle sue propriet\u00e0, la biancheria da letto in seta \u00e8 il complemento perfetto per un sonno indisturbato e rinvigorente. Morbida, liscia ed estremamente confortevole, la seta \u00e8 un regolatore di temperatura naturale, mantiene il giusto livello di riscaldamento del corpo per una sensazione di comfort incontestabile.[\/vc_column_text][vc_empty_space height=&#8221;60px&#8221;][\/vc_column_inner][\/vc_row_inner][\/vc_column][vc_column width=&#8221;1\/3&#8243;][vc_single_image image=&#8221;7898&#8243; img_size=&#8221;large&#8221; alignment=&#8221;center&#8221; title=&#8221;Pelle&#8221; el_class=&#8221;w-100&#8243;][vc_row_inner css=&#8221;.vc_custom_1656498182243{padding-top: 1vw !important;padding-right: 2vw !important;padding-bottom: 2vw !important;padding-left: 2vw !important;}&#8221;][vc_column_inner][vc_empty_space height=&#8221;10px&#8221;][vc_custom_heading text=&#8221;Ottieni un sonno rigenerante in un&#8217;atmosfera setosa\u2026&#8221; font_container=&#8221;tag:h4|font_size:16px|text_align:left&#8221;][vc_column_text]Arma anti-age e segreto di bellezza, la seta si adatta perfettamente al corpo lasciando respirare la pelle, riducendo e prevenendo la formazione di rughe grazie all\u2019alto contenuto di proteine e aminoacidi.[\/vc_column_text][vc_empty_space height=&#8221;60px&#8221;][\/vc_column_inner][\/vc_row_inner][\/vc_column][vc_column width=&#8221;1\/3&#8243;][vc_single_image image=&#8221;7899&#8243; img_size=&#8221;large&#8221; alignment=&#8221;center&#8221; title=&#8221;Capelli&#8221; el_class=&#8221;w-100&#8243;][vc_row_inner css=&#8221;.vc_custom_1656498193340{padding-top: 1vw !important;padding-right: 2vw !important;padding-bottom: 2vw !important;padding-left: 2vw !important;}&#8221;][vc_column_inner][vc_empty_space height=&#8221;10px&#8221;][vc_custom_heading text=&#8221;Lascia brillare i tuoi capelli con un tocco delicato e perfetto\u2026&#8221; font_container=&#8221;tag:h4|font_size:16px|text_align:left&#8221;][vc_column_text]Delicata sui capelli, la seta aiuta a mantenerli lisci e sani, agendo contro la loro rottura e le doppie punte. A differenza del cotone, che assorbe l&#8217;umidit\u00e0 dai capelli asciugandoli, la seta permette all&#8217;acconciatura di durare per tutta la notte evitando i capelli crespi e arruffati quando ci si sveglia al mattino.[\/vc_column_text][vc_empty_space height=&#8221;60px&#8221;][\/vc_column_inner][\/vc_row_inner][\/vc_column][\/vc_row]<\/p>\n","protected":false},"excerpt":{"rendered":"<p>[vc_row full_width=&#8221;stretch_row_content_no_spaces&#8221; equal_height=&#8221;yes&#8221; el_class=&#8221;d-flex align-items-center&#8221; css=&#8221;.vc_custom_1656432651941{background-color: #f4f2ed !important;}&#8221;][vc_column width=&#8221;1\/2&#8243; css=&#8221;.vc_custom_1657206410301{padding-top: 450px !important;padding-bottom: 450px !important;background-image: url(https:\/\/gelsomilano.com\/wp-content\/uploads\/2022\/07\/about-hero-selflove.jpg?id=8014) !important;background-position: center !important;background-repeat: no-repeat !important;background-size: cover !important;}&#8221;][\/vc_column][vc_column width=&#8221;1\/2&#8243; css=&#8221;.vc_custom_1656492134709{padding-top: 4vw !important;padding-right: 4vw !important;padding-bottom: 4vw !important;padding-left: 4vw !important;}&#8221;][vc_empty_space height=&#8221;20px&#8221;][vc_custom_heading text=&#8221;About The Brand&#8221; font_container=&#8221;tag:h1|font_size:24px|text_align:left&#8221;][vc_column_text]Le creazioni di Gelso [&hellip;]<\/p>\n","protected":false},"author":1,"featured_media":0,"parent":0,"menu_order":0,"comment_status":"closed","ping_status":"closed","template":"","meta":[],"acf":[],"yoast_head":"<!-- This site is optimized with the Yoast SEO plugin v19.2 - https:\/\/yoast.com\/wordpress\/plugins\/seo\/ -->\n<title>About Us | Gelso Milano<\/title>\n<meta name=\"description\" content=\"Discover the art of Italian artisanry, luxury of the best silk materials and unique eye catching designs with the Gelso Milano collection of the finest Italian silk pyjamas, accessories and bedding.\" \/>\n<meta name=\"robots\" content=\"index, follow, max-snippet:-1, max-image-preview:large, max-video-preview:-1\" \/>\n<link rel=\"canonical\" href=\"https:\/\/gelsomilano.com\/it\/about\/\" \/>\n<meta property=\"og:locale\" content=\"it_IT\" \/>\n<meta property=\"og:type\" content=\"article\" \/>\n<meta property=\"og:title\" content=\"About Us | Gelso Milano\" \/>\n<meta property=\"og:description\" content=\"Discover the art of Italian artisanry, luxury of the best silk materials and unique eye catching designs with the Gelso Milano collection of the finest Italian silk pyjamas, accessories and bedding.\" \/>\n<meta property=\"og:url\" content=\"https:\/\/gelsomilano.com\/it\/about\/\" \/>\n<meta property=\"og:site_name\" content=\"Gelso Milano\" \/>\n<meta property=\"article:modified_time\" content=\"2022-07-07T15:07:19+00:00\" \/>\n<meta property=\"og:image\" content=\"https:\/\/gelsomilano.com\/wp-content\/uploads\/2019\/05\/homepage-slider-aloe.jpg\" \/>\n\t<meta property=\"og:image:width\" content=\"1920\" \/>\n\t<meta property=\"og:image:height\" content=\"1080\" \/>\n\t<meta property=\"og:image:type\" content=\"image\/jpeg\" \/>\n<meta name=\"author\" content=\"admin\" \/>\n<meta name=\"twitter:card\" content=\"summary_large_image\" \/>\n<meta name=\"twitter:label1\" content=\"Tempo di lettura stimato\" \/>\n\t<meta name=\"twitter:data1\" content=\"3 minuti\" \/>\n<script type=\"application\/ld+json\" class=\"yoast-schema-graph\">{\"@context\":\"https:\/\/schema.org\",\"@graph\":[{\"@type\":\"Organization\",\"@id\":\"https:\/\/gelsomilano.com\/#organization\",\"name\":\"Gelso Milano\",\"url\":\"https:\/\/gelsomilano.com\/\",\"sameAs\":[],\"logo\":{\"@type\":\"ImageObject\",\"inLanguage\":\"it-IT\",\"@id\":\"https:\/\/gelsomilano.com\/#\/schema\/logo\/image\/\",\"url\":\"https:\/\/gelsomilano.com\/wp-content\/uploads\/2019\/02\/logo-gelso.png\",\"contentUrl\":\"https:\/\/gelsomilano.com\/wp-content\/uploads\/2019\/02\/logo-gelso.png\",\"width\":304,\"height\":155,\"caption\":\"Gelso Milano\"},\"image\":{\"@id\":\"https:\/\/gelsomilano.com\/#\/schema\/logo\/image\/\"}},{\"@type\":\"WebSite\",\"@id\":\"https:\/\/gelsomilano.com\/#website\",\"url\":\"https:\/\/gelsomilano.com\/\",\"name\":\"Gelso Milano\",\"description\":\"Discover the art of Italian artisanry, luxury of the best silk materials and unique eye catching designs with the Gelso Milano collection of the finest Italian silk pyjamas, accessories and bedding.\",\"publisher\":{\"@id\":\"https:\/\/gelsomilano.com\/#organization\"},\"potentialAction\":[{\"@type\":\"SearchAction\",\"target\":{\"@type\":\"EntryPoint\",\"urlTemplate\":\"https:\/\/gelsomilano.com\/?s={search_term_string}\"},\"query-input\":\"required name=search_term_string\"}],\"inLanguage\":\"it-IT\"},{\"@type\":\"WebPage\",\"@id\":\"https:\/\/gelsomilano.com\/it\/about\/#webpage\",\"url\":\"https:\/\/gelsomilano.com\/it\/about\/\",\"name\":\"About Us | Gelso Milano\",\"isPartOf\":{\"@id\":\"https:\/\/gelsomilano.com\/#website\"},\"datePublished\":\"2018-05-10T07:50:35+00:00\",\"dateModified\":\"2022-07-07T15:07:19+00:00\",\"description\":\"Discover the art of Italian artisanry, luxury of the best silk materials and unique eye catching designs with the Gelso Milano collection of the finest Italian silk pyjamas, accessories and bedding.\",\"breadcrumb\":{\"@id\":\"https:\/\/gelsomilano.com\/it\/about\/#breadcrumb\"},\"inLanguage\":\"it-IT\",\"potentialAction\":[{\"@type\":\"ReadAction\",\"target\":[\"https:\/\/gelsomilano.com\/it\/about\/\"]}]},{\"@type\":\"BreadcrumbList\",\"@id\":\"https:\/\/gelsomilano.com\/it\/about\/#breadcrumb\",\"itemListElement\":[{\"@type\":\"ListItem\",\"position\":1,\"name\":\"Home\",\"item\":\"https:\/\/gelsomilano.com\/it\/\"},{\"@type\":\"ListItem\",\"position\":2,\"name\":\"About Us\"}]}]}<\/script>\n<!-- \/ Yoast SEO plugin. -->","yoast_head_json":{"title":"About Us | Gelso Milano","description":"Discover the art of Italian artisanry, luxury of the best silk materials and unique eye catching designs with the Gelso Milano collection of the finest Italian silk pyjamas, accessories and bedding.","robots":{"index":"index","follow":"follow","max-snippet":"max-snippet:-1","max-image-preview":"max-image-preview:large","max-video-preview":"max-video-preview:-1"},"canonical":"https:\/\/gelsomilano.com\/it\/about\/","og_locale":"it_IT","og_type":"article","og_title":"About Us | Gelso Milano","og_description":"Discover the art of Italian artisanry, luxury of the best silk materials and unique eye catching designs with the Gelso Milano collection of the finest Italian silk pyjamas, accessories and bedding.","og_url":"https:\/\/gelsomilano.com\/it\/about\/","og_site_name":"Gelso Milano","article_modified_time":"2022-07-07T15:07:19+00:00","og_image":[{"width":1920,"height":1080,"url":"https:\/\/gelsomilano.com\/wp-content\/uploads\/2019\/05\/homepage-slider-aloe.jpg","type":"image\/jpeg"}],"author":"admin","twitter_card":"summary_large_image","twitter_misc":{"Tempo di lettura stimato":"3 minuti"},"schema":{"@context":"https:\/\/schema.org","@graph":[{"@type":"Organization","@id":"https:\/\/gelsomilano.com\/#organization","name":"Gelso Milano","url":"https:\/\/gelsomilano.com\/","sameAs":[],"logo":{"@type":"ImageObject","inLanguage":"it-IT","@id":"https:\/\/gelsomilano.com\/#\/schema\/logo\/image\/","url":"https:\/\/gelsomilano.com\/wp-content\/uploads\/2019\/02\/logo-gelso.png","contentUrl":"https:\/\/gelsomilano.com\/wp-content\/uploads\/2019\/02\/logo-gelso.png","width":304,"height":155,"caption":"Gelso Milano"},"image":{"@id":"https:\/\/gelsomilano.com\/#\/schema\/logo\/image\/"}},{"@type":"WebSite","@id":"https:\/\/gelsomilano.com\/#website","url":"https:\/\/gelsomilano.com\/","name":"Gelso Milano","description":"Discover the art of Italian artisanry, luxury of the best silk materials and unique eye catching designs with the Gelso Milano collection of the finest Italian silk pyjamas, accessories and bedding.","publisher":{"@id":"https:\/\/gelsomilano.com\/#organization"},"potentialAction":[{"@type":"SearchAction","target":{"@type":"EntryPoint","urlTemplate":"https:\/\/gelsomilano.com\/?s={search_term_string}"},"query-input":"required name=search_term_string"}],"inLanguage":"it-IT"},{"@type":"WebPage","@id":"https:\/\/gelsomilano.com\/it\/about\/#webpage","url":"https:\/\/gelsomilano.com\/it\/about\/","name":"About Us | Gelso Milano","isPartOf":{"@id":"https:\/\/gelsomilano.com\/#website"},"datePublished":"2018-05-10T07:50:35+00:00","dateModified":"2022-07-07T15:07:19+00:00","description":"Discover the art of Italian artisanry, luxury of the best silk materials and unique eye catching designs with the Gelso Milano collection of the finest Italian silk pyjamas, accessories and bedding.","breadcrumb":{"@id":"https:\/\/gelsomilano.com\/it\/about\/#breadcrumb"},"inLanguage":"it-IT","potentialAction":[{"@type":"ReadAction","target":["https:\/\/gelsomilano.com\/it\/about\/"]}]},{"@type":"BreadcrumbList","@id":"https:\/\/gelsomilano.com\/it\/about\/#breadcrumb","itemListElement":[{"@type":"ListItem","position":1,"name":"Home","item":"https:\/\/gelsomilano.com\/it\/"},{"@type":"ListItem","position":2,"name":"About Us"}]}]}},"_links":{"self":[{"href":"https:\/\/gelsomilano.com\/it\/wp-json\/wp\/v2\/pages\/5805"}],"collection":[{"href":"https:\/\/gelsomilano.com\/it\/wp-json\/wp\/v2\/pages"}],"about":[{"href":"https:\/\/gelsomilano.com\/it\/wp-json\/wp\/v2\/types\/page"}],"author":[{"embeddable":true,"href":"https:\/\/gelsomilano.com\/it\/wp-json\/wp\/v2\/users\/1"}],"replies":[{"embeddable":true,"href":"https:\/\/gelsomilano.com\/it\/wp-json\/wp\/v2\/comments?post=5805"}],"version-history":[{"count":57,"href":"https:\/\/gelsomilano.com\/it\/wp-json\/wp\/v2\/pages\/5805\/revisions"}],"predecessor-version":[{"id":8019,"href":"https:\/\/gelsomilano.com\/it\/wp-json\/wp\/v2\/pages\/5805\/revisions\/8019"}],"wp:attachment":[{"href":"https:\/\/gelsomilano.com\/it\/wp-json\/wp\/v2\/media?parent=5805"}],"curies":[{"name":"wp","href":"https:\/\/api.w.org\/{rel}","templated":true}]}}