{"id":5803,"date":"2018-05-08T11:51:25","date_gmt":"2018-05-08T11:51:25","guid":{"rendered":"https:\/\/www.gelsomilano.com\/main-home\/"},"modified":"2022-07-20T15:43:57","modified_gmt":"2022-07-20T13:43:57","slug":"main-home","status":"publish","type":"page","link":"https:\/\/gelsomilano.com\/it\/","title":{"rendered":"Main Home"},"content":{"rendered":"<p>[vc_row][vc_column][rev_slider_vc alias=&#8221;video-hero&#8221; enable_paspartu=&#8221;no&#8221;][\/vc_column][\/vc_row][vc_row full_width=&#8221;stretch_row&#8221; el_id=&#8221;home-list-products&#8221;][vc_column][vc_empty_space height=&#8221;40px&#8221;][vc_custom_heading text=&#8221;Collezione&#8221; font_container=&#8221;tag:h4|font_size:14px|text_align:center&#8221;][vc_empty_space height=&#8221;40px&#8221;]\n<div class=\"mkdf-pl-holder mkdf-grid-list mkdf-disable-bottom-space mkdf-standard-layout mkdf-four-columns mkdf-tiny-space mkdf-info-below-image-centered \" >\n\t<div class=\"mkdf-pl-outer mkdf-outer-space\">\n\t\t<div class=\"mkdf-pli mkdf-item-space product \">\n\t<div class=\"mkdf-pli-inner\">\n\t\t<div class=\"mkdf-pli-image\">\n\t\t\t\n<img width=\"1668\" height=\"2500\" src=\"https:\/\/gelsomilano.com\/wp-content\/uploads\/2022\/07\/DB-9293.jpg\" class=\"attachment-full size-full wp-post-image\" alt=\"\" loading=\"lazy\" srcset=\"https:\/\/gelsomilano.com\/wp-content\/uploads\/2022\/07\/DB-9293.jpg 1668w, https:\/\/gelsomilano.com\/wp-content\/uploads\/2022\/07\/DB-9293-768x1151.jpg 768w, https:\/\/gelsomilano.com\/wp-content\/uploads\/2022\/07\/DB-9293-200x300.jpg 200w, https:\/\/gelsomilano.com\/wp-content\/uploads\/2022\/07\/DB-9293-683x1024.jpg 683w, https:\/\/gelsomilano.com\/wp-content\/uploads\/2022\/07\/DB-9293-1025x1536.jpg 1025w, https:\/\/gelsomilano.com\/wp-content\/uploads\/2022\/07\/DB-9293-1366x2048.jpg 1366w\" sizes=\"(max-width: 1668px) 100vw, 1668px\" \/>\t\t<\/div>\n\t\t<div class=\"mkdf-pli-text\">\n\t\t\t<div class=\"mkdf-pli-text-outer\">\n\t\t\t\t<div class=\"mkdf-pli-text-inner\">\n\t\t\t\t\t<div class=\"mkdf-pli-text-action\">\n                                                \t\t\t\t\t<\/div>\n\t\t\t\t<\/div>\n\t\t\t<\/div>\n\t\t<\/div>\n\t\t<a class=\"mkdf-pli-link\" itemprop=\"url\" href=\"https:\/\/gelsomilano.com\/it\/shop\/ocean-100-seta-eye-mask\/\" title=\"Ocean 100% Seta Eye Mask\"><\/a>\n\t<\/div>\n\t<div class=\"mkdf-pli-text-wrapper\" >\n        <div class=\"mkdf-pli-main-info-wrapper clearfix\">\n                <h5 itemprop=\"name\" class=\"entry-title mkdf-pli-title\" >\n\t\t<a itemprop=\"url\" href=\"https:\/\/gelsomilano.com\/it\/shop\/ocean-100-seta-eye-mask\/\">Ocean 100% Seta Eye Mask<\/a>\n\t<\/h5>\n            <div class=\"mkdf-price-rating-holder\" >\n\t\t\t\t\t<div class=\"mkdf-pli-price\"><span class=\"woocommerce-Price-amount amount\">35,00<span class=\"woocommerce-Price-currencySymbol\">&euro;<\/span><\/span><\/div>\n            \t            \n            <\/div>\n        <\/div>\n    <\/div>\n<\/div><div class=\"mkdf-pli mkdf-item-space product \">\n\t<div class=\"mkdf-pli-inner\">\n\t\t<div class=\"mkdf-pli-image\">\n\t\t\t\n<img width=\"1668\" height=\"2500\" src=\"https:\/\/gelsomilano.com\/wp-content\/uploads\/2022\/07\/DB-9288.jpg\" class=\"attachment-full size-full wp-post-image\" alt=\"silk eye mask\" loading=\"lazy\" srcset=\"https:\/\/gelsomilano.com\/wp-content\/uploads\/2022\/07\/DB-9288.jpg 1668w, https:\/\/gelsomilano.com\/wp-content\/uploads\/2022\/07\/DB-9288-200x300.jpg 200w, https:\/\/gelsomilano.com\/wp-content\/uploads\/2022\/07\/DB-9288-683x1024.jpg 683w, https:\/\/gelsomilano.com\/wp-content\/uploads\/2022\/07\/DB-9288-768x1151.jpg 768w, https:\/\/gelsomilano.com\/wp-content\/uploads\/2022\/07\/DB-9288-1025x1536.jpg 1025w, https:\/\/gelsomilano.com\/wp-content\/uploads\/2022\/07\/DB-9288-1366x2048.jpg 1366w\" sizes=\"(max-width: 1668px) 100vw, 1668px\" \/>\t\t<\/div>\n\t\t<div class=\"mkdf-pli-text\">\n\t\t\t<div class=\"mkdf-pli-text-outer\">\n\t\t\t\t<div class=\"mkdf-pli-text-inner\">\n\t\t\t\t\t<div class=\"mkdf-pli-text-action\">\n                                                \t\t\t\t\t<\/div>\n\t\t\t\t<\/div>\n\t\t\t<\/div>\n\t\t<\/div>\n\t\t<a class=\"mkdf-pli-link\" itemprop=\"url\" href=\"https:\/\/gelsomilano.com\/it\/shop\/grey-fall-100-seta-eye-mask-copy\/\" title=\"Deep Grey 100% Seta Eye Mask\"><\/a>\n\t<\/div>\n\t<div class=\"mkdf-pli-text-wrapper\" >\n        <div class=\"mkdf-pli-main-info-wrapper clearfix\">\n                <h5 itemprop=\"name\" class=\"entry-title mkdf-pli-title\" >\n\t\t<a itemprop=\"url\" href=\"https:\/\/gelsomilano.com\/it\/shop\/grey-fall-100-seta-eye-mask-copy\/\">Deep Grey 100% Seta Eye Mask<\/a>\n\t<\/h5>\n            <div class=\"mkdf-price-rating-holder\" >\n\t\t\t\t\t<div class=\"mkdf-pli-price\"><span class=\"woocommerce-Price-amount amount\">35,00<span class=\"woocommerce-Price-currencySymbol\">&euro;<\/span><\/span><\/div>\n            \t            \n            <\/div>\n        <\/div>\n    <\/div>\n<\/div><div class=\"mkdf-pli mkdf-item-space product \">\n\t<div class=\"mkdf-pli-inner\">\n\t\t<div class=\"mkdf-pli-image\">\n\t\t\t\n<img width=\"1668\" height=\"2500\" src=\"https:\/\/gelsomilano.com\/wp-content\/uploads\/2022\/07\/DB-9290.jpg\" class=\"attachment-full size-full wp-post-image\" alt=\"silk eye mask\" loading=\"lazy\" srcset=\"https:\/\/gelsomilano.com\/wp-content\/uploads\/2022\/07\/DB-9290.jpg 1668w, https:\/\/gelsomilano.com\/wp-content\/uploads\/2022\/07\/DB-9290-200x300.jpg 200w, https:\/\/gelsomilano.com\/wp-content\/uploads\/2022\/07\/DB-9290-683x1024.jpg 683w, https:\/\/gelsomilano.com\/wp-content\/uploads\/2022\/07\/DB-9290-768x1151.jpg 768w, https:\/\/gelsomilano.com\/wp-content\/uploads\/2022\/07\/DB-9290-1025x1536.jpg 1025w, https:\/\/gelsomilano.com\/wp-content\/uploads\/2022\/07\/DB-9290-1366x2048.jpg 1366w\" sizes=\"(max-width: 1668px) 100vw, 1668px\" \/>\t\t<\/div>\n\t\t<div class=\"mkdf-pli-text\">\n\t\t\t<div class=\"mkdf-pli-text-outer\">\n\t\t\t\t<div class=\"mkdf-pli-text-inner\">\n\t\t\t\t\t<div class=\"mkdf-pli-text-action\">\n                                                \t\t\t\t\t<\/div>\n\t\t\t\t<\/div>\n\t\t\t<\/div>\n\t\t<\/div>\n\t\t<a class=\"mkdf-pli-link\" itemprop=\"url\" href=\"https:\/\/gelsomilano.com\/it\/shop\/parrots-100-seta-eye-mask\/\" title=\"Parrots 100% Seta Eye Mask\"><\/a>\n\t<\/div>\n\t<div class=\"mkdf-pli-text-wrapper\" >\n        <div class=\"mkdf-pli-main-info-wrapper clearfix\">\n                <h5 itemprop=\"name\" class=\"entry-title mkdf-pli-title\" >\n\t\t<a itemprop=\"url\" href=\"https:\/\/gelsomilano.com\/it\/shop\/parrots-100-seta-eye-mask\/\">Parrots 100% Seta Eye Mask<\/a>\n\t<\/h5>\n            <div class=\"mkdf-price-rating-holder\" >\n\t\t\t\t\t<div class=\"mkdf-pli-price\"><span class=\"woocommerce-Price-amount amount\">35,00<span class=\"woocommerce-Price-currencySymbol\">&euro;<\/span><\/span><\/div>\n            \t            \n            <\/div>\n        <\/div>\n    <\/div>\n<\/div><div class=\"mkdf-pli mkdf-item-space product \">\n\t<div class=\"mkdf-pli-inner\">\n\t\t<div class=\"mkdf-pli-image\">\n\t\t\t\n<img width=\"1668\" height=\"2500\" src=\"https:\/\/gelsomilano.com\/wp-content\/uploads\/2022\/07\/DB-9342.jpg\" class=\"attachment-full size-full wp-post-image\" alt=\"\" loading=\"lazy\" srcset=\"https:\/\/gelsomilano.com\/wp-content\/uploads\/2022\/07\/DB-9342.jpg 1668w, https:\/\/gelsomilano.com\/wp-content\/uploads\/2022\/07\/DB-9342-768x1151.jpg 768w, https:\/\/gelsomilano.com\/wp-content\/uploads\/2022\/07\/DB-9342-200x300.jpg 200w, https:\/\/gelsomilano.com\/wp-content\/uploads\/2022\/07\/DB-9342-683x1024.jpg 683w, https:\/\/gelsomilano.com\/wp-content\/uploads\/2022\/07\/DB-9342-1025x1536.jpg 1025w, https:\/\/gelsomilano.com\/wp-content\/uploads\/2022\/07\/DB-9342-1366x2048.jpg 1366w\" sizes=\"(max-width: 1668px) 100vw, 1668px\" \/>\t\t<\/div>\n\t\t<div class=\"mkdf-pli-text\">\n\t\t\t<div class=\"mkdf-pli-text-outer\">\n\t\t\t\t<div class=\"mkdf-pli-text-inner\">\n\t\t\t\t\t<div class=\"mkdf-pli-text-action\">\n                                                \t\t\t\t\t<\/div>\n\t\t\t\t<\/div>\n\t\t\t<\/div>\n\t\t<\/div>\n\t\t<a class=\"mkdf-pli-link\" itemprop=\"url\" href=\"https:\/\/gelsomilano.com\/it\/shop\/grey-fall-100-seta-scrunchies\/\" title=\"Deep Grey 100% Seta Scrunchies\"><\/a>\n\t<\/div>\n\t<div class=\"mkdf-pli-text-wrapper\" >\n        <div class=\"mkdf-pli-main-info-wrapper clearfix\">\n                <h5 itemprop=\"name\" class=\"entry-title mkdf-pli-title\" >\n\t\t<a itemprop=\"url\" href=\"https:\/\/gelsomilano.com\/it\/shop\/grey-fall-100-seta-scrunchies\/\">Deep Grey 100% Seta Scrunchies<\/a>\n\t<\/h5>\n            <div class=\"mkdf-price-rating-holder\" >\n\t\t\t\t\t<div class=\"mkdf-pli-price\"><span class=\"woocommerce-Price-amount amount\">14,00<span class=\"woocommerce-Price-currencySymbol\">&euro;<\/span><\/span><\/div>\n            \t            \n            <\/div>\n        <\/div>\n    <\/div>\n<\/div>\t<\/div>\n<\/div>[vc_empty_space height=&#8221;60px&#8221;][\/vc_column][\/vc_row][vc_row][vc_column][vc_custom_heading text=&#8221;SS\u201922 Campaign&#8221; font_container=&#8221;tag:h4|font_size:14px|text_align:center&#8221;][vc_empty_space height=&#8221;40px&#8221;][\/vc_column][\/vc_row][vc_row][vc_column width=&#8221;1\/2&#8243;][vc_single_image image=&#8221;7857&#8243; img_size=&#8221;large&#8221;][vc_empty_space height=&#8221;30px&#8221;][vc_single_image image=&#8221;7858&#8243; img_size=&#8221;large&#8221;][vc_empty_space height=&#8221;30px&#8221;][\/vc_column][vc_column width=&#8221;1\/2&#8243;][vc_single_image image=&#8221;7859&#8243; img_size=&#8221;large&#8221;][vc_row_inner css=&#8221;.vc_custom_1656415941835{padding-right: 20px !important;padding-left: 20px !important;}&#8221;][vc_column_inner][vc_empty_space height=&#8221;80px&#8221;][vc_custom_heading text=&#8221;Self Love&#8221; font_container=&#8221;tag:h4|font_size:14px|text_align:left&#8221;][vc_empty_space height=&#8221;30px&#8221;][vc_column_text]Evocativa, raffinata, sublime. La collezione di Gelso Milano Self-love \u00e8 caratterizzata dalla ricerca interiore di se stessi, del proprio benessere e della propria felicit\u00e0. La volont\u00e0 di esprimersi e di sentirsi liberi descrive la collezione e palesa la sua allure, sia per l\u2019uomo che per la donna.[\/vc_column_text][vc_empty_space height=&#8221;60px&#8221;][vc_btn title=&#8221;Esplora collezione&#8221; style=&#8221;outline&#8221; shape=&#8221;square&#8221; color=&#8221;black&#8221; link=&#8221;url:https%3A%2F%2Fgelsomilano.com%2Fit%2Fcampaign%2Fself-love-collection%2F|title:Self-Love%20Collection&#8221;][vc_empty_space height=&#8221;60px&#8221;][\/vc_column_inner][\/vc_row_inner][\/vc_column][\/vc_row]<\/p>\n","protected":false},"excerpt":{"rendered":"<p>[vc_row][vc_column][rev_slider_vc alias=&#8221;video-hero&#8221; enable_paspartu=&#8221;no&#8221;][\/vc_column][\/vc_row][vc_row full_width=&#8221;stretch_row&#8221; el_id=&#8221;home-list-products&#8221;][vc_column][vc_empty_space height=&#8221;40px&#8221;][vc_custom_heading text=&#8221;Collezione&#8221; font_container=&#8221;tag:h4|font_size:14px|text_align:center&#8221;][vc_empty_space height=&#8221;40px&#8221;][vc_empty_space height=&#8221;60px&#8221;][\/vc_column][\/vc_row][vc_row][vc_column][vc_custom_heading text=&#8221;SS\u201922 Campaign&#8221; font_container=&#8221;tag:h4|font_size:14px|text_align:center&#8221;][vc_empty_space height=&#8221;40px&#8221;][\/vc_column][\/vc_row][vc_row][vc_column width=&#8221;1\/2&#8243;][vc_single_image image=&#8221;7857&#8243; img_size=&#8221;large&#8221;][vc_empty_space height=&#8221;30px&#8221;][vc_single_image image=&#8221;7858&#8243; img_size=&#8221;large&#8221;][vc_empty_space height=&#8221;30px&#8221;][\/vc_column][vc_column width=&#8221;1\/2&#8243;][vc_single_image image=&#8221;7859&#8243; img_size=&#8221;large&#8221;][vc_row_inner css=&#8221;.vc_custom_1656415941835{padding-right: 20px !important;padding-left: 20px !important;}&#8221;][vc_column_inner][vc_empty_space height=&#8221;80px&#8221;][vc_custom_heading text=&#8221;Self Love&#8221; font_container=&#8221;tag:h4|font_size:14px|text_align:left&#8221;][vc_empty_space height=&#8221;30px&#8221;][vc_column_text]Evocativa, raffinata, sublime. La collezione di Gelso [&hellip;]<\/p>\n","protected":false},"author":1,"featured_media":0,"parent":0,"menu_order":0,"comment_status":"closed","ping_status":"closed","template":"","meta":[],"acf":[],"yoast_head":"<!-- This site is optimized with the Yoast SEO plugin v19.2 - https:\/\/yoast.com\/wordpress\/plugins\/seo\/ -->\n<title>Gelso Milano | Silk, the most precious fabric for the best quality of sleep<\/title>\n<meta name=\"description\" content=\"Discover the art of Italian artisanry, luxury of the best silk materials and unique eye catching designs with the Gelso Milano collection of the finest Italian silk pyjamas, accessories and bedding.\" \/>\n<meta name=\"robots\" content=\"index, follow, max-snippet:-1, max-image-preview:large, max-video-preview:-1\" \/>\n<link rel=\"canonical\" href=\"https:\/\/gelsomilano.com\/it\/\" \/>\n<meta property=\"og:locale\" content=\"it_IT\" \/>\n<meta property=\"og:type\" content=\"article\" \/>\n<meta property=\"og:title\" content=\"Gelso Milano | Silk, the most precious fabric for the best quality of sleep\" \/>\n<meta property=\"og:description\" content=\"The art of blending colours, art printing technology, high quality and innovative rejuvenating materials where fashion is the way to express yourself.\" \/>\n<meta property=\"og:url\" content=\"https:\/\/gelsomilano.com\/it\/\" \/>\n<meta property=\"og:site_name\" content=\"Gelso Milano\" \/>\n<meta property=\"article:modified_time\" content=\"2022-07-20T13:43:57+00:00\" \/>\n<meta property=\"og:image\" content=\"https:\/\/gelsomilano.com\/wp-content\/uploads\/2019\/05\/homepage-slider-aloe.jpg?_t=1658324638\" \/>\n\t<meta property=\"og:image:width\" content=\"1920\" \/>\n\t<meta property=\"og:image:height\" content=\"1080\" \/>\n\t<meta property=\"og:image:type\" content=\"image\/jpeg\" \/>\n<meta name=\"author\" content=\"admin\" \/>\n<meta name=\"twitter:card\" content=\"summary_large_image\" \/>\n<meta name=\"twitter:label1\" content=\"Tempo di lettura stimato\" \/>\n\t<meta name=\"twitter:data1\" content=\"1 minuto\" \/>\n<script type=\"application\/ld+json\" class=\"yoast-schema-graph\">{\"@context\":\"https:\/\/schema.org\",\"@graph\":[{\"@type\":\"Organization\",\"@id\":\"https:\/\/gelsomilano.com\/#organization\",\"name\":\"Gelso Milano\",\"url\":\"https:\/\/gelsomilano.com\/\",\"sameAs\":[],\"logo\":{\"@type\":\"ImageObject\",\"inLanguage\":\"it-IT\",\"@id\":\"https:\/\/gelsomilano.com\/#\/schema\/logo\/image\/\",\"url\":\"https:\/\/gelsomilano.com\/wp-content\/uploads\/2019\/02\/logo-gelso.png\",\"contentUrl\":\"https:\/\/gelsomilano.com\/wp-content\/uploads\/2019\/02\/logo-gelso.png\",\"width\":304,\"height\":155,\"caption\":\"Gelso Milano\"},\"image\":{\"@id\":\"https:\/\/gelsomilano.com\/#\/schema\/logo\/image\/\"}},{\"@type\":\"WebSite\",\"@id\":\"https:\/\/gelsomilano.com\/#website\",\"url\":\"https:\/\/gelsomilano.com\/\",\"name\":\"Gelso Milano\",\"description\":\"Discover the art of Italian artisanry, luxury of the best silk materials and unique eye catching designs with the Gelso Milano collection of the finest Italian silk pyjamas, accessories and bedding.\",\"publisher\":{\"@id\":\"https:\/\/gelsomilano.com\/#organization\"},\"potentialAction\":[{\"@type\":\"SearchAction\",\"target\":{\"@type\":\"EntryPoint\",\"urlTemplate\":\"https:\/\/gelsomilano.com\/?s={search_term_string}\"},\"query-input\":\"required name=search_term_string\"}],\"inLanguage\":\"it-IT\"},{\"@type\":\"ImageObject\",\"inLanguage\":\"it-IT\",\"@id\":\"https:\/\/gelsomilano.com\/it\/#primaryimage\",\"url\":\"https:\/\/gelsomilano.com\/wp-content\/uploads\/2019\/05\/homepage-slider-aloe.jpg\",\"contentUrl\":\"https:\/\/gelsomilano.com\/wp-content\/uploads\/2019\/05\/homepage-slider-aloe.jpg\",\"width\":1920,\"height\":1080},{\"@type\":\"WebPage\",\"@id\":\"https:\/\/gelsomilano.com\/it\/#webpage\",\"url\":\"https:\/\/gelsomilano.com\/it\/\",\"name\":\"Gelso Milano | Silk, the most precious fabric for the best quality of sleep\",\"isPartOf\":{\"@id\":\"https:\/\/gelsomilano.com\/#website\"},\"primaryImageOfPage\":{\"@id\":\"https:\/\/gelsomilano.com\/it\/#primaryimage\"},\"datePublished\":\"2018-05-08T11:51:25+00:00\",\"dateModified\":\"2022-07-20T13:43:57+00:00\",\"description\":\"Discover the art of Italian artisanry, luxury of the best silk materials and unique eye catching designs with the Gelso Milano collection of the finest Italian silk pyjamas, accessories and bedding.\",\"breadcrumb\":{\"@id\":\"https:\/\/gelsomilano.com\/it\/#breadcrumb\"},\"inLanguage\":\"it-IT\",\"potentialAction\":[{\"@type\":\"ReadAction\",\"target\":[\"https:\/\/gelsomilano.com\/it\/\"]}]},{\"@type\":\"BreadcrumbList\",\"@id\":\"https:\/\/gelsomilano.com\/it\/#breadcrumb\",\"itemListElement\":[{\"@type\":\"ListItem\",\"position\":1,\"name\":\"Home\",\"item\":\"https:\/\/gelsomilano.com\/it\/\"},{\"@type\":\"ListItem\",\"position\":2,\"name\":\"Main Home\"}]}]}<\/script>\n<!-- \/ Yoast SEO plugin. -->","yoast_head_json":{"title":"Gelso Milano | Silk, the most precious fabric for the best quality of sleep","description":"Discover the art of Italian artisanry, luxury of the best silk materials and unique eye catching designs with the Gelso Milano collection of the finest Italian silk pyjamas, accessories and bedding.","robots":{"index":"index","follow":"follow","max-snippet":"max-snippet:-1","max-image-preview":"max-image-preview:large","max-video-preview":"max-video-preview:-1"},"canonical":"https:\/\/gelsomilano.com\/it\/","og_locale":"it_IT","og_type":"article","og_title":"Gelso Milano | Silk, the most precious fabric for the best quality of sleep","og_description":"The art of blending colours, art printing technology, high quality and innovative rejuvenating materials where fashion is the way to express yourself.","og_url":"https:\/\/gelsomilano.com\/it\/","og_site_name":"Gelso Milano","article_modified_time":"2022-07-20T13:43:57+00:00","og_image":[{"width":1920,"height":1080,"url":"https:\/\/gelsomilano.com\/wp-content\/uploads\/2019\/05\/homepage-slider-aloe.jpg?_t=1658324638","type":"image\/jpeg"}],"author":"admin","twitter_card":"summary_large_image","twitter_misc":{"Tempo di lettura stimato":"1 minuto"},"schema":{"@context":"https:\/\/schema.org","@graph":[{"@type":"Organization","@id":"https:\/\/gelsomilano.com\/#organization","name":"Gelso Milano","url":"https:\/\/gelsomilano.com\/","sameAs":[],"logo":{"@type":"ImageObject","inLanguage":"it-IT","@id":"https:\/\/gelsomilano.com\/#\/schema\/logo\/image\/","url":"https:\/\/gelsomilano.com\/wp-content\/uploads\/2019\/02\/logo-gelso.png","contentUrl":"https:\/\/gelsomilano.com\/wp-content\/uploads\/2019\/02\/logo-gelso.png","width":304,"height":155,"caption":"Gelso Milano"},"image":{"@id":"https:\/\/gelsomilano.com\/#\/schema\/logo\/image\/"}},{"@type":"WebSite","@id":"https:\/\/gelsomilano.com\/#website","url":"https:\/\/gelsomilano.com\/","name":"Gelso Milano","description":"Discover the art of Italian artisanry, luxury of the best silk materials and unique eye catching designs with the Gelso Milano collection of the finest Italian silk pyjamas, accessories and bedding.","publisher":{"@id":"https:\/\/gelsomilano.com\/#organization"},"potentialAction":[{"@type":"SearchAction","target":{"@type":"EntryPoint","urlTemplate":"https:\/\/gelsomilano.com\/?s={search_term_string}"},"query-input":"required name=search_term_string"}],"inLanguage":"it-IT"},{"@type":"ImageObject","inLanguage":"it-IT","@id":"https:\/\/gelsomilano.com\/it\/#primaryimage","url":"https:\/\/gelsomilano.com\/wp-content\/uploads\/2019\/05\/homepage-slider-aloe.jpg","contentUrl":"https:\/\/gelsomilano.com\/wp-content\/uploads\/2019\/05\/homepage-slider-aloe.jpg","width":1920,"height":1080},{"@type":"WebPage","@id":"https:\/\/gelsomilano.com\/it\/#webpage","url":"https:\/\/gelsomilano.com\/it\/","name":"Gelso Milano | Silk, the most precious fabric for the best quality of sleep","isPartOf":{"@id":"https:\/\/gelsomilano.com\/#website"},"primaryImageOfPage":{"@id":"https:\/\/gelsomilano.com\/it\/#primaryimage"},"datePublished":"2018-05-08T11:51:25+00:00","dateModified":"2022-07-20T13:43:57+00:00","description":"Discover the art of Italian artisanry, luxury of the best silk materials and unique eye catching designs with the Gelso Milano collection of the finest Italian silk pyjamas, accessories and bedding.","breadcrumb":{"@id":"https:\/\/gelsomilano.com\/it\/#breadcrumb"},"inLanguage":"it-IT","potentialAction":[{"@type":"ReadAction","target":["https:\/\/gelsomilano.com\/it\/"]}]},{"@type":"BreadcrumbList","@id":"https:\/\/gelsomilano.com\/it\/#breadcrumb","itemListElement":[{"@type":"ListItem","position":1,"name":"Home","item":"https:\/\/gelsomilano.com\/it\/"},{"@type":"ListItem","position":2,"name":"Main Home"}]}]}},"_links":{"self":[{"href":"https:\/\/gelsomilano.com\/it\/wp-json\/wp\/v2\/pages\/5803"}],"collection":[{"href":"https:\/\/gelsomilano.com\/it\/wp-json\/wp\/v2\/pages"}],"about":[{"href":"https:\/\/gelsomilano.com\/it\/wp-json\/wp\/v2\/types\/page"}],"author":[{"embeddable":true,"href":"https:\/\/gelsomilano.com\/it\/wp-json\/wp\/v2\/users\/1"}],"replies":[{"embeddable":true,"href":"https:\/\/gelsomilano.com\/it\/wp-json\/wp\/v2\/comments?post=5803"}],"version-history":[{"count":30,"href":"https:\/\/gelsomilano.com\/it\/wp-json\/wp\/v2\/pages\/5803\/revisions"}],"predecessor-version":[{"id":8201,"href":"https:\/\/gelsomilano.com\/it\/wp-json\/wp\/v2\/pages\/5803\/revisions\/8201"}],"wp:attachment":[{"href":"https:\/\/gelsomilano.com\/it\/wp-json\/wp\/v2\/media?parent=5803"}],"curies":[{"name":"wp","href":"https:\/\/api.w.org\/{rel}","templated":true}]}}